{"id":819,"date":"2022-07-26T17:09:00","date_gmt":"2022-07-26T15:09:00","guid":{"rendered":"https:\/\/www.iesc.eu\/mrotronde\/datenschutzerklaerung\/"},"modified":"2022-07-26T17:09:00","modified_gmt":"2022-07-26T15:09:00","slug":"datenschutzerklaerung","status":"publish","type":"page","link":"https:\/\/www.iesc.eu\/mrotronde\/datenschutzerklaerung\/","title":{"rendered":"Datenschutzerkl\u00e4rung"},"content":{"rendered":"<h1>Datenschutzerkl\u00e4rung<\/h1>\n<p><p>In dieser Datenschutzerkl\u00e4rung informieren wir Sie \u00fcber die Verarbeitung Ihrer personenbezogenen Daten.<\/p>\n<p> Sofern Sie Ihre Datenschutzeinstellungen \u00e4ndern m\u00f6chten (Einwilligungen erteilen oder bereits erteilte Einwilligungen widerrufen), klicken Sie <a target=\"_blank\" href=\"#\" class=\"sp-dsgvo-show-privacy-popup\">hier<\/a> um Ihre Einstellungen zu \u00e4ndern.<\/p>\n<h2>Verantwortlich<\/h2>\n<p>IESC-Integrated Efficient Solutions &amp; Consulting GmbH, Ranzenbach 285, 2533 Klausen-Leopoldsdorf, \u00d6sterreich, <\/p>\n<h2>Hosting Provider<\/h2>\n<h3>World4You Internet Services GmbH<\/h3>\n<p><p>Wir hosten unsere Website bei unserem Auftragsverarbeiter <a target=\"_blank\" href=\"https:\/\/www.world4you.com\">World4You<\/a>, World4You Internet Services GmbH, Hafenstra\u00dfe 35, 4020 Linz, \u00d6sterreich.<\/p>\n<p>Zum Zweck der Bereitstellung und der Auslieferung der Website werden Verbindungsdaten verarbeitet. Zum blo\u00dfen Zweck der Auslieferung und Bereitstellung der Website werden die Daten \u00fcber den Aufruf hinaus nicht gespeichert.<\/p>\n<p>Die Rechtsgrundlage f\u00fcr die Datenverarbeitung ist die unbedingte technische Notwendigkeit zur Bereitstellung und Auslieferung des von Ihnen durch Ihren Aufruf ausdr\u00fccklich gew\u00fcnschten Dienstes &#8222;Website&#8220; gem\u00e4\u00df \u00a7 165 Abs. 3 TKG 2021.<\/p>\n<p>Zum Betrieb der Website werden die Verbindungsdaten und weitere personenbezogenen Daten zus\u00e4tzlich im Rahmen diverser anderer Funktionen bzw. Dienste verarbeitet. Dar\u00fcber wird im Rahmen dieser Datenschutzerkl\u00e4rung bei den einzelnen Funktionen bzw. Diensten im Detail informiert.<\/p>\n<\/p>\n<h2>Server Log Files<\/h2>\n<p><span><\/p>\n<p>Zum Zweck der \u00dcberwachung der technischen Funktion und zur Erh\u00f6hung der Betriebssicherheit unseres Webhosts werden Verbindungsdaten verarbeitet. Die Dauer der Verarbeitung ist auf 14 Tage beschr\u00e4nkt.<\/p>\n<p>Die Rechtsgrundlage f\u00fcr die Datenverarbeitung ist die unbedingte technische Notwendigkeit eines Server Log Files als grundlegende Datenbasis zur Fehleranalyse und f\u00fcr Sicherheitsma\u00dfnahmen im Rahmen des durch Ihren Aufruf ausdr\u00fccklich gew\u00fcnschten Dienstes &#8222;Website&#8220; gem\u00e4\u00df \u00a7 165 Abs. 3 TKG 2021.<\/p>\n<p><\/span><\/p>\n<h2>Web Schriften<\/h2>\n<h2>Analysedienste<\/h2>\n<h3>WP Statistics<\/h3>\n<p><p>Zum Zweck der Suche und Analyse von Fehlern, der Auswertung der Nutzung und der Ableitung von Ma\u00dfnahmen zur zuk\u00fcnftigen Weiterentwicklung unserer Website verarbeiten wir Ihre Daten mit Hilfe der lokalen Analysesoftware <a target=\"_blank\" href=\"https:\/\/wordpress.org\/plugins\/wp-statistics\/\">WP-Statistics<\/a>, WordPress.<\/p>\n<p>Da es sich bei diesem Dienst um ein lokales Analysetool handelt, werden keinerlei personenbezogene Daten an den Diensteanbieter oder an Dritte weitergeleitet. Zudem werden Ihre personenbezogenen Daten unmittelbar nach Erhebung anonymisiert. Eine \u00fcber den ersten Verarbeitungsschritt hinausgehende Speicherung von personenbezogenen Daten findet daher nicht statt.<\/p>\n<p>Die Rechtsgrundlage f\u00fcr die Datenverarbeitung ist die unbedingte technische Notwendigkeit zur Bereitstellung und Auslieferung des von Ihnen durch Ihren Aufruf ausdr\u00fccklich gew\u00fcnschten Dienstes &#8222;Website&#8220; gem\u00e4\u00df \u00a7 165 Abs. 3 TKG 2021.<\/p>\n<\/p>\n<h2>Widerspruchsrecht<\/h2>\n<p><p>Sofern die Verarbeitung Ihrer personenbezogenen Daten auf Grundlage des berechtigten Interesses erfolgt, haben Sie das Recht gegen diese Verarbeitung zu widersprechen.<\/p>\n<p>Sofern keine zwingenden schutzw\u00fcrdigen Gr\u00fcnde f\u00fcr die Verarbeitung unsererseits vorliegen, wird die Verarbeitung Ihrer Daten auf Basis dieser Rechtsgrundlage eingestellt.<\/p>\n<p>Zudem haben Sie das Recht, der Verarbeitung Ihrer personenbezogenen Daten zum Zweck der Direktwerbung zu widersprechen. Im Fall des Widerspruchs werden Ihre personenbezogenen Daten nicht mehr zum Zweck der Direktwerbung verarbeitet.<\/p>\n<p>Die Rechtm\u00e4\u00dfigkeit der bis zum Widerspruch verarbeiteten Daten wird durch den Widerspruch nicht ber\u00fchrt.<\/p>\n<\/p>\n<h2>Widerrufsrecht<\/h2>\n<p><p>Sie haben das Recht eine bereits erteilte Einwilligung jederzeit zu widerrufen, indem Sie die <a target=\"_blank\" class=\"lwb-ppsp\" href=\"#\" title=\"Datenschutzeinstellungen\">Datenschutzeinstellungen<\/a> \u00e4ndern.<\/p>\n<p>Im Fall der Einwilligung in den Erhalt elektronischer Werbung kann der Widerruf Ihrer Einwilligung durch Klick auf den Abmeldelink erfolgen. In diesem Fall wird eine Verarbeitung, sofern keine andere Rechtsgrundlage besteht, eingestellt.<\/p>\n<p>Die Rechtm\u00e4\u00dfigkeit der bis zum Widerruf verarbeiteten Daten wird durch den Widerruf nicht ber\u00fchrt.<\/p>\n<\/p>\n<h2>Betroffenenrechte<\/h2>\n<p><p>Sie haben zudem das Recht auf Auskunft, Berichtigung, L\u00f6schung und Einschr\u00e4nkung der Verarbeitung der personenbezogenen Daten.<\/p>\n<p>Soweit die Rechtsgrundlage der Verarbeitung Ihrer personenbezogenen Daten in Ihrer Einwilligung oder in einem mit Ihnen abgeschlossenen Vertrag besteht, haben Sie \u00fcberdies das Recht auf Daten\u00fcbertragbarkeit. <\/p>\n<p>Weiters haben Sie das Recht auf Beschwerde bei der Aufsichtsbeh\u00f6rde. N\u00e4here Informationen zu den Aufsichtsbeh\u00f6rden in der Europ\u00e4ischen Union finden Sie <a target=\"_blank\" href=\"https:\/\/ec.europa.eu\/justice\/article-29\/structure\/data-protection-authorities\/index_en.htm\" title=\"Datenschutzbeh\u00f6rden\">hier<\/a>.<\/p><\/p>\n\n","protected":false},"excerpt":{"rendered":"","protected":false},"author":2,"featured_media":0,"parent":0,"menu_order":0,"comment_status":"closed","ping_status":"closed","template":"","meta":{"footnotes":""},"class_list":["post-819","page","type-page","status-publish","hentry"],"yoast_head":"<!-- This site is optimized with the Yoast SEO plugin v27.3 - https:\/\/yoast.com\/product\/yoast-seo-wordpress\/ -->\n<title>Datenschutzerkl\u00e4rung - mrotronde<\/title>\n<meta name=\"robots\" content=\"index, follow, max-snippet:-1, max-image-preview:large, max-video-preview:-1\" \/>\n<link rel=\"canonical\" href=\"https:\/\/www.iesc.eu\/mrotronde\/datenschutzerklaerung\/\" \/>\n<meta property=\"og:locale\" content=\"de_DE\" \/>\n<meta property=\"og:type\" content=\"article\" \/>\n<meta property=\"og:title\" content=\"Datenschutzerkl\u00e4rung - mrotronde\" \/>\n<meta property=\"og:url\" content=\"https:\/\/www.iesc.eu\/mrotronde\/datenschutzerklaerung\/\" \/>\n<meta property=\"og:site_name\" content=\"mrotronde\" \/>\n<meta name=\"twitter:card\" content=\"summary_large_image\" \/>\n<script type=\"application\/ld+json\" class=\"yoast-schema-graph\">{\"@context\":\"https:\\\/\\\/schema.org\",\"@graph\":[{\"@type\":\"WebPage\",\"@id\":\"https:\\\/\\\/www.iesc.eu\\\/mrotronde\\\/datenschutzerklaerung\\\/\",\"url\":\"https:\\\/\\\/www.iesc.eu\\\/mrotronde\\\/datenschutzerklaerung\\\/\",\"name\":\"Datenschutzerkl\u00e4rung - mrotronde\",\"isPartOf\":{\"@id\":\"https:\\\/\\\/www.iesc.eu\\\/mrotronde\\\/#website\"},\"datePublished\":\"2022-07-26T15:09:00+00:00\",\"breadcrumb\":{\"@id\":\"https:\\\/\\\/www.iesc.eu\\\/mrotronde\\\/datenschutzerklaerung\\\/#breadcrumb\"},\"inLanguage\":\"de\",\"potentialAction\":[{\"@type\":\"ReadAction\",\"target\":[\"https:\\\/\\\/www.iesc.eu\\\/mrotronde\\\/datenschutzerklaerung\\\/\"]}]},{\"@type\":\"BreadcrumbList\",\"@id\":\"https:\\\/\\\/www.iesc.eu\\\/mrotronde\\\/datenschutzerklaerung\\\/#breadcrumb\",\"itemListElement\":[{\"@type\":\"ListItem\",\"position\":1,\"name\":\"Startseite\",\"item\":\"https:\\\/\\\/www.iesc.eu\\\/mrotronde\\\/\"},{\"@type\":\"ListItem\",\"position\":2,\"name\":\"Datenschutzerkl\u00e4rung\"}]},{\"@type\":\"WebSite\",\"@id\":\"https:\\\/\\\/www.iesc.eu\\\/mrotronde\\\/#website\",\"url\":\"https:\\\/\\\/www.iesc.eu\\\/mrotronde\\\/\",\"name\":\"mrotronde\",\"description\":\"\",\"publisher\":{\"@id\":\"https:\\\/\\\/www.iesc.eu\\\/mrotronde\\\/#organization\"},\"potentialAction\":[{\"@type\":\"SearchAction\",\"target\":{\"@type\":\"EntryPoint\",\"urlTemplate\":\"https:\\\/\\\/www.iesc.eu\\\/mrotronde\\\/?s={search_term_string}\"},\"query-input\":{\"@type\":\"PropertyValueSpecification\",\"valueRequired\":true,\"valueName\":\"search_term_string\"}}],\"inLanguage\":\"de\"},{\"@type\":\"Organization\",\"@id\":\"https:\\\/\\\/www.iesc.eu\\\/mrotronde\\\/#organization\",\"name\":\"IESC-Integrated Efficient Solutions & Consulting GmbH\",\"url\":\"https:\\\/\\\/www.iesc.eu\\\/mrotronde\\\/\",\"logo\":{\"@type\":\"ImageObject\",\"inLanguage\":\"de\",\"@id\":\"https:\\\/\\\/www.iesc.eu\\\/mrotronde\\\/#\\\/schema\\\/logo\\\/image\\\/\",\"url\":\"https:\\\/\\\/www.iesc.eu\\\/mrotronde\\\/wp-content\\\/uploads\\\/2022\\\/07\\\/IESC_logo_343_140.png\",\"contentUrl\":\"https:\\\/\\\/www.iesc.eu\\\/mrotronde\\\/wp-content\\\/uploads\\\/2022\\\/07\\\/IESC_logo_343_140.png\",\"width\":343,\"height\":140,\"caption\":\"IESC-Integrated Efficient Solutions & Consulting GmbH\"},\"image\":{\"@id\":\"https:\\\/\\\/www.iesc.eu\\\/mrotronde\\\/#\\\/schema\\\/logo\\\/image\\\/\"},\"sameAs\":[\"https:\\\/\\\/www.linkedin.com\\\/company\\\/iesc-integrated-efficient-solutions-&amp;-consulting-gmbh\"]}]}<\/script>\n<!-- \/ Yoast SEO plugin. -->","yoast_head_json":{"title":"Datenschutzerkl\u00e4rung - mrotronde","robots":{"index":"index","follow":"follow","max-snippet":"max-snippet:-1","max-image-preview":"max-image-preview:large","max-video-preview":"max-video-preview:-1"},"canonical":"https:\/\/www.iesc.eu\/mrotronde\/datenschutzerklaerung\/","og_locale":"de_DE","og_type":"article","og_title":"Datenschutzerkl\u00e4rung - mrotronde","og_url":"https:\/\/www.iesc.eu\/mrotronde\/datenschutzerklaerung\/","og_site_name":"mrotronde","twitter_card":"summary_large_image","schema":{"@context":"https:\/\/schema.org","@graph":[{"@type":"WebPage","@id":"https:\/\/www.iesc.eu\/mrotronde\/datenschutzerklaerung\/","url":"https:\/\/www.iesc.eu\/mrotronde\/datenschutzerklaerung\/","name":"Datenschutzerkl\u00e4rung - mrotronde","isPartOf":{"@id":"https:\/\/www.iesc.eu\/mrotronde\/#website"},"datePublished":"2022-07-26T15:09:00+00:00","breadcrumb":{"@id":"https:\/\/www.iesc.eu\/mrotronde\/datenschutzerklaerung\/#breadcrumb"},"inLanguage":"de","potentialAction":[{"@type":"ReadAction","target":["https:\/\/www.iesc.eu\/mrotronde\/datenschutzerklaerung\/"]}]},{"@type":"BreadcrumbList","@id":"https:\/\/www.iesc.eu\/mrotronde\/datenschutzerklaerung\/#breadcrumb","itemListElement":[{"@type":"ListItem","position":1,"name":"Startseite","item":"https:\/\/www.iesc.eu\/mrotronde\/"},{"@type":"ListItem","position":2,"name":"Datenschutzerkl\u00e4rung"}]},{"@type":"WebSite","@id":"https:\/\/www.iesc.eu\/mrotronde\/#website","url":"https:\/\/www.iesc.eu\/mrotronde\/","name":"mrotronde","description":"","publisher":{"@id":"https:\/\/www.iesc.eu\/mrotronde\/#organization"},"potentialAction":[{"@type":"SearchAction","target":{"@type":"EntryPoint","urlTemplate":"https:\/\/www.iesc.eu\/mrotronde\/?s={search_term_string}"},"query-input":{"@type":"PropertyValueSpecification","valueRequired":true,"valueName":"search_term_string"}}],"inLanguage":"de"},{"@type":"Organization","@id":"https:\/\/www.iesc.eu\/mrotronde\/#organization","name":"IESC-Integrated Efficient Solutions & Consulting GmbH","url":"https:\/\/www.iesc.eu\/mrotronde\/","logo":{"@type":"ImageObject","inLanguage":"de","@id":"https:\/\/www.iesc.eu\/mrotronde\/#\/schema\/logo\/image\/","url":"https:\/\/www.iesc.eu\/mrotronde\/wp-content\/uploads\/2022\/07\/IESC_logo_343_140.png","contentUrl":"https:\/\/www.iesc.eu\/mrotronde\/wp-content\/uploads\/2022\/07\/IESC_logo_343_140.png","width":343,"height":140,"caption":"IESC-Integrated Efficient Solutions & Consulting GmbH"},"image":{"@id":"https:\/\/www.iesc.eu\/mrotronde\/#\/schema\/logo\/image\/"},"sameAs":["https:\/\/www.linkedin.com\/company\/iesc-integrated-efficient-solutions-&amp;-consulting-gmbh"]}]}},"_links":{"self":[{"href":"https:\/\/www.iesc.eu\/mrotronde\/wp-json\/wp\/v2\/pages\/819","targetHints":{"allow":["GET"]}}],"collection":[{"href":"https:\/\/www.iesc.eu\/mrotronde\/wp-json\/wp\/v2\/pages"}],"about":[{"href":"https:\/\/www.iesc.eu\/mrotronde\/wp-json\/wp\/v2\/types\/page"}],"author":[{"embeddable":true,"href":"https:\/\/www.iesc.eu\/mrotronde\/wp-json\/wp\/v2\/users\/2"}],"replies":[{"embeddable":true,"href":"https:\/\/www.iesc.eu\/mrotronde\/wp-json\/wp\/v2\/comments?post=819"}],"version-history":[{"count":0,"href":"https:\/\/www.iesc.eu\/mrotronde\/wp-json\/wp\/v2\/pages\/819\/revisions"}],"wp:attachment":[{"href":"https:\/\/www.iesc.eu\/mrotronde\/wp-json\/wp\/v2\/media?parent=819"}],"curies":[{"name":"wp","href":"https:\/\/api.w.org\/{rel}","templated":true}]}}