{"id":69,"date":"2022-07-26T17:47:16","date_gmt":"2022-07-26T15:47:16","guid":{"rendered":"http:\/\/localhost:8081\/wordpress\/?page_id=69"},"modified":"2022-07-26T17:47:18","modified_gmt":"2022-07-26T15:47:18","slug":"workflow","status":"publish","type":"page","link":"https:\/\/www.iesc.eu\/mrotronde\/mrotron-2\/workflow\/","title":{"rendered":"Arbeitsablauf"},"content":{"rendered":"<div id=\"workflow\">\n<p>MROTRON<sup>\u00ae&nbsp;<\/sup> stellt einen durchgehenden automatisierten Arbeitsablauf dar<!--more --> der, unter Nutzung der innovativsten Technologien,&nbsp;Ihre individuellen Bed\u00fcrfnisse an jeden einzelnen Auftrag anpasst. Ihre Daten werden dann angezeigt wenn Sie sie ben\u00f6tigen, wo Sie sie ben\u00f6tigen und im&nbsp;richtigen Format. Zu jeder Zeit erhalten Sie einen \u00dcberblick \u00fcber den Fortschritt aller Ihrer Auftr\u00e4ge, der ben\u00f6tigten wie der vorhandenen Ressourcen, zum jetzigen wie zu jedem beliebigen zuk\u00fcnftigen Zeitpunkt.<\/p>\n<p>&nbsp;<\/p>\n<p>Erh\u00f6hen Sie die&nbsp;Kompetenz Ihres Betriebes mit Hilfe der in MROTRON<sup><span style=\"font-size: small;\">\u00ae<\/span><\/sup>&nbsp; bereits implementierten Soll-Ist-Vergleiche.<\/p>\n<p>Steigern Sie die Zufriedenheit Ihrer Kunden, indem Sie sie in den Status-Informationsfluss mit einbeziehen, so wie&nbsp;sie sich das Ihre Kunden schon immer gew\u00fcnscht haben.<\/p>\n<p>Sie ben\u00f6tigen Arbeitsabl\u00e4ufe mit sehr individuellen Arbeitsschritten? Profitieren Sie von den sehr flexiblen Einstellm\u00f6glichkeiten in MROTRON<sup>\u00ae<\/sup>&nbsp; .<\/p>\n<\/div>\n","protected":false},"excerpt":{"rendered":"<p>MROTRON\u00ae&nbsp; stellt einen durchgehenden automatisierten Arbeitsablauf dar<\/p>\n","protected":false},"author":2,"featured_media":178,"parent":31,"menu_order":30,"comment_status":"closed","ping_status":"closed","template":"","meta":{"footnotes":""},"class_list":["post-69","page","type-page","status-publish","has-post-thumbnail","hentry"],"yoast_head":"<!-- This site is optimized with the Yoast SEO plugin v27.3 - https:\/\/yoast.com\/product\/yoast-seo-wordpress\/ -->\n<title>Mrotron - Arbeitsablauf<\/title>\n<meta name=\"description\" content=\"MROTRON\u00ae stellt einen durchgehenden automatischen Arbeitsablauf dar der, unter Nutzung der innovativsten Technologien, Ihre individuellen Bed\u00fcrfnisse an jeden einzelnen Auftrag anpasst\" \/>\n<meta name=\"robots\" content=\"index, follow, max-snippet:-1, max-image-preview:large, max-video-preview:-1\" \/>\n<link rel=\"canonical\" href=\"https:\/\/www.iesc.eu\/mrotronde\/mrotron-2\/workflow\/\" \/>\n<meta property=\"og:locale\" content=\"de_DE\" \/>\n<meta property=\"og:type\" content=\"article\" \/>\n<meta property=\"og:title\" content=\"Mrotron - Arbeitsablauf\" \/>\n<meta property=\"og:description\" content=\"MROTRON\u00ae stellt einen durchgehenden automatischen Arbeitsablauf dar der, unter Nutzung der innovativsten Technologien, Ihre individuellen Bed\u00fcrfnisse an jeden einzelnen Auftrag anpasst\" \/>\n<meta property=\"og:url\" content=\"https:\/\/www.iesc.eu\/mrotronde\/mrotron-2\/workflow\/\" \/>\n<meta property=\"og:site_name\" content=\"mrotronde\" \/>\n<meta property=\"article:modified_time\" content=\"2022-07-26T15:47:18+00:00\" \/>\n<meta property=\"og:image\" content=\"https:\/\/www.iesc.eu\/mrotronde\/wp-content\/uploads\/2015\/08\/Workflow_rev1.png\" \/>\n\t<meta property=\"og:image:width\" content=\"66\" \/>\n\t<meta property=\"og:image:height\" content=\"64\" \/>\n\t<meta property=\"og:image:type\" content=\"image\/png\" \/>\n<meta name=\"twitter:card\" content=\"summary_large_image\" \/>\n<meta name=\"twitter:label1\" content=\"Gesch\u00e4tzte Lesezeit\" \/>\n\t<meta name=\"twitter:data1\" content=\"1\u00a0Minute\" \/>\n<script type=\"application\/ld+json\" class=\"yoast-schema-graph\">{\"@context\":\"https:\\\/\\\/schema.org\",\"@graph\":[{\"@type\":\"WebPage\",\"@id\":\"https:\\\/\\\/www.iesc.eu\\\/mrotronde\\\/mrotron-2\\\/workflow\\\/\",\"url\":\"https:\\\/\\\/www.iesc.eu\\\/mrotronde\\\/mrotron-2\\\/workflow\\\/\",\"name\":\"Mrotron - Arbeitsablauf\",\"isPartOf\":{\"@id\":\"https:\\\/\\\/www.iesc.eu\\\/mrotronde\\\/#website\"},\"primaryImageOfPage\":{\"@id\":\"https:\\\/\\\/www.iesc.eu\\\/mrotronde\\\/mrotron-2\\\/workflow\\\/#primaryimage\"},\"image\":{\"@id\":\"https:\\\/\\\/www.iesc.eu\\\/mrotronde\\\/mrotron-2\\\/workflow\\\/#primaryimage\"},\"thumbnailUrl\":\"https:\\\/\\\/www.iesc.eu\\\/mrotronde\\\/wp-content\\\/uploads\\\/2015\\\/08\\\/Workflow_rev1.png\",\"datePublished\":\"2022-07-26T15:47:16+00:00\",\"dateModified\":\"2022-07-26T15:47:18+00:00\",\"description\":\"MROTRON\u00ae stellt einen durchgehenden automatischen Arbeitsablauf dar der, unter Nutzung der innovativsten Technologien, Ihre individuellen Bed\u00fcrfnisse an jeden einzelnen Auftrag anpasst\",\"breadcrumb\":{\"@id\":\"https:\\\/\\\/www.iesc.eu\\\/mrotronde\\\/mrotron-2\\\/workflow\\\/#breadcrumb\"},\"inLanguage\":\"de\",\"potentialAction\":[{\"@type\":\"ReadAction\",\"target\":[\"https:\\\/\\\/www.iesc.eu\\\/mrotronde\\\/mrotron-2\\\/workflow\\\/\"]}]},{\"@type\":\"ImageObject\",\"inLanguage\":\"de\",\"@id\":\"https:\\\/\\\/www.iesc.eu\\\/mrotronde\\\/mrotron-2\\\/workflow\\\/#primaryimage\",\"url\":\"https:\\\/\\\/www.iesc.eu\\\/mrotronde\\\/wp-content\\\/uploads\\\/2015\\\/08\\\/Workflow_rev1.png\",\"contentUrl\":\"https:\\\/\\\/www.iesc.eu\\\/mrotronde\\\/wp-content\\\/uploads\\\/2015\\\/08\\\/Workflow_rev1.png\",\"width\":66,\"height\":64},{\"@type\":\"BreadcrumbList\",\"@id\":\"https:\\\/\\\/www.iesc.eu\\\/mrotronde\\\/mrotron-2\\\/workflow\\\/#breadcrumb\",\"itemListElement\":[{\"@type\":\"ListItem\",\"position\":1,\"name\":\"Startseite\",\"item\":\"https:\\\/\\\/www.iesc.eu\\\/mrotronde\\\/\"},{\"@type\":\"ListItem\",\"position\":2,\"name\":\"Arbeitsablauf\"}]},{\"@type\":\"WebSite\",\"@id\":\"https:\\\/\\\/www.iesc.eu\\\/mrotronde\\\/#website\",\"url\":\"https:\\\/\\\/www.iesc.eu\\\/mrotronde\\\/\",\"name\":\"mrotronde\",\"description\":\"\",\"publisher\":{\"@id\":\"https:\\\/\\\/www.iesc.eu\\\/mrotronde\\\/#organization\"},\"potentialAction\":[{\"@type\":\"SearchAction\",\"target\":{\"@type\":\"EntryPoint\",\"urlTemplate\":\"https:\\\/\\\/www.iesc.eu\\\/mrotronde\\\/?s={search_term_string}\"},\"query-input\":{\"@type\":\"PropertyValueSpecification\",\"valueRequired\":true,\"valueName\":\"search_term_string\"}}],\"inLanguage\":\"de\"},{\"@type\":\"Organization\",\"@id\":\"https:\\\/\\\/www.iesc.eu\\\/mrotronde\\\/#organization\",\"name\":\"IESC-Integrated Efficient Solutions & Consulting GmbH\",\"url\":\"https:\\\/\\\/www.iesc.eu\\\/mrotronde\\\/\",\"logo\":{\"@type\":\"ImageObject\",\"inLanguage\":\"de\",\"@id\":\"https:\\\/\\\/www.iesc.eu\\\/mrotronde\\\/#\\\/schema\\\/logo\\\/image\\\/\",\"url\":\"https:\\\/\\\/www.iesc.eu\\\/mrotronde\\\/wp-content\\\/uploads\\\/2022\\\/07\\\/IESC_logo_343_140.png\",\"contentUrl\":\"https:\\\/\\\/www.iesc.eu\\\/mrotronde\\\/wp-content\\\/uploads\\\/2022\\\/07\\\/IESC_logo_343_140.png\",\"width\":343,\"height\":140,\"caption\":\"IESC-Integrated Efficient Solutions & Consulting GmbH\"},\"image\":{\"@id\":\"https:\\\/\\\/www.iesc.eu\\\/mrotronde\\\/#\\\/schema\\\/logo\\\/image\\\/\"},\"sameAs\":[\"https:\\\/\\\/www.linkedin.com\\\/company\\\/iesc-integrated-efficient-solutions-&amp;-consulting-gmbh\"]}]}<\/script>\n<!-- \/ Yoast SEO plugin. -->","yoast_head_json":{"title":"Mrotron - Arbeitsablauf","description":"MROTRON\u00ae stellt einen durchgehenden automatischen Arbeitsablauf dar der, unter Nutzung der innovativsten Technologien, Ihre individuellen Bed\u00fcrfnisse an jeden einzelnen Auftrag anpasst","robots":{"index":"index","follow":"follow","max-snippet":"max-snippet:-1","max-image-preview":"max-image-preview:large","max-video-preview":"max-video-preview:-1"},"canonical":"https:\/\/www.iesc.eu\/mrotronde\/mrotron-2\/workflow\/","og_locale":"de_DE","og_type":"article","og_title":"Mrotron - Arbeitsablauf","og_description":"MROTRON\u00ae stellt einen durchgehenden automatischen Arbeitsablauf dar der, unter Nutzung der innovativsten Technologien, Ihre individuellen Bed\u00fcrfnisse an jeden einzelnen Auftrag anpasst","og_url":"https:\/\/www.iesc.eu\/mrotronde\/mrotron-2\/workflow\/","og_site_name":"mrotronde","article_modified_time":"2022-07-26T15:47:18+00:00","og_image":[{"width":66,"height":64,"url":"https:\/\/www.iesc.eu\/mrotronde\/wp-content\/uploads\/2015\/08\/Workflow_rev1.png","type":"image\/png"}],"twitter_card":"summary_large_image","twitter_misc":{"Gesch\u00e4tzte Lesezeit":"1\u00a0Minute"},"schema":{"@context":"https:\/\/schema.org","@graph":[{"@type":"WebPage","@id":"https:\/\/www.iesc.eu\/mrotronde\/mrotron-2\/workflow\/","url":"https:\/\/www.iesc.eu\/mrotronde\/mrotron-2\/workflow\/","name":"Mrotron - Arbeitsablauf","isPartOf":{"@id":"https:\/\/www.iesc.eu\/mrotronde\/#website"},"primaryImageOfPage":{"@id":"https:\/\/www.iesc.eu\/mrotronde\/mrotron-2\/workflow\/#primaryimage"},"image":{"@id":"https:\/\/www.iesc.eu\/mrotronde\/mrotron-2\/workflow\/#primaryimage"},"thumbnailUrl":"https:\/\/www.iesc.eu\/mrotronde\/wp-content\/uploads\/2015\/08\/Workflow_rev1.png","datePublished":"2022-07-26T15:47:16+00:00","dateModified":"2022-07-26T15:47:18+00:00","description":"MROTRON\u00ae stellt einen durchgehenden automatischen Arbeitsablauf dar der, unter Nutzung der innovativsten Technologien, Ihre individuellen Bed\u00fcrfnisse an jeden einzelnen Auftrag anpasst","breadcrumb":{"@id":"https:\/\/www.iesc.eu\/mrotronde\/mrotron-2\/workflow\/#breadcrumb"},"inLanguage":"de","potentialAction":[{"@type":"ReadAction","target":["https:\/\/www.iesc.eu\/mrotronde\/mrotron-2\/workflow\/"]}]},{"@type":"ImageObject","inLanguage":"de","@id":"https:\/\/www.iesc.eu\/mrotronde\/mrotron-2\/workflow\/#primaryimage","url":"https:\/\/www.iesc.eu\/mrotronde\/wp-content\/uploads\/2015\/08\/Workflow_rev1.png","contentUrl":"https:\/\/www.iesc.eu\/mrotronde\/wp-content\/uploads\/2015\/08\/Workflow_rev1.png","width":66,"height":64},{"@type":"BreadcrumbList","@id":"https:\/\/www.iesc.eu\/mrotronde\/mrotron-2\/workflow\/#breadcrumb","itemListElement":[{"@type":"ListItem","position":1,"name":"Startseite","item":"https:\/\/www.iesc.eu\/mrotronde\/"},{"@type":"ListItem","position":2,"name":"Arbeitsablauf"}]},{"@type":"WebSite","@id":"https:\/\/www.iesc.eu\/mrotronde\/#website","url":"https:\/\/www.iesc.eu\/mrotronde\/","name":"mrotronde","description":"","publisher":{"@id":"https:\/\/www.iesc.eu\/mrotronde\/#organization"},"potentialAction":[{"@type":"SearchAction","target":{"@type":"EntryPoint","urlTemplate":"https:\/\/www.iesc.eu\/mrotronde\/?s={search_term_string}"},"query-input":{"@type":"PropertyValueSpecification","valueRequired":true,"valueName":"search_term_string"}}],"inLanguage":"de"},{"@type":"Organization","@id":"https:\/\/www.iesc.eu\/mrotronde\/#organization","name":"IESC-Integrated Efficient Solutions & Consulting GmbH","url":"https:\/\/www.iesc.eu\/mrotronde\/","logo":{"@type":"ImageObject","inLanguage":"de","@id":"https:\/\/www.iesc.eu\/mrotronde\/#\/schema\/logo\/image\/","url":"https:\/\/www.iesc.eu\/mrotronde\/wp-content\/uploads\/2022\/07\/IESC_logo_343_140.png","contentUrl":"https:\/\/www.iesc.eu\/mrotronde\/wp-content\/uploads\/2022\/07\/IESC_logo_343_140.png","width":343,"height":140,"caption":"IESC-Integrated Efficient Solutions & Consulting GmbH"},"image":{"@id":"https:\/\/www.iesc.eu\/mrotronde\/#\/schema\/logo\/image\/"},"sameAs":["https:\/\/www.linkedin.com\/company\/iesc-integrated-efficient-solutions-&amp;-consulting-gmbh"]}]}},"_links":{"self":[{"href":"https:\/\/www.iesc.eu\/mrotronde\/wp-json\/wp\/v2\/pages\/69","targetHints":{"allow":["GET"]}}],"collection":[{"href":"https:\/\/www.iesc.eu\/mrotronde\/wp-json\/wp\/v2\/pages"}],"about":[{"href":"https:\/\/www.iesc.eu\/mrotronde\/wp-json\/wp\/v2\/types\/page"}],"author":[{"embeddable":true,"href":"https:\/\/www.iesc.eu\/mrotronde\/wp-json\/wp\/v2\/users\/2"}],"replies":[{"embeddable":true,"href":"https:\/\/www.iesc.eu\/mrotronde\/wp-json\/wp\/v2\/comments?post=69"}],"version-history":[{"count":14,"href":"https:\/\/www.iesc.eu\/mrotronde\/wp-json\/wp\/v2\/pages\/69\/revisions"}],"predecessor-version":[{"id":832,"href":"https:\/\/www.iesc.eu\/mrotronde\/wp-json\/wp\/v2\/pages\/69\/revisions\/832"}],"up":[{"embeddable":true,"href":"https:\/\/www.iesc.eu\/mrotronde\/wp-json\/wp\/v2\/pages\/31"}],"wp:featuredmedia":[{"embeddable":true,"href":"https:\/\/www.iesc.eu\/mrotronde\/wp-json\/wp\/v2\/media\/178"}],"wp:attachment":[{"href":"https:\/\/www.iesc.eu\/mrotronde\/wp-json\/wp\/v2\/media?parent=69"}],"curies":[{"name":"wp","href":"https:\/\/api.w.org\/{rel}","templated":true}]}}