{"id":372,"date":"2022-07-26T18:06:37","date_gmt":"2022-07-26T16:06:37","guid":{"rendered":"http:\/\/localhost:8081\/wordpress\/?page_id=372"},"modified":"2022-07-26T19:24:03","modified_gmt":"2022-07-26T17:24:03","slug":"module-doc-admin","status":"publish","type":"page","link":"https:\/\/www.iesc.eu\/mrotronde\/module-doc-admin\/","title":{"rendered":"Modul Dokumentenverwaltung"},"content":{"rendered":"<p>Versorgen Sie sich und Ihre Kunden mit der neuesten Version aller Arten von Dokumenten<\/p>\n<ul>\n<li>F\u00fcgen Sie neue Dokumente mit der Scanfunktion hinzu oder lassen Sie sie automatisch direkt aus der Dokumentenquelle importieren<\/li>\n<li>selbsterkl\u00e4rendes flexibles Einrichten der Importfunktion<\/li>\n<li>Beinhaltet eine Scheduler- und Trigger-Funktion zur \u00dcberpr\u00fcfung auf neue Revisionen<\/li>\n<li>Abrufen neuer Dokumente aus einer Vielzahl elektronischer Medien wie dem Internet oder E-Mails<\/li>\n<li>automatische Stichwortvergabe<\/li>\n<li>Dokumentenrevisionsverfolgung<\/li>\n<li>Dokumentenverteilung<\/li>\n<\/ul>\n<p><a id=\"ab\" href=\"https:\/\/www.iesc.eu\/mrotronde\/mrotron-2\/modules\/\">Zur\u00fcck zur Modul\u00fcbersicht<\/a><\/p>\n","protected":false},"excerpt":{"rendered":"<p>Versorgen Sie sich und Ihre Kunden mit der neuesten Version aller Arten von Dokumenten F\u00fcgen Sie neue Dokumente mit der Scanfunktion hinzu oder lassen Sie sie automatisch direkt aus der Dokumentenquelle importieren selbsterkl\u00e4rendes flexibles Einrichten der Importfunktion Beinhaltet eine Scheduler- und Trigger-Funktion zur \u00dcberpr\u00fcfung auf neue Revisionen Abrufen neuer Dokumente aus einer Vielzahl elektronischer Medien&#8230;<\/p>\n","protected":false},"author":2,"featured_media":0,"parent":0,"menu_order":0,"comment_status":"closed","ping_status":"closed","template":"","meta":{"footnotes":""},"class_list":["post-372","page","type-page","status-publish","hentry"],"yoast_head":"<!-- This site is optimized with the Yoast SEO plugin v27.3 - https:\/\/yoast.com\/product\/yoast-seo-wordpress\/ -->\n<title>Mrotron - Modul Dokumentenverwaltung<\/title>\n<meta name=\"description\" content=\"Versorgen Sie sich und Ihre Kunden in Mrotron mit den aktuellen Revisionen der ben\u00f6tigten Dokumente\" \/>\n<meta name=\"robots\" content=\"index, follow, max-snippet:-1, max-image-preview:large, max-video-preview:-1\" \/>\n<link rel=\"canonical\" href=\"https:\/\/www.iesc.eu\/mrotronde\/module-doc-admin\/\" \/>\n<meta property=\"og:locale\" content=\"de_DE\" \/>\n<meta property=\"og:type\" content=\"article\" \/>\n<meta property=\"og:title\" content=\"Mrotron - Modul Dokumentenverwaltung\" \/>\n<meta property=\"og:description\" content=\"Versorgen Sie sich und Ihre Kunden in Mrotron mit den aktuellen Revisionen der ben\u00f6tigten Dokumente\" \/>\n<meta property=\"og:url\" content=\"https:\/\/www.iesc.eu\/mrotronde\/module-doc-admin\/\" \/>\n<meta property=\"og:site_name\" content=\"mrotronde\" \/>\n<meta property=\"article:modified_time\" content=\"2022-07-26T17:24:03+00:00\" \/>\n<meta name=\"twitter:card\" content=\"summary_large_image\" \/>\n<meta name=\"twitter:label1\" content=\"Gesch\u00e4tzte Lesezeit\" \/>\n\t<meta name=\"twitter:data1\" content=\"1\u00a0Minute\" \/>\n<script type=\"application\/ld+json\" class=\"yoast-schema-graph\">{\"@context\":\"https:\\\/\\\/schema.org\",\"@graph\":[{\"@type\":\"WebPage\",\"@id\":\"https:\\\/\\\/www.iesc.eu\\\/mrotronde\\\/module-doc-admin\\\/\",\"url\":\"https:\\\/\\\/www.iesc.eu\\\/mrotronde\\\/module-doc-admin\\\/\",\"name\":\"Mrotron - Modul Dokumentenverwaltung\",\"isPartOf\":{\"@id\":\"https:\\\/\\\/www.iesc.eu\\\/mrotronde\\\/#website\"},\"datePublished\":\"2022-07-26T16:06:37+00:00\",\"dateModified\":\"2022-07-26T17:24:03+00:00\",\"description\":\"Versorgen Sie sich und Ihre Kunden in Mrotron mit den aktuellen Revisionen der ben\u00f6tigten Dokumente\",\"breadcrumb\":{\"@id\":\"https:\\\/\\\/www.iesc.eu\\\/mrotronde\\\/module-doc-admin\\\/#breadcrumb\"},\"inLanguage\":\"de\",\"potentialAction\":[{\"@type\":\"ReadAction\",\"target\":[\"https:\\\/\\\/www.iesc.eu\\\/mrotronde\\\/module-doc-admin\\\/\"]}]},{\"@type\":\"BreadcrumbList\",\"@id\":\"https:\\\/\\\/www.iesc.eu\\\/mrotronde\\\/module-doc-admin\\\/#breadcrumb\",\"itemListElement\":[{\"@type\":\"ListItem\",\"position\":1,\"name\":\"Startseite\",\"item\":\"https:\\\/\\\/www.iesc.eu\\\/mrotronde\\\/\"},{\"@type\":\"ListItem\",\"position\":2,\"name\":\"Modul Dokumentenverwaltung\"}]},{\"@type\":\"WebSite\",\"@id\":\"https:\\\/\\\/www.iesc.eu\\\/mrotronde\\\/#website\",\"url\":\"https:\\\/\\\/www.iesc.eu\\\/mrotronde\\\/\",\"name\":\"mrotronde\",\"description\":\"\",\"publisher\":{\"@id\":\"https:\\\/\\\/www.iesc.eu\\\/mrotronde\\\/#organization\"},\"potentialAction\":[{\"@type\":\"SearchAction\",\"target\":{\"@type\":\"EntryPoint\",\"urlTemplate\":\"https:\\\/\\\/www.iesc.eu\\\/mrotronde\\\/?s={search_term_string}\"},\"query-input\":{\"@type\":\"PropertyValueSpecification\",\"valueRequired\":true,\"valueName\":\"search_term_string\"}}],\"inLanguage\":\"de\"},{\"@type\":\"Organization\",\"@id\":\"https:\\\/\\\/www.iesc.eu\\\/mrotronde\\\/#organization\",\"name\":\"IESC-Integrated Efficient Solutions & Consulting GmbH\",\"url\":\"https:\\\/\\\/www.iesc.eu\\\/mrotronde\\\/\",\"logo\":{\"@type\":\"ImageObject\",\"inLanguage\":\"de\",\"@id\":\"https:\\\/\\\/www.iesc.eu\\\/mrotronde\\\/#\\\/schema\\\/logo\\\/image\\\/\",\"url\":\"https:\\\/\\\/www.iesc.eu\\\/mrotronde\\\/wp-content\\\/uploads\\\/2022\\\/07\\\/IESC_logo_343_140.png\",\"contentUrl\":\"https:\\\/\\\/www.iesc.eu\\\/mrotronde\\\/wp-content\\\/uploads\\\/2022\\\/07\\\/IESC_logo_343_140.png\",\"width\":343,\"height\":140,\"caption\":\"IESC-Integrated Efficient Solutions & Consulting GmbH\"},\"image\":{\"@id\":\"https:\\\/\\\/www.iesc.eu\\\/mrotronde\\\/#\\\/schema\\\/logo\\\/image\\\/\"},\"sameAs\":[\"https:\\\/\\\/www.linkedin.com\\\/company\\\/iesc-integrated-efficient-solutions-&amp;-consulting-gmbh\"]}]}<\/script>\n<!-- \/ Yoast SEO plugin. -->","yoast_head_json":{"title":"Mrotron - Modul Dokumentenverwaltung","description":"Versorgen Sie sich und Ihre Kunden in Mrotron mit den aktuellen Revisionen der ben\u00f6tigten Dokumente","robots":{"index":"index","follow":"follow","max-snippet":"max-snippet:-1","max-image-preview":"max-image-preview:large","max-video-preview":"max-video-preview:-1"},"canonical":"https:\/\/www.iesc.eu\/mrotronde\/module-doc-admin\/","og_locale":"de_DE","og_type":"article","og_title":"Mrotron - Modul Dokumentenverwaltung","og_description":"Versorgen Sie sich und Ihre Kunden in Mrotron mit den aktuellen Revisionen der ben\u00f6tigten Dokumente","og_url":"https:\/\/www.iesc.eu\/mrotronde\/module-doc-admin\/","og_site_name":"mrotronde","article_modified_time":"2022-07-26T17:24:03+00:00","twitter_card":"summary_large_image","twitter_misc":{"Gesch\u00e4tzte Lesezeit":"1\u00a0Minute"},"schema":{"@context":"https:\/\/schema.org","@graph":[{"@type":"WebPage","@id":"https:\/\/www.iesc.eu\/mrotronde\/module-doc-admin\/","url":"https:\/\/www.iesc.eu\/mrotronde\/module-doc-admin\/","name":"Mrotron - Modul Dokumentenverwaltung","isPartOf":{"@id":"https:\/\/www.iesc.eu\/mrotronde\/#website"},"datePublished":"2022-07-26T16:06:37+00:00","dateModified":"2022-07-26T17:24:03+00:00","description":"Versorgen Sie sich und Ihre Kunden in Mrotron mit den aktuellen Revisionen der ben\u00f6tigten Dokumente","breadcrumb":{"@id":"https:\/\/www.iesc.eu\/mrotronde\/module-doc-admin\/#breadcrumb"},"inLanguage":"de","potentialAction":[{"@type":"ReadAction","target":["https:\/\/www.iesc.eu\/mrotronde\/module-doc-admin\/"]}]},{"@type":"BreadcrumbList","@id":"https:\/\/www.iesc.eu\/mrotronde\/module-doc-admin\/#breadcrumb","itemListElement":[{"@type":"ListItem","position":1,"name":"Startseite","item":"https:\/\/www.iesc.eu\/mrotronde\/"},{"@type":"ListItem","position":2,"name":"Modul Dokumentenverwaltung"}]},{"@type":"WebSite","@id":"https:\/\/www.iesc.eu\/mrotronde\/#website","url":"https:\/\/www.iesc.eu\/mrotronde\/","name":"mrotronde","description":"","publisher":{"@id":"https:\/\/www.iesc.eu\/mrotronde\/#organization"},"potentialAction":[{"@type":"SearchAction","target":{"@type":"EntryPoint","urlTemplate":"https:\/\/www.iesc.eu\/mrotronde\/?s={search_term_string}"},"query-input":{"@type":"PropertyValueSpecification","valueRequired":true,"valueName":"search_term_string"}}],"inLanguage":"de"},{"@type":"Organization","@id":"https:\/\/www.iesc.eu\/mrotronde\/#organization","name":"IESC-Integrated Efficient Solutions & Consulting GmbH","url":"https:\/\/www.iesc.eu\/mrotronde\/","logo":{"@type":"ImageObject","inLanguage":"de","@id":"https:\/\/www.iesc.eu\/mrotronde\/#\/schema\/logo\/image\/","url":"https:\/\/www.iesc.eu\/mrotronde\/wp-content\/uploads\/2022\/07\/IESC_logo_343_140.png","contentUrl":"https:\/\/www.iesc.eu\/mrotronde\/wp-content\/uploads\/2022\/07\/IESC_logo_343_140.png","width":343,"height":140,"caption":"IESC-Integrated Efficient Solutions & Consulting GmbH"},"image":{"@id":"https:\/\/www.iesc.eu\/mrotronde\/#\/schema\/logo\/image\/"},"sameAs":["https:\/\/www.linkedin.com\/company\/iesc-integrated-efficient-solutions-&amp;-consulting-gmbh"]}]}},"_links":{"self":[{"href":"https:\/\/www.iesc.eu\/mrotronde\/wp-json\/wp\/v2\/pages\/372","targetHints":{"allow":["GET"]}}],"collection":[{"href":"https:\/\/www.iesc.eu\/mrotronde\/wp-json\/wp\/v2\/pages"}],"about":[{"href":"https:\/\/www.iesc.eu\/mrotronde\/wp-json\/wp\/v2\/types\/page"}],"author":[{"embeddable":true,"href":"https:\/\/www.iesc.eu\/mrotronde\/wp-json\/wp\/v2\/users\/2"}],"replies":[{"embeddable":true,"href":"https:\/\/www.iesc.eu\/mrotronde\/wp-json\/wp\/v2\/comments?post=372"}],"version-history":[{"count":13,"href":"https:\/\/www.iesc.eu\/mrotronde\/wp-json\/wp\/v2\/pages\/372\/revisions"}],"predecessor-version":[{"id":888,"href":"https:\/\/www.iesc.eu\/mrotronde\/wp-json\/wp\/v2\/pages\/372\/revisions\/888"}],"wp:attachment":[{"href":"https:\/\/www.iesc.eu\/mrotronde\/wp-json\/wp\/v2\/media?parent=372"}],"curies":[{"name":"wp","href":"https:\/\/api.w.org\/{rel}","templated":true}]}}