{"id":366,"date":"2022-07-26T19:13:56","date_gmt":"2022-07-26T17:13:56","guid":{"rendered":"http:\/\/localhost:8081\/wordpress\/?page_id=366"},"modified":"2022-07-26T19:14:05","modified_gmt":"2022-07-26T17:14:05","slug":"module-camo","status":"publish","type":"page","link":"https:\/\/www.iesc.eu\/mrotronde\/module-camo\/","title":{"rendered":"Modul CAMO"},"content":{"rendered":"<p>Die webbasierten CAMO-Module sind f\u00fcr den Einsatz auf tragbaren Ger\u00e4ten optimiert und unterst\u00fctzen eine Vielzahl von Internetbrowsern.<img loading=\"lazy\" decoding=\"async\" class=\"wp-image-561 alignright\" src=\"https:\/\/iesc.eu\/mrotronde\/wp-content\/uploads\/2015\/06\/CAMO_Mrotron.png\" alt=\"CAMO_Mrotron\" width=\"263\" height=\"176\" \/><\/p>\n<p>Laden Sie Ihre Kunden ein, am CAMO-Modul in Ihrem MROTRON<sup>\u00ae<\/sup> teilzunehmen<\/p>\n<p>Die Vorteile f\u00fcr Ihre Kunden:<\/p>\n<ul>\n<li>keine zus\u00e4tzliche\u00a0IT-Hardware oder Software notwendig<\/li>\n<li>Der Austausch von Daten, falls erw\u00fcnscht, zwischen Ihren Kunden und Ihnen f\u00fchrt zu einer \u00e4u\u00dferst effizienten Arbeitsweise<\/li>\n<li>Die gemeinsame Nutzung von Daten wie Dokumenten, Adressen, A\/C- und Materialdaten, Wartungsdaten usw. kann je nach Bedarf bis auf Artikelebene hinunter definiert werden<\/li>\n<li>Vereinfachte Erstellung von Anfragen durch Ihre Kunden an Sie; Angebotsanfragen an andere Wartungseinrichtungen sind ebenfalls m\u00f6glich<\/li>\n<li>Reporting-Back-Daten sind nach Wartungsfreigabe sofort verf\u00fcgbar<\/li>\n<\/ul>\n<p>Die Vorteile f\u00fcr Sie:<\/p>\n<ul>\n<li>Standardisierter und intensiver Datenaustausch mit Ihren Kunden, so wie mit Ihrer eigenen CAMO<\/li>\n<li>automatische Erstellung der Auftragsliste f\u00fcr Ihre Kalkulation<\/li>\n<li>automatische Verf\u00fcgbarkeit der Wartungsfreigabedaten f\u00fcr Ihre Kunden<\/li>\n<li>Ihre Kunden werden es zu sch\u00e4tzen wissen, dass Sie sie an Ihrem hochprofessionellen und strukturierten Gesch\u00e4ftsprozessen teilhaben lassen und ihnen so helfen Kosten zu sparen<\/li>\n<\/ul>\n<p>weitere herausragende Merkmale der MROTRON<sup>\u00ae<\/sup> CAMO-Module sind:<\/p>\n<ul>\n<li>einfach zu handhaben und trotzdem sehr anpassungsf\u00e4hig<\/li>\n<li>Einfache \u00dcbernahme von CAMO-Daten in den Wartungsbereich und umgekehrt, jedoch niemals ohne Ihre Zustimmung<\/li>\n<li>Abbildung der Wartungsprogramme, Single Running Tasks, der Checks, SBs\/ADs, etc.<\/li>\n<li>Revisionsverfolgung, Laufzeitenverfolgung, ersetzt durch-\/durchgef\u00fchrt mit-Funktion<\/li>\n<li>Reliability Pooling Funktion<\/li>\n<li>freie Definition der Intervaltypen<\/li>\n<li>Angebotsanfrage und -verwaltungsfunktion<\/li>\n<li>Exportfunktion f\u00fcr die Arbeitsanweisung<\/li>\n<\/ul>\n<p><a id=\"ab\" href=\"https:\/\/www.iesc.eu\/mrotronde\/mrotron-2\/modules\/\">Zur\u00fcck zur Modul\u00fcbersicht<\/a><\/p>\n","protected":false},"excerpt":{"rendered":"<p>Die webbasierten CAMO-Module sind f\u00fcr den Einsatz auf tragbaren Ger\u00e4ten optimiert und unterst\u00fctzen eine Vielzahl von Internetbrowsern. Laden Sie Ihre Kunden ein, am CAMO-Modul in Ihrem MROTRON\u00ae teilzunehmen Die Vorteile f\u00fcr Ihre Kunden: keine zus\u00e4tzliche\u00a0IT-Hardware oder Software notwendig Der Austausch von Daten, falls erw\u00fcnscht, zwischen Ihren Kunden und Ihnen f\u00fchrt zu einer \u00e4u\u00dferst effizienten Arbeitsweise&#8230;<\/p>\n","protected":false},"author":2,"featured_media":0,"parent":0,"menu_order":0,"comment_status":"closed","ping_status":"closed","template":"","meta":{"footnotes":""},"class_list":["post-366","page","type-page","status-publish","hentry"],"yoast_head":"<!-- This site is optimized with the Yoast SEO plugin v27.3 - https:\/\/yoast.com\/product\/yoast-seo-wordpress\/ -->\n<title>Modul CAMO - mrotronde<\/title>\n<meta name=\"robots\" content=\"index, follow, max-snippet:-1, max-image-preview:large, max-video-preview:-1\" \/>\n<link rel=\"canonical\" href=\"https:\/\/www.iesc.eu\/mrotronde\/module-camo\/\" \/>\n<meta property=\"og:locale\" content=\"de_DE\" \/>\n<meta property=\"og:type\" content=\"article\" \/>\n<meta property=\"og:title\" content=\"Modul CAMO - mrotronde\" \/>\n<meta property=\"og:description\" content=\"Die webbasierten CAMO-Module sind f\u00fcr den Einsatz auf tragbaren Ger\u00e4ten optimiert und unterst\u00fctzen eine Vielzahl von Internetbrowsern. Laden Sie Ihre Kunden ein, am CAMO-Modul in Ihrem MROTRON\u00ae teilzunehmen Die Vorteile f\u00fcr Ihre Kunden: keine zus\u00e4tzliche\u00a0IT-Hardware oder Software notwendig Der Austausch von Daten, falls erw\u00fcnscht, zwischen Ihren Kunden und Ihnen f\u00fchrt zu einer \u00e4u\u00dferst effizienten Arbeitsweise...\" \/>\n<meta property=\"og:url\" content=\"https:\/\/www.iesc.eu\/mrotronde\/module-camo\/\" \/>\n<meta property=\"og:site_name\" content=\"mrotronde\" \/>\n<meta property=\"article:modified_time\" content=\"2022-07-26T17:14:05+00:00\" \/>\n<meta property=\"og:image\" content=\"https:\/\/iesc.eu\/mrotronde\/wp-content\/uploads\/2015\/06\/CAMO_Mrotron.png\" \/>\n<meta name=\"twitter:card\" content=\"summary_large_image\" \/>\n<meta name=\"twitter:label1\" content=\"Gesch\u00e4tzte Lesezeit\" \/>\n\t<meta name=\"twitter:data1\" content=\"2\u00a0Minuten\" \/>\n<script type=\"application\/ld+json\" class=\"yoast-schema-graph\">{\"@context\":\"https:\\\/\\\/schema.org\",\"@graph\":[{\"@type\":\"WebPage\",\"@id\":\"https:\\\/\\\/www.iesc.eu\\\/mrotronde\\\/module-camo\\\/\",\"url\":\"https:\\\/\\\/www.iesc.eu\\\/mrotronde\\\/module-camo\\\/\",\"name\":\"Modul CAMO - mrotronde\",\"isPartOf\":{\"@id\":\"https:\\\/\\\/www.iesc.eu\\\/mrotronde\\\/#website\"},\"primaryImageOfPage\":{\"@id\":\"https:\\\/\\\/www.iesc.eu\\\/mrotronde\\\/module-camo\\\/#primaryimage\"},\"image\":{\"@id\":\"https:\\\/\\\/www.iesc.eu\\\/mrotronde\\\/module-camo\\\/#primaryimage\"},\"thumbnailUrl\":\"https:\\\/\\\/iesc.eu\\\/mrotronde\\\/wp-content\\\/uploads\\\/2015\\\/06\\\/CAMO_Mrotron.png\",\"datePublished\":\"2022-07-26T17:13:56+00:00\",\"dateModified\":\"2022-07-26T17:14:05+00:00\",\"breadcrumb\":{\"@id\":\"https:\\\/\\\/www.iesc.eu\\\/mrotronde\\\/module-camo\\\/#breadcrumb\"},\"inLanguage\":\"de\",\"potentialAction\":[{\"@type\":\"ReadAction\",\"target\":[\"https:\\\/\\\/www.iesc.eu\\\/mrotronde\\\/module-camo\\\/\"]}]},{\"@type\":\"ImageObject\",\"inLanguage\":\"de\",\"@id\":\"https:\\\/\\\/www.iesc.eu\\\/mrotronde\\\/module-camo\\\/#primaryimage\",\"url\":\"https:\\\/\\\/iesc.eu\\\/mrotronde\\\/wp-content\\\/uploads\\\/2015\\\/06\\\/CAMO_Mrotron.png\",\"contentUrl\":\"https:\\\/\\\/iesc.eu\\\/mrotronde\\\/wp-content\\\/uploads\\\/2015\\\/06\\\/CAMO_Mrotron.png\"},{\"@type\":\"BreadcrumbList\",\"@id\":\"https:\\\/\\\/www.iesc.eu\\\/mrotronde\\\/module-camo\\\/#breadcrumb\",\"itemListElement\":[{\"@type\":\"ListItem\",\"position\":1,\"name\":\"Startseite\",\"item\":\"https:\\\/\\\/www.iesc.eu\\\/mrotronde\\\/\"},{\"@type\":\"ListItem\",\"position\":2,\"name\":\"Modul CAMO\"}]},{\"@type\":\"WebSite\",\"@id\":\"https:\\\/\\\/www.iesc.eu\\\/mrotronde\\\/#website\",\"url\":\"https:\\\/\\\/www.iesc.eu\\\/mrotronde\\\/\",\"name\":\"mrotronde\",\"description\":\"\",\"publisher\":{\"@id\":\"https:\\\/\\\/www.iesc.eu\\\/mrotronde\\\/#organization\"},\"potentialAction\":[{\"@type\":\"SearchAction\",\"target\":{\"@type\":\"EntryPoint\",\"urlTemplate\":\"https:\\\/\\\/www.iesc.eu\\\/mrotronde\\\/?s={search_term_string}\"},\"query-input\":{\"@type\":\"PropertyValueSpecification\",\"valueRequired\":true,\"valueName\":\"search_term_string\"}}],\"inLanguage\":\"de\"},{\"@type\":\"Organization\",\"@id\":\"https:\\\/\\\/www.iesc.eu\\\/mrotronde\\\/#organization\",\"name\":\"IESC-Integrated Efficient Solutions & Consulting GmbH\",\"url\":\"https:\\\/\\\/www.iesc.eu\\\/mrotronde\\\/\",\"logo\":{\"@type\":\"ImageObject\",\"inLanguage\":\"de\",\"@id\":\"https:\\\/\\\/www.iesc.eu\\\/mrotronde\\\/#\\\/schema\\\/logo\\\/image\\\/\",\"url\":\"https:\\\/\\\/www.iesc.eu\\\/mrotronde\\\/wp-content\\\/uploads\\\/2022\\\/07\\\/IESC_logo_343_140.png\",\"contentUrl\":\"https:\\\/\\\/www.iesc.eu\\\/mrotronde\\\/wp-content\\\/uploads\\\/2022\\\/07\\\/IESC_logo_343_140.png\",\"width\":343,\"height\":140,\"caption\":\"IESC-Integrated Efficient Solutions & Consulting GmbH\"},\"image\":{\"@id\":\"https:\\\/\\\/www.iesc.eu\\\/mrotronde\\\/#\\\/schema\\\/logo\\\/image\\\/\"},\"sameAs\":[\"https:\\\/\\\/www.linkedin.com\\\/company\\\/iesc-integrated-efficient-solutions-&amp;-consulting-gmbh\"]}]}<\/script>\n<!-- \/ Yoast SEO plugin. -->","yoast_head_json":{"title":"Modul CAMO - mrotronde","robots":{"index":"index","follow":"follow","max-snippet":"max-snippet:-1","max-image-preview":"max-image-preview:large","max-video-preview":"max-video-preview:-1"},"canonical":"https:\/\/www.iesc.eu\/mrotronde\/module-camo\/","og_locale":"de_DE","og_type":"article","og_title":"Modul CAMO - mrotronde","og_description":"Die webbasierten CAMO-Module sind f\u00fcr den Einsatz auf tragbaren Ger\u00e4ten optimiert und unterst\u00fctzen eine Vielzahl von Internetbrowsern. Laden Sie Ihre Kunden ein, am CAMO-Modul in Ihrem MROTRON\u00ae teilzunehmen Die Vorteile f\u00fcr Ihre Kunden: keine zus\u00e4tzliche\u00a0IT-Hardware oder Software notwendig Der Austausch von Daten, falls erw\u00fcnscht, zwischen Ihren Kunden und Ihnen f\u00fchrt zu einer \u00e4u\u00dferst effizienten Arbeitsweise...","og_url":"https:\/\/www.iesc.eu\/mrotronde\/module-camo\/","og_site_name":"mrotronde","article_modified_time":"2022-07-26T17:14:05+00:00","og_image":[{"url":"https:\/\/iesc.eu\/mrotronde\/wp-content\/uploads\/2015\/06\/CAMO_Mrotron.png","type":"","width":"","height":""}],"twitter_card":"summary_large_image","twitter_misc":{"Gesch\u00e4tzte Lesezeit":"2\u00a0Minuten"},"schema":{"@context":"https:\/\/schema.org","@graph":[{"@type":"WebPage","@id":"https:\/\/www.iesc.eu\/mrotronde\/module-camo\/","url":"https:\/\/www.iesc.eu\/mrotronde\/module-camo\/","name":"Modul CAMO - mrotronde","isPartOf":{"@id":"https:\/\/www.iesc.eu\/mrotronde\/#website"},"primaryImageOfPage":{"@id":"https:\/\/www.iesc.eu\/mrotronde\/module-camo\/#primaryimage"},"image":{"@id":"https:\/\/www.iesc.eu\/mrotronde\/module-camo\/#primaryimage"},"thumbnailUrl":"https:\/\/iesc.eu\/mrotronde\/wp-content\/uploads\/2015\/06\/CAMO_Mrotron.png","datePublished":"2022-07-26T17:13:56+00:00","dateModified":"2022-07-26T17:14:05+00:00","breadcrumb":{"@id":"https:\/\/www.iesc.eu\/mrotronde\/module-camo\/#breadcrumb"},"inLanguage":"de","potentialAction":[{"@type":"ReadAction","target":["https:\/\/www.iesc.eu\/mrotronde\/module-camo\/"]}]},{"@type":"ImageObject","inLanguage":"de","@id":"https:\/\/www.iesc.eu\/mrotronde\/module-camo\/#primaryimage","url":"https:\/\/iesc.eu\/mrotronde\/wp-content\/uploads\/2015\/06\/CAMO_Mrotron.png","contentUrl":"https:\/\/iesc.eu\/mrotronde\/wp-content\/uploads\/2015\/06\/CAMO_Mrotron.png"},{"@type":"BreadcrumbList","@id":"https:\/\/www.iesc.eu\/mrotronde\/module-camo\/#breadcrumb","itemListElement":[{"@type":"ListItem","position":1,"name":"Startseite","item":"https:\/\/www.iesc.eu\/mrotronde\/"},{"@type":"ListItem","position":2,"name":"Modul CAMO"}]},{"@type":"WebSite","@id":"https:\/\/www.iesc.eu\/mrotronde\/#website","url":"https:\/\/www.iesc.eu\/mrotronde\/","name":"mrotronde","description":"","publisher":{"@id":"https:\/\/www.iesc.eu\/mrotronde\/#organization"},"potentialAction":[{"@type":"SearchAction","target":{"@type":"EntryPoint","urlTemplate":"https:\/\/www.iesc.eu\/mrotronde\/?s={search_term_string}"},"query-input":{"@type":"PropertyValueSpecification","valueRequired":true,"valueName":"search_term_string"}}],"inLanguage":"de"},{"@type":"Organization","@id":"https:\/\/www.iesc.eu\/mrotronde\/#organization","name":"IESC-Integrated Efficient Solutions & Consulting GmbH","url":"https:\/\/www.iesc.eu\/mrotronde\/","logo":{"@type":"ImageObject","inLanguage":"de","@id":"https:\/\/www.iesc.eu\/mrotronde\/#\/schema\/logo\/image\/","url":"https:\/\/www.iesc.eu\/mrotronde\/wp-content\/uploads\/2022\/07\/IESC_logo_343_140.png","contentUrl":"https:\/\/www.iesc.eu\/mrotronde\/wp-content\/uploads\/2022\/07\/IESC_logo_343_140.png","width":343,"height":140,"caption":"IESC-Integrated Efficient Solutions & Consulting GmbH"},"image":{"@id":"https:\/\/www.iesc.eu\/mrotronde\/#\/schema\/logo\/image\/"},"sameAs":["https:\/\/www.linkedin.com\/company\/iesc-integrated-efficient-solutions-&amp;-consulting-gmbh"]}]}},"_links":{"self":[{"href":"https:\/\/www.iesc.eu\/mrotronde\/wp-json\/wp\/v2\/pages\/366","targetHints":{"allow":["GET"]}}],"collection":[{"href":"https:\/\/www.iesc.eu\/mrotronde\/wp-json\/wp\/v2\/pages"}],"about":[{"href":"https:\/\/www.iesc.eu\/mrotronde\/wp-json\/wp\/v2\/types\/page"}],"author":[{"embeddable":true,"href":"https:\/\/www.iesc.eu\/mrotronde\/wp-json\/wp\/v2\/users\/2"}],"replies":[{"embeddable":true,"href":"https:\/\/www.iesc.eu\/mrotronde\/wp-json\/wp\/v2\/comments?post=366"}],"version-history":[{"count":17,"href":"https:\/\/www.iesc.eu\/mrotronde\/wp-json\/wp\/v2\/pages\/366\/revisions"}],"predecessor-version":[{"id":862,"href":"https:\/\/www.iesc.eu\/mrotronde\/wp-json\/wp\/v2\/pages\/366\/revisions\/862"}],"wp:attachment":[{"href":"https:\/\/www.iesc.eu\/mrotronde\/wp-json\/wp\/v2\/media?parent=366"}],"curies":[{"name":"wp","href":"https:\/\/api.w.org\/{rel}","templated":true}]}}