{"id":363,"date":"2022-07-26T18:04:52","date_gmt":"2022-07-26T16:04:52","guid":{"rendered":"http:\/\/localhost:8081\/wordpress\/?page_id=363"},"modified":"2022-07-26T19:23:21","modified_gmt":"2022-07-26T17:23:21","slug":"module-budget-admin","status":"publish","type":"page","link":"https:\/\/www.iesc.eu\/mrotronde\/module-budget-admin\/","title":{"rendered":"Module Budget- und Vertragsverwaltung"},"content":{"rendered":"<p>Konnten Sie jemals ein brauchbares Budget mit nur einem einzigen Eingabewert erstellen? Ok, zumindest ein Kosten- und ein Umsatzwert w\u00e4re f\u00fcr die Berechnung einer Marge notwendig. Selbstverst\u00e4ndlich kann man in MROTRON<sup><span style=\"font-size: small;\">\u00ae<\/span><\/sup> die Budgeteingabe auch bis zu jeder Kontonummer, Kostenstelle und Monat herunterbrechen; oder jede Variante dazwischen.<img loading=\"lazy\" decoding=\"async\" class=\"wp-image-560 alignright\" src=\"https:\/\/iesc.eu\/mrotronde\/wp-content\/uploads\/2015\/06\/Budget_Mrotron_50.png\" alt=\"Budget_Mrotron_50\" width=\"311\" height=\"222\" \/><\/p>\n<p>Wie funktioniert dies?<br \/>\nMROTRON<sup>\u00ae<\/sup> verwendet die Finanzdaten aller g\u00fcltigen Vertr\u00e4ge als Basis f\u00fcr die Erstellung eines neuen Budgets. Sie m\u00fcssen nur noch die Reserven budgetieren. Ergebnisabh\u00e4ngige Farbschemen unterst\u00fctzen Sie dabei.<\/p>\n<p>Das Modul Budgetverwaltung unterst\u00fctzt auch rollierende Budgets, stellt Leistungskennzahlen zur Verf\u00fcgung und hat bereits Soll-Ist-Vergleichsberichte, die die jeweilige Budgetrevision mit den aktuellen Daten vergleicht, implementiert.<\/p>\n<p>Sie verwalten im Modul Budgetverwaltung auch Ihre Tarife, wie Mannstundenraten, Aufschl\u00e4ge,\u00a0Diskonts, etc., sowohl als Kosten als auch als Verrechnungspreis.\u00a0MROTRON<sup>\u00ae<\/sup> wird\u00a0die passenden\u00a0Tarife dann automatisch in allen Modulen, von der Kalkulation bis zur Abrechnung, anwenden.<\/p>\n<p>Tarife k\u00f6nnen auch zu Vertr\u00e4gen verlinkt und im Modul Vertragsverwaltung, zusammen mit den Vertragsstammdaten, den Finanzdaten und den eingescannten Dokumenten verwaltet werden. So wie in vielen anderen Modulen steht auch im Modul Vertragsverwaltung die Erinnerungsfunktion zur Verf\u00fcgung, um niemals mehr eine Frist zu vers\u00e4umen.<\/p>\n<p><a id=\"ab\" href=\"https:\/\/www.iesc.eu\/mrotronde\/mrotron-2\/modules\/\">Zur\u00fcck zur Modul\u00fcbersicht<\/a><\/p>\n","protected":false},"excerpt":{"rendered":"<p>Konnten Sie jemals ein brauchbares Budget mit nur einem einzigen Eingabewert erstellen? Ok, zumindest ein Kosten- und ein Umsatzwert w\u00e4re f\u00fcr die Berechnung einer Marge notwendig. Selbstverst\u00e4ndlich kann man in MROTRON\u00ae die Budgeteingabe auch bis zu jeder Kontonummer, Kostenstelle und Monat herunterbrechen; oder jede Variante dazwischen. Wie funktioniert dies? MROTRON\u00ae verwendet die Finanzdaten aller g\u00fcltigen&#8230;<\/p>\n","protected":false},"author":2,"featured_media":0,"parent":0,"menu_order":0,"comment_status":"closed","ping_status":"closed","template":"","meta":{"footnotes":""},"class_list":["post-363","page","type-page","status-publish","hentry"],"yoast_head":"<!-- This site is optimized with the Yoast SEO plugin v27.3 - https:\/\/yoast.com\/product\/yoast-seo-wordpress\/ -->\n<title>Mrotron - Module Budget- und Vertragsverwaltung<\/title>\n<meta name=\"description\" content=\"MROTRON\u00ae verwendet automatisch Deine Finanzdaten aller Vertr\u00e4ge als Basis f\u00fcr die Erstellung eines neuen Budgets. Sie m\u00fcssen nur noch die Reserven budgetieren. Ergebnisabh\u00e4ngige Farbschemen unterst\u00fctzen Sie dabei.\" \/>\n<meta name=\"robots\" content=\"index, follow, max-snippet:-1, max-image-preview:large, max-video-preview:-1\" \/>\n<link rel=\"canonical\" href=\"https:\/\/www.iesc.eu\/mrotronde\/module-budget-admin\/\" \/>\n<meta property=\"og:locale\" content=\"de_DE\" \/>\n<meta property=\"og:type\" content=\"article\" \/>\n<meta property=\"og:title\" content=\"Mrotron - Module Budget- und Vertragsverwaltung\" \/>\n<meta property=\"og:description\" content=\"MROTRON\u00ae verwendet automatisch Deine Finanzdaten aller Vertr\u00e4ge als Basis f\u00fcr die Erstellung eines neuen Budgets. Sie m\u00fcssen nur noch die Reserven budgetieren. Ergebnisabh\u00e4ngige Farbschemen unterst\u00fctzen Sie dabei.\" \/>\n<meta property=\"og:url\" content=\"https:\/\/www.iesc.eu\/mrotronde\/module-budget-admin\/\" \/>\n<meta property=\"og:site_name\" content=\"mrotronde\" \/>\n<meta property=\"article:modified_time\" content=\"2022-07-26T17:23:21+00:00\" \/>\n<meta property=\"og:image\" content=\"https:\/\/iesc.eu\/mrotronde\/wp-content\/uploads\/2015\/06\/Budget_Mrotron_50.png\" \/>\n<meta name=\"twitter:card\" content=\"summary_large_image\" \/>\n<meta name=\"twitter:label1\" content=\"Gesch\u00e4tzte Lesezeit\" \/>\n\t<meta name=\"twitter:data1\" content=\"2\u00a0Minuten\" \/>\n<script type=\"application\/ld+json\" class=\"yoast-schema-graph\">{\"@context\":\"https:\\\/\\\/schema.org\",\"@graph\":[{\"@type\":\"WebPage\",\"@id\":\"https:\\\/\\\/www.iesc.eu\\\/mrotronde\\\/module-budget-admin\\\/\",\"url\":\"https:\\\/\\\/www.iesc.eu\\\/mrotronde\\\/module-budget-admin\\\/\",\"name\":\"Mrotron - Module Budget- und Vertragsverwaltung\",\"isPartOf\":{\"@id\":\"https:\\\/\\\/www.iesc.eu\\\/mrotronde\\\/#website\"},\"primaryImageOfPage\":{\"@id\":\"https:\\\/\\\/www.iesc.eu\\\/mrotronde\\\/module-budget-admin\\\/#primaryimage\"},\"image\":{\"@id\":\"https:\\\/\\\/www.iesc.eu\\\/mrotronde\\\/module-budget-admin\\\/#primaryimage\"},\"thumbnailUrl\":\"https:\\\/\\\/iesc.eu\\\/mrotronde\\\/wp-content\\\/uploads\\\/2015\\\/06\\\/Budget_Mrotron_50.png\",\"datePublished\":\"2022-07-26T16:04:52+00:00\",\"dateModified\":\"2022-07-26T17:23:21+00:00\",\"description\":\"MROTRON\u00ae verwendet automatisch Deine Finanzdaten aller Vertr\u00e4ge als Basis f\u00fcr die Erstellung eines neuen Budgets. Sie m\u00fcssen nur noch die Reserven budgetieren. Ergebnisabh\u00e4ngige Farbschemen unterst\u00fctzen Sie dabei.\",\"breadcrumb\":{\"@id\":\"https:\\\/\\\/www.iesc.eu\\\/mrotronde\\\/module-budget-admin\\\/#breadcrumb\"},\"inLanguage\":\"de\",\"potentialAction\":[{\"@type\":\"ReadAction\",\"target\":[\"https:\\\/\\\/www.iesc.eu\\\/mrotronde\\\/module-budget-admin\\\/\"]}]},{\"@type\":\"ImageObject\",\"inLanguage\":\"de\",\"@id\":\"https:\\\/\\\/www.iesc.eu\\\/mrotronde\\\/module-budget-admin\\\/#primaryimage\",\"url\":\"https:\\\/\\\/iesc.eu\\\/mrotronde\\\/wp-content\\\/uploads\\\/2015\\\/06\\\/Budget_Mrotron_50.png\",\"contentUrl\":\"https:\\\/\\\/iesc.eu\\\/mrotronde\\\/wp-content\\\/uploads\\\/2015\\\/06\\\/Budget_Mrotron_50.png\"},{\"@type\":\"BreadcrumbList\",\"@id\":\"https:\\\/\\\/www.iesc.eu\\\/mrotronde\\\/module-budget-admin\\\/#breadcrumb\",\"itemListElement\":[{\"@type\":\"ListItem\",\"position\":1,\"name\":\"Startseite\",\"item\":\"https:\\\/\\\/www.iesc.eu\\\/mrotronde\\\/\"},{\"@type\":\"ListItem\",\"position\":2,\"name\":\"Module Budget- und Vertragsverwaltung\"}]},{\"@type\":\"WebSite\",\"@id\":\"https:\\\/\\\/www.iesc.eu\\\/mrotronde\\\/#website\",\"url\":\"https:\\\/\\\/www.iesc.eu\\\/mrotronde\\\/\",\"name\":\"mrotronde\",\"description\":\"\",\"publisher\":{\"@id\":\"https:\\\/\\\/www.iesc.eu\\\/mrotronde\\\/#organization\"},\"potentialAction\":[{\"@type\":\"SearchAction\",\"target\":{\"@type\":\"EntryPoint\",\"urlTemplate\":\"https:\\\/\\\/www.iesc.eu\\\/mrotronde\\\/?s={search_term_string}\"},\"query-input\":{\"@type\":\"PropertyValueSpecification\",\"valueRequired\":true,\"valueName\":\"search_term_string\"}}],\"inLanguage\":\"de\"},{\"@type\":\"Organization\",\"@id\":\"https:\\\/\\\/www.iesc.eu\\\/mrotronde\\\/#organization\",\"name\":\"IESC-Integrated Efficient Solutions & Consulting GmbH\",\"url\":\"https:\\\/\\\/www.iesc.eu\\\/mrotronde\\\/\",\"logo\":{\"@type\":\"ImageObject\",\"inLanguage\":\"de\",\"@id\":\"https:\\\/\\\/www.iesc.eu\\\/mrotronde\\\/#\\\/schema\\\/logo\\\/image\\\/\",\"url\":\"https:\\\/\\\/www.iesc.eu\\\/mrotronde\\\/wp-content\\\/uploads\\\/2022\\\/07\\\/IESC_logo_343_140.png\",\"contentUrl\":\"https:\\\/\\\/www.iesc.eu\\\/mrotronde\\\/wp-content\\\/uploads\\\/2022\\\/07\\\/IESC_logo_343_140.png\",\"width\":343,\"height\":140,\"caption\":\"IESC-Integrated Efficient Solutions & Consulting GmbH\"},\"image\":{\"@id\":\"https:\\\/\\\/www.iesc.eu\\\/mrotronde\\\/#\\\/schema\\\/logo\\\/image\\\/\"},\"sameAs\":[\"https:\\\/\\\/www.linkedin.com\\\/company\\\/iesc-integrated-efficient-solutions-&amp;-consulting-gmbh\"]}]}<\/script>\n<!-- \/ Yoast SEO plugin. -->","yoast_head_json":{"title":"Mrotron - Module Budget- und Vertragsverwaltung","description":"MROTRON\u00ae verwendet automatisch Deine Finanzdaten aller Vertr\u00e4ge als Basis f\u00fcr die Erstellung eines neuen Budgets. Sie m\u00fcssen nur noch die Reserven budgetieren. Ergebnisabh\u00e4ngige Farbschemen unterst\u00fctzen Sie dabei.","robots":{"index":"index","follow":"follow","max-snippet":"max-snippet:-1","max-image-preview":"max-image-preview:large","max-video-preview":"max-video-preview:-1"},"canonical":"https:\/\/www.iesc.eu\/mrotronde\/module-budget-admin\/","og_locale":"de_DE","og_type":"article","og_title":"Mrotron - Module Budget- und Vertragsverwaltung","og_description":"MROTRON\u00ae verwendet automatisch Deine Finanzdaten aller Vertr\u00e4ge als Basis f\u00fcr die Erstellung eines neuen Budgets. Sie m\u00fcssen nur noch die Reserven budgetieren. Ergebnisabh\u00e4ngige Farbschemen unterst\u00fctzen Sie dabei.","og_url":"https:\/\/www.iesc.eu\/mrotronde\/module-budget-admin\/","og_site_name":"mrotronde","article_modified_time":"2022-07-26T17:23:21+00:00","og_image":[{"url":"https:\/\/iesc.eu\/mrotronde\/wp-content\/uploads\/2015\/06\/Budget_Mrotron_50.png","type":"","width":"","height":""}],"twitter_card":"summary_large_image","twitter_misc":{"Gesch\u00e4tzte Lesezeit":"2\u00a0Minuten"},"schema":{"@context":"https:\/\/schema.org","@graph":[{"@type":"WebPage","@id":"https:\/\/www.iesc.eu\/mrotronde\/module-budget-admin\/","url":"https:\/\/www.iesc.eu\/mrotronde\/module-budget-admin\/","name":"Mrotron - Module Budget- und Vertragsverwaltung","isPartOf":{"@id":"https:\/\/www.iesc.eu\/mrotronde\/#website"},"primaryImageOfPage":{"@id":"https:\/\/www.iesc.eu\/mrotronde\/module-budget-admin\/#primaryimage"},"image":{"@id":"https:\/\/www.iesc.eu\/mrotronde\/module-budget-admin\/#primaryimage"},"thumbnailUrl":"https:\/\/iesc.eu\/mrotronde\/wp-content\/uploads\/2015\/06\/Budget_Mrotron_50.png","datePublished":"2022-07-26T16:04:52+00:00","dateModified":"2022-07-26T17:23:21+00:00","description":"MROTRON\u00ae verwendet automatisch Deine Finanzdaten aller Vertr\u00e4ge als Basis f\u00fcr die Erstellung eines neuen Budgets. Sie m\u00fcssen nur noch die Reserven budgetieren. Ergebnisabh\u00e4ngige Farbschemen unterst\u00fctzen Sie dabei.","breadcrumb":{"@id":"https:\/\/www.iesc.eu\/mrotronde\/module-budget-admin\/#breadcrumb"},"inLanguage":"de","potentialAction":[{"@type":"ReadAction","target":["https:\/\/www.iesc.eu\/mrotronde\/module-budget-admin\/"]}]},{"@type":"ImageObject","inLanguage":"de","@id":"https:\/\/www.iesc.eu\/mrotronde\/module-budget-admin\/#primaryimage","url":"https:\/\/iesc.eu\/mrotronde\/wp-content\/uploads\/2015\/06\/Budget_Mrotron_50.png","contentUrl":"https:\/\/iesc.eu\/mrotronde\/wp-content\/uploads\/2015\/06\/Budget_Mrotron_50.png"},{"@type":"BreadcrumbList","@id":"https:\/\/www.iesc.eu\/mrotronde\/module-budget-admin\/#breadcrumb","itemListElement":[{"@type":"ListItem","position":1,"name":"Startseite","item":"https:\/\/www.iesc.eu\/mrotronde\/"},{"@type":"ListItem","position":2,"name":"Module Budget- und Vertragsverwaltung"}]},{"@type":"WebSite","@id":"https:\/\/www.iesc.eu\/mrotronde\/#website","url":"https:\/\/www.iesc.eu\/mrotronde\/","name":"mrotronde","description":"","publisher":{"@id":"https:\/\/www.iesc.eu\/mrotronde\/#organization"},"potentialAction":[{"@type":"SearchAction","target":{"@type":"EntryPoint","urlTemplate":"https:\/\/www.iesc.eu\/mrotronde\/?s={search_term_string}"},"query-input":{"@type":"PropertyValueSpecification","valueRequired":true,"valueName":"search_term_string"}}],"inLanguage":"de"},{"@type":"Organization","@id":"https:\/\/www.iesc.eu\/mrotronde\/#organization","name":"IESC-Integrated Efficient Solutions & Consulting GmbH","url":"https:\/\/www.iesc.eu\/mrotronde\/","logo":{"@type":"ImageObject","inLanguage":"de","@id":"https:\/\/www.iesc.eu\/mrotronde\/#\/schema\/logo\/image\/","url":"https:\/\/www.iesc.eu\/mrotronde\/wp-content\/uploads\/2022\/07\/IESC_logo_343_140.png","contentUrl":"https:\/\/www.iesc.eu\/mrotronde\/wp-content\/uploads\/2022\/07\/IESC_logo_343_140.png","width":343,"height":140,"caption":"IESC-Integrated Efficient Solutions & Consulting GmbH"},"image":{"@id":"https:\/\/www.iesc.eu\/mrotronde\/#\/schema\/logo\/image\/"},"sameAs":["https:\/\/www.linkedin.com\/company\/iesc-integrated-efficient-solutions-&amp;-consulting-gmbh"]}]}},"_links":{"self":[{"href":"https:\/\/www.iesc.eu\/mrotronde\/wp-json\/wp\/v2\/pages\/363","targetHints":{"allow":["GET"]}}],"collection":[{"href":"https:\/\/www.iesc.eu\/mrotronde\/wp-json\/wp\/v2\/pages"}],"about":[{"href":"https:\/\/www.iesc.eu\/mrotronde\/wp-json\/wp\/v2\/types\/page"}],"author":[{"embeddable":true,"href":"https:\/\/www.iesc.eu\/mrotronde\/wp-json\/wp\/v2\/users\/2"}],"replies":[{"embeddable":true,"href":"https:\/\/www.iesc.eu\/mrotronde\/wp-json\/wp\/v2\/comments?post=363"}],"version-history":[{"count":18,"href":"https:\/\/www.iesc.eu\/mrotronde\/wp-json\/wp\/v2\/pages\/363\/revisions"}],"predecessor-version":[{"id":886,"href":"https:\/\/www.iesc.eu\/mrotronde\/wp-json\/wp\/v2\/pages\/363\/revisions\/886"}],"wp:attachment":[{"href":"https:\/\/www.iesc.eu\/mrotronde\/wp-json\/wp\/v2\/media?parent=363"}],"curies":[{"name":"wp","href":"https:\/\/api.w.org\/{rel}","templated":true}]}}