{"id":360,"date":"2022-07-26T17:57:56","date_gmt":"2022-07-26T15:57:56","guid":{"rendered":"http:\/\/localhost:8081\/wordpress\/?page_id=360"},"modified":"2022-07-26T19:22:29","modified_gmt":"2022-07-26T17:22:29","slug":"module-task-admin","status":"publish","type":"page","link":"https:\/\/www.iesc.eu\/mrotronde\/module-task-admin\/","title":{"rendered":"Arbeitsschritte Stammdatenverwaltung"},"content":{"rendered":"<p>Laden Sie ihre Kalkulation hoch in das Modul Arbeitsschritt Stammdatenverwaltung um sie f\u00fcr zuk\u00fcnftige Auftr\u00e4ge in MROTRON<sup>\u00ae<\/sup> verf\u00fcgbar zu machen<\/p>\n<ul>\n<li>grafische Darstellung der Arbeitsschritte, inklusive Inspektionen und Revisionen in einer Baumstruktur<\/li>\n<li>umfangreiche Suchfunktion<\/li>\n<li>Revisionsverwaltung<\/li>\n<li>Verwaltung der Inspektionsprogramme pro Flugzeugtyp<\/li>\n<li>Zuordnung\u00a0eines Arbeitsschrittes zu mehreren Checks als auch als\u00a0einzeln durchgef\u00fchrte T\u00e4tigkeit<\/li>\n<li>individuelle Ressourcen- und Preisplanung pro Inspektions-Check-Kombination der Arbeitsschritte m\u00f6glich<\/li>\n<li>eingebaute &#8222;durchgef\u00fchrt mit&#8220;- Funktion<\/li>\n<li>Verwaltung von Teileinspektionspflichten auch \u00fcber Arbeitsschritte m\u00f6glich<\/li>\n<li>unlimitierte Anzahl an Intervaltypen pro Arbeitsschritt<\/li>\n<li>individuelle Definition der Kosten und Preise f\u00fcr Mannstunden, Materialien, Dienstleistungen, etc.<\/li>\n<li>Initialisierung zum Luftfahrzeug oder zur Einbaugruppe pro einzelnem Arbeitsschritt m\u00f6glich<\/li>\n<li>Definition eines Intervaltoleranzbereichs und\u00a0permanenter Verl\u00e4ngerung m\u00f6glich<\/li>\n<li>Darstellung der historischen Daten aus CAMO-Sicht und aus Werkst\u00e4ttensicht samt Feedback-Schleife<\/li>\n<li>Ausfallssicherheitsbericht pro\u00a0Flugzeug oder \u00fcber eine Flotte definierbar<\/li>\n<\/ul>\n<p><a id=\"ab\" href=\"https:\/\/www.iesc.eu\/mrotronde\/mrotron-2\/modules\/\">zur\u00fcck zur Modul\u00fcbersicht<\/a><\/p>\n","protected":false},"excerpt":{"rendered":"<p>Laden Sie ihre Kalkulation hoch in das Modul Arbeitsschritt Stammdatenverwaltung um sie f\u00fcr zuk\u00fcnftige Auftr\u00e4ge in MROTRON\u00ae verf\u00fcgbar zu machen grafische Darstellung der Arbeitsschritte, inklusive Inspektionen und Revisionen in einer Baumstruktur umfangreiche Suchfunktion Revisionsverwaltung Verwaltung der Inspektionsprogramme pro Flugzeugtyp Zuordnung\u00a0eines Arbeitsschrittes zu mehreren Checks als auch als\u00a0einzeln durchgef\u00fchrte T\u00e4tigkeit individuelle Ressourcen- und Preisplanung pro Inspektions-Check-Kombination&#8230;<\/p>\n","protected":false},"author":2,"featured_media":0,"parent":0,"menu_order":0,"comment_status":"closed","ping_status":"closed","template":"","meta":{"footnotes":""},"class_list":["post-360","page","type-page","status-publish","hentry"],"yoast_head":"<!-- This site is optimized with the Yoast SEO plugin v27.3 - https:\/\/yoast.com\/product\/yoast-seo-wordpress\/ -->\n<title>Mrotron - Arbeitsschritte Stammdatenverwaltung<\/title>\n<meta name=\"description\" content=\"Laden Sie ihre Kalkulation hoch in das Modul Arbeitsschritt Stammdatenverwaltung um sie f\u00fcr zuk\u00fcnftige Auftr\u00e4ge in MROTRON\u00ae verf\u00fcgbar zu machen\" \/>\n<meta name=\"robots\" content=\"index, follow, max-snippet:-1, max-image-preview:large, max-video-preview:-1\" \/>\n<link rel=\"canonical\" href=\"https:\/\/www.iesc.eu\/mrotronde\/module-task-admin\/\" \/>\n<meta property=\"og:locale\" content=\"de_DE\" \/>\n<meta property=\"og:type\" content=\"article\" \/>\n<meta property=\"og:title\" content=\"Mrotron - Arbeitsschritte Stammdatenverwaltung\" \/>\n<meta property=\"og:description\" content=\"Laden Sie ihre Kalkulation hoch in das Modul Arbeitsschritt Stammdatenverwaltung um sie f\u00fcr zuk\u00fcnftige Auftr\u00e4ge in MROTRON\u00ae verf\u00fcgbar zu machen\" \/>\n<meta property=\"og:url\" content=\"https:\/\/www.iesc.eu\/mrotronde\/module-task-admin\/\" \/>\n<meta property=\"og:site_name\" content=\"mrotronde\" \/>\n<meta property=\"article:modified_time\" content=\"2022-07-26T17:22:29+00:00\" \/>\n<meta name=\"twitter:card\" content=\"summary_large_image\" \/>\n<meta name=\"twitter:label1\" content=\"Gesch\u00e4tzte Lesezeit\" \/>\n\t<meta name=\"twitter:data1\" content=\"1\u00a0Minute\" \/>\n<script type=\"application\/ld+json\" class=\"yoast-schema-graph\">{\"@context\":\"https:\\\/\\\/schema.org\",\"@graph\":[{\"@type\":\"WebPage\",\"@id\":\"https:\\\/\\\/www.iesc.eu\\\/mrotronde\\\/module-task-admin\\\/\",\"url\":\"https:\\\/\\\/www.iesc.eu\\\/mrotronde\\\/module-task-admin\\\/\",\"name\":\"Mrotron - Arbeitsschritte Stammdatenverwaltung\",\"isPartOf\":{\"@id\":\"https:\\\/\\\/www.iesc.eu\\\/mrotronde\\\/#website\"},\"datePublished\":\"2022-07-26T15:57:56+00:00\",\"dateModified\":\"2022-07-26T17:22:29+00:00\",\"description\":\"Laden Sie ihre Kalkulation hoch in das Modul Arbeitsschritt Stammdatenverwaltung um sie f\u00fcr zuk\u00fcnftige Auftr\u00e4ge in MROTRON\u00ae verf\u00fcgbar zu machen\",\"breadcrumb\":{\"@id\":\"https:\\\/\\\/www.iesc.eu\\\/mrotronde\\\/module-task-admin\\\/#breadcrumb\"},\"inLanguage\":\"de\",\"potentialAction\":[{\"@type\":\"ReadAction\",\"target\":[\"https:\\\/\\\/www.iesc.eu\\\/mrotronde\\\/module-task-admin\\\/\"]}]},{\"@type\":\"BreadcrumbList\",\"@id\":\"https:\\\/\\\/www.iesc.eu\\\/mrotronde\\\/module-task-admin\\\/#breadcrumb\",\"itemListElement\":[{\"@type\":\"ListItem\",\"position\":1,\"name\":\"Startseite\",\"item\":\"https:\\\/\\\/www.iesc.eu\\\/mrotronde\\\/\"},{\"@type\":\"ListItem\",\"position\":2,\"name\":\"Arbeitsschritte Stammdatenverwaltung\"}]},{\"@type\":\"WebSite\",\"@id\":\"https:\\\/\\\/www.iesc.eu\\\/mrotronde\\\/#website\",\"url\":\"https:\\\/\\\/www.iesc.eu\\\/mrotronde\\\/\",\"name\":\"mrotronde\",\"description\":\"\",\"publisher\":{\"@id\":\"https:\\\/\\\/www.iesc.eu\\\/mrotronde\\\/#organization\"},\"potentialAction\":[{\"@type\":\"SearchAction\",\"target\":{\"@type\":\"EntryPoint\",\"urlTemplate\":\"https:\\\/\\\/www.iesc.eu\\\/mrotronde\\\/?s={search_term_string}\"},\"query-input\":{\"@type\":\"PropertyValueSpecification\",\"valueRequired\":true,\"valueName\":\"search_term_string\"}}],\"inLanguage\":\"de\"},{\"@type\":\"Organization\",\"@id\":\"https:\\\/\\\/www.iesc.eu\\\/mrotronde\\\/#organization\",\"name\":\"IESC-Integrated Efficient Solutions & Consulting GmbH\",\"url\":\"https:\\\/\\\/www.iesc.eu\\\/mrotronde\\\/\",\"logo\":{\"@type\":\"ImageObject\",\"inLanguage\":\"de\",\"@id\":\"https:\\\/\\\/www.iesc.eu\\\/mrotronde\\\/#\\\/schema\\\/logo\\\/image\\\/\",\"url\":\"https:\\\/\\\/www.iesc.eu\\\/mrotronde\\\/wp-content\\\/uploads\\\/2022\\\/07\\\/IESC_logo_343_140.png\",\"contentUrl\":\"https:\\\/\\\/www.iesc.eu\\\/mrotronde\\\/wp-content\\\/uploads\\\/2022\\\/07\\\/IESC_logo_343_140.png\",\"width\":343,\"height\":140,\"caption\":\"IESC-Integrated Efficient Solutions & Consulting GmbH\"},\"image\":{\"@id\":\"https:\\\/\\\/www.iesc.eu\\\/mrotronde\\\/#\\\/schema\\\/logo\\\/image\\\/\"},\"sameAs\":[\"https:\\\/\\\/www.linkedin.com\\\/company\\\/iesc-integrated-efficient-solutions-&amp;-consulting-gmbh\"]}]}<\/script>\n<!-- \/ Yoast SEO plugin. -->","yoast_head_json":{"title":"Mrotron - Arbeitsschritte Stammdatenverwaltung","description":"Laden Sie ihre Kalkulation hoch in das Modul Arbeitsschritt Stammdatenverwaltung um sie f\u00fcr zuk\u00fcnftige Auftr\u00e4ge in MROTRON\u00ae verf\u00fcgbar zu machen","robots":{"index":"index","follow":"follow","max-snippet":"max-snippet:-1","max-image-preview":"max-image-preview:large","max-video-preview":"max-video-preview:-1"},"canonical":"https:\/\/www.iesc.eu\/mrotronde\/module-task-admin\/","og_locale":"de_DE","og_type":"article","og_title":"Mrotron - Arbeitsschritte Stammdatenverwaltung","og_description":"Laden Sie ihre Kalkulation hoch in das Modul Arbeitsschritt Stammdatenverwaltung um sie f\u00fcr zuk\u00fcnftige Auftr\u00e4ge in MROTRON\u00ae verf\u00fcgbar zu machen","og_url":"https:\/\/www.iesc.eu\/mrotronde\/module-task-admin\/","og_site_name":"mrotronde","article_modified_time":"2022-07-26T17:22:29+00:00","twitter_card":"summary_large_image","twitter_misc":{"Gesch\u00e4tzte Lesezeit":"1\u00a0Minute"},"schema":{"@context":"https:\/\/schema.org","@graph":[{"@type":"WebPage","@id":"https:\/\/www.iesc.eu\/mrotronde\/module-task-admin\/","url":"https:\/\/www.iesc.eu\/mrotronde\/module-task-admin\/","name":"Mrotron - Arbeitsschritte Stammdatenverwaltung","isPartOf":{"@id":"https:\/\/www.iesc.eu\/mrotronde\/#website"},"datePublished":"2022-07-26T15:57:56+00:00","dateModified":"2022-07-26T17:22:29+00:00","description":"Laden Sie ihre Kalkulation hoch in das Modul Arbeitsschritt Stammdatenverwaltung um sie f\u00fcr zuk\u00fcnftige Auftr\u00e4ge in MROTRON\u00ae verf\u00fcgbar zu machen","breadcrumb":{"@id":"https:\/\/www.iesc.eu\/mrotronde\/module-task-admin\/#breadcrumb"},"inLanguage":"de","potentialAction":[{"@type":"ReadAction","target":["https:\/\/www.iesc.eu\/mrotronde\/module-task-admin\/"]}]},{"@type":"BreadcrumbList","@id":"https:\/\/www.iesc.eu\/mrotronde\/module-task-admin\/#breadcrumb","itemListElement":[{"@type":"ListItem","position":1,"name":"Startseite","item":"https:\/\/www.iesc.eu\/mrotronde\/"},{"@type":"ListItem","position":2,"name":"Arbeitsschritte Stammdatenverwaltung"}]},{"@type":"WebSite","@id":"https:\/\/www.iesc.eu\/mrotronde\/#website","url":"https:\/\/www.iesc.eu\/mrotronde\/","name":"mrotronde","description":"","publisher":{"@id":"https:\/\/www.iesc.eu\/mrotronde\/#organization"},"potentialAction":[{"@type":"SearchAction","target":{"@type":"EntryPoint","urlTemplate":"https:\/\/www.iesc.eu\/mrotronde\/?s={search_term_string}"},"query-input":{"@type":"PropertyValueSpecification","valueRequired":true,"valueName":"search_term_string"}}],"inLanguage":"de"},{"@type":"Organization","@id":"https:\/\/www.iesc.eu\/mrotronde\/#organization","name":"IESC-Integrated Efficient Solutions & Consulting GmbH","url":"https:\/\/www.iesc.eu\/mrotronde\/","logo":{"@type":"ImageObject","inLanguage":"de","@id":"https:\/\/www.iesc.eu\/mrotronde\/#\/schema\/logo\/image\/","url":"https:\/\/www.iesc.eu\/mrotronde\/wp-content\/uploads\/2022\/07\/IESC_logo_343_140.png","contentUrl":"https:\/\/www.iesc.eu\/mrotronde\/wp-content\/uploads\/2022\/07\/IESC_logo_343_140.png","width":343,"height":140,"caption":"IESC-Integrated Efficient Solutions & Consulting GmbH"},"image":{"@id":"https:\/\/www.iesc.eu\/mrotronde\/#\/schema\/logo\/image\/"},"sameAs":["https:\/\/www.linkedin.com\/company\/iesc-integrated-efficient-solutions-&amp;-consulting-gmbh"]}]}},"_links":{"self":[{"href":"https:\/\/www.iesc.eu\/mrotronde\/wp-json\/wp\/v2\/pages\/360","targetHints":{"allow":["GET"]}}],"collection":[{"href":"https:\/\/www.iesc.eu\/mrotronde\/wp-json\/wp\/v2\/pages"}],"about":[{"href":"https:\/\/www.iesc.eu\/mrotronde\/wp-json\/wp\/v2\/types\/page"}],"author":[{"embeddable":true,"href":"https:\/\/www.iesc.eu\/mrotronde\/wp-json\/wp\/v2\/users\/2"}],"replies":[{"embeddable":true,"href":"https:\/\/www.iesc.eu\/mrotronde\/wp-json\/wp\/v2\/comments?post=360"}],"version-history":[{"count":14,"href":"https:\/\/www.iesc.eu\/mrotronde\/wp-json\/wp\/v2\/pages\/360\/revisions"}],"predecessor-version":[{"id":884,"href":"https:\/\/www.iesc.eu\/mrotronde\/wp-json\/wp\/v2\/pages\/360\/revisions\/884"}],"wp:attachment":[{"href":"https:\/\/www.iesc.eu\/mrotronde\/wp-json\/wp\/v2\/media?parent=360"}],"curies":[{"name":"wp","href":"https:\/\/api.w.org\/{rel}","templated":true}]}}