{"id":357,"date":"2022-07-26T17:32:05","date_gmt":"2022-07-26T15:32:05","guid":{"rendered":"http:\/\/localhost:8081\/wordpress\/?page_id=357"},"modified":"2022-07-26T19:21:40","modified_gmt":"2022-07-26T17:21:40","slug":"modules-address-ac-contracts","status":"publish","type":"page","link":"https:\/\/www.iesc.eu\/mrotronde\/modules-address-ac-contracts\/","title":{"rendered":"Adressen- und Luftfahrzeugverwaltung"},"content":{"rendered":"<p>Verwalten Sie ihre Kunden und Lieferanten mit allen deren relevanten Daten in nur einem Modul<img loading=\"lazy\" decoding=\"async\" class=\"wp-image-543 alignright\" src=\"https:\/\/iesc.eu\/mrotronde\/wp-content\/uploads\/2015\/06\/Adresstree_Mrotron.png\" alt=\"Adresstree_Mrotron\" width=\"216\" height=\"234\" \/><\/p>\n<ul>\n<li>die grafische Darstellung der Adressen, einschlie\u00dflich deren Abteilungen, Kontakte, Luftfahrzeuge und Vertr\u00e4gen, in einer Baumstruktur gew\u00e4hrt einen herausragenden \u00dcberblick<\/li>\n<li>umfangreiche Suchfunktion<\/li>\n<li>automatische Verlinkung zu den Modulen Luftfahrzeug-Verwaltung und Vertrags-Verwaltung<\/li>\n<li>Verwaltung der Lizenzen von Unternehmen\u00a0und den Bef\u00e4higungsnachweisen von\u00a0Kontakten<\/li>\n<li>Verwaltung der Lieferanten Preislisten inkl. Importfunktion<\/li>\n<li>Verwaltung der Lieferanten-Genehmigungsverzeichnisse<\/li>\n<li>Verwaltung der Kommunikationsdaten<\/li>\n<li>Verwaltung der Finanzdaten wie Rechnungsadresse, Rechnungslieferadresse, Zahlungsfrist, Bankdaten, etc.<\/li>\n<li>Verwaltung der Logistikdaten wie Lieferadresse, Lieferbedingungen, Zolllizenzen, etc.<\/li>\n<li>Luftfahrzeug-Stammdaten samt Historie<\/li>\n<\/ul>\n<p><a id=\"ab\" href=\"https:\/\/www.iesc.eu\/mrotronde\/mrotron-2\/modules\/\">zur\u00fcck zur Modul\u00fcbersicht<\/a><\/p>\n","protected":false},"excerpt":{"rendered":"<p>Verwalten Sie ihre Kunden und Lieferanten mit allen deren relevanten Daten in nur einem Modul die grafische Darstellung der Adressen, einschlie\u00dflich deren Abteilungen, Kontakte, Luftfahrzeuge und Vertr\u00e4gen, in einer Baumstruktur gew\u00e4hrt einen herausragenden \u00dcberblick umfangreiche Suchfunktion automatische Verlinkung zu den Modulen Luftfahrzeug-Verwaltung und Vertrags-Verwaltung Verwaltung der Lizenzen von Unternehmen\u00a0und den Bef\u00e4higungsnachweisen von\u00a0Kontakten Verwaltung der Lieferanten&#8230;<\/p>\n","protected":false},"author":2,"featured_media":0,"parent":0,"menu_order":0,"comment_status":"closed","ping_status":"closed","template":"","meta":{"footnotes":""},"class_list":["post-357","page","type-page","status-publish","hentry"],"yoast_head":"<!-- This site is optimized with the Yoast SEO plugin v27.3 - https:\/\/yoast.com\/product\/yoast-seo-wordpress\/ -->\n<title>Mrotron - Adressen- und Luftfahrzeugverwaltung<\/title>\n<meta name=\"description\" content=\"Verwalten Sie ihre Kunden und Lieferanten mit allen deren relevanten Daten in nur einem Modul\" \/>\n<meta name=\"robots\" content=\"index, follow, max-snippet:-1, max-image-preview:large, max-video-preview:-1\" \/>\n<link rel=\"canonical\" href=\"https:\/\/www.iesc.eu\/mrotronde\/modules-address-ac-contracts\/\" \/>\n<meta property=\"og:locale\" content=\"de_DE\" \/>\n<meta property=\"og:type\" content=\"article\" \/>\n<meta property=\"og:title\" content=\"Mrotron - Adressen- und Luftfahrzeugverwaltung\" \/>\n<meta property=\"og:description\" content=\"Verwalten Sie ihre Kunden und Lieferanten mit allen deren relevanten Daten in nur einem Modul\" \/>\n<meta property=\"og:url\" content=\"https:\/\/www.iesc.eu\/mrotronde\/modules-address-ac-contracts\/\" \/>\n<meta property=\"og:site_name\" content=\"mrotronde\" \/>\n<meta property=\"article:modified_time\" content=\"2022-07-26T17:21:40+00:00\" \/>\n<meta property=\"og:image\" content=\"https:\/\/iesc.eu\/mrotronde\/wp-content\/uploads\/2015\/06\/Adresstree_Mrotron.png\" \/>\n<meta name=\"twitter:card\" content=\"summary_large_image\" \/>\n<meta name=\"twitter:label1\" content=\"Gesch\u00e4tzte Lesezeit\" \/>\n\t<meta name=\"twitter:data1\" content=\"1\u00a0Minute\" \/>\n<script type=\"application\/ld+json\" class=\"yoast-schema-graph\">{\"@context\":\"https:\\\/\\\/schema.org\",\"@graph\":[{\"@type\":\"WebPage\",\"@id\":\"https:\\\/\\\/www.iesc.eu\\\/mrotronde\\\/modules-address-ac-contracts\\\/\",\"url\":\"https:\\\/\\\/www.iesc.eu\\\/mrotronde\\\/modules-address-ac-contracts\\\/\",\"name\":\"Mrotron - Adressen- und Luftfahrzeugverwaltung\",\"isPartOf\":{\"@id\":\"https:\\\/\\\/www.iesc.eu\\\/mrotronde\\\/#website\"},\"primaryImageOfPage\":{\"@id\":\"https:\\\/\\\/www.iesc.eu\\\/mrotronde\\\/modules-address-ac-contracts\\\/#primaryimage\"},\"image\":{\"@id\":\"https:\\\/\\\/www.iesc.eu\\\/mrotronde\\\/modules-address-ac-contracts\\\/#primaryimage\"},\"thumbnailUrl\":\"https:\\\/\\\/iesc.eu\\\/mrotronde\\\/wp-content\\\/uploads\\\/2015\\\/06\\\/Adresstree_Mrotron.png\",\"datePublished\":\"2022-07-26T15:32:05+00:00\",\"dateModified\":\"2022-07-26T17:21:40+00:00\",\"description\":\"Verwalten Sie ihre Kunden und Lieferanten mit allen deren relevanten Daten in nur einem Modul\",\"breadcrumb\":{\"@id\":\"https:\\\/\\\/www.iesc.eu\\\/mrotronde\\\/modules-address-ac-contracts\\\/#breadcrumb\"},\"inLanguage\":\"de\",\"potentialAction\":[{\"@type\":\"ReadAction\",\"target\":[\"https:\\\/\\\/www.iesc.eu\\\/mrotronde\\\/modules-address-ac-contracts\\\/\"]}]},{\"@type\":\"ImageObject\",\"inLanguage\":\"de\",\"@id\":\"https:\\\/\\\/www.iesc.eu\\\/mrotronde\\\/modules-address-ac-contracts\\\/#primaryimage\",\"url\":\"https:\\\/\\\/iesc.eu\\\/mrotronde\\\/wp-content\\\/uploads\\\/2015\\\/06\\\/Adresstree_Mrotron.png\",\"contentUrl\":\"https:\\\/\\\/iesc.eu\\\/mrotronde\\\/wp-content\\\/uploads\\\/2015\\\/06\\\/Adresstree_Mrotron.png\"},{\"@type\":\"BreadcrumbList\",\"@id\":\"https:\\\/\\\/www.iesc.eu\\\/mrotronde\\\/modules-address-ac-contracts\\\/#breadcrumb\",\"itemListElement\":[{\"@type\":\"ListItem\",\"position\":1,\"name\":\"Startseite\",\"item\":\"https:\\\/\\\/www.iesc.eu\\\/mrotronde\\\/\"},{\"@type\":\"ListItem\",\"position\":2,\"name\":\"Adressen- und Luftfahrzeugverwaltung\"}]},{\"@type\":\"WebSite\",\"@id\":\"https:\\\/\\\/www.iesc.eu\\\/mrotronde\\\/#website\",\"url\":\"https:\\\/\\\/www.iesc.eu\\\/mrotronde\\\/\",\"name\":\"mrotronde\",\"description\":\"\",\"publisher\":{\"@id\":\"https:\\\/\\\/www.iesc.eu\\\/mrotronde\\\/#organization\"},\"potentialAction\":[{\"@type\":\"SearchAction\",\"target\":{\"@type\":\"EntryPoint\",\"urlTemplate\":\"https:\\\/\\\/www.iesc.eu\\\/mrotronde\\\/?s={search_term_string}\"},\"query-input\":{\"@type\":\"PropertyValueSpecification\",\"valueRequired\":true,\"valueName\":\"search_term_string\"}}],\"inLanguage\":\"de\"},{\"@type\":\"Organization\",\"@id\":\"https:\\\/\\\/www.iesc.eu\\\/mrotronde\\\/#organization\",\"name\":\"IESC-Integrated Efficient Solutions & Consulting GmbH\",\"url\":\"https:\\\/\\\/www.iesc.eu\\\/mrotronde\\\/\",\"logo\":{\"@type\":\"ImageObject\",\"inLanguage\":\"de\",\"@id\":\"https:\\\/\\\/www.iesc.eu\\\/mrotronde\\\/#\\\/schema\\\/logo\\\/image\\\/\",\"url\":\"https:\\\/\\\/www.iesc.eu\\\/mrotronde\\\/wp-content\\\/uploads\\\/2022\\\/07\\\/IESC_logo_343_140.png\",\"contentUrl\":\"https:\\\/\\\/www.iesc.eu\\\/mrotronde\\\/wp-content\\\/uploads\\\/2022\\\/07\\\/IESC_logo_343_140.png\",\"width\":343,\"height\":140,\"caption\":\"IESC-Integrated Efficient Solutions & Consulting GmbH\"},\"image\":{\"@id\":\"https:\\\/\\\/www.iesc.eu\\\/mrotronde\\\/#\\\/schema\\\/logo\\\/image\\\/\"},\"sameAs\":[\"https:\\\/\\\/www.linkedin.com\\\/company\\\/iesc-integrated-efficient-solutions-&amp;-consulting-gmbh\"]}]}<\/script>\n<!-- \/ Yoast SEO plugin. -->","yoast_head_json":{"title":"Mrotron - Adressen- und Luftfahrzeugverwaltung","description":"Verwalten Sie ihre Kunden und Lieferanten mit allen deren relevanten Daten in nur einem Modul","robots":{"index":"index","follow":"follow","max-snippet":"max-snippet:-1","max-image-preview":"max-image-preview:large","max-video-preview":"max-video-preview:-1"},"canonical":"https:\/\/www.iesc.eu\/mrotronde\/modules-address-ac-contracts\/","og_locale":"de_DE","og_type":"article","og_title":"Mrotron - Adressen- und Luftfahrzeugverwaltung","og_description":"Verwalten Sie ihre Kunden und Lieferanten mit allen deren relevanten Daten in nur einem Modul","og_url":"https:\/\/www.iesc.eu\/mrotronde\/modules-address-ac-contracts\/","og_site_name":"mrotronde","article_modified_time":"2022-07-26T17:21:40+00:00","og_image":[{"url":"https:\/\/iesc.eu\/mrotronde\/wp-content\/uploads\/2015\/06\/Adresstree_Mrotron.png","type":"","width":"","height":""}],"twitter_card":"summary_large_image","twitter_misc":{"Gesch\u00e4tzte Lesezeit":"1\u00a0Minute"},"schema":{"@context":"https:\/\/schema.org","@graph":[{"@type":"WebPage","@id":"https:\/\/www.iesc.eu\/mrotronde\/modules-address-ac-contracts\/","url":"https:\/\/www.iesc.eu\/mrotronde\/modules-address-ac-contracts\/","name":"Mrotron - Adressen- und Luftfahrzeugverwaltung","isPartOf":{"@id":"https:\/\/www.iesc.eu\/mrotronde\/#website"},"primaryImageOfPage":{"@id":"https:\/\/www.iesc.eu\/mrotronde\/modules-address-ac-contracts\/#primaryimage"},"image":{"@id":"https:\/\/www.iesc.eu\/mrotronde\/modules-address-ac-contracts\/#primaryimage"},"thumbnailUrl":"https:\/\/iesc.eu\/mrotronde\/wp-content\/uploads\/2015\/06\/Adresstree_Mrotron.png","datePublished":"2022-07-26T15:32:05+00:00","dateModified":"2022-07-26T17:21:40+00:00","description":"Verwalten Sie ihre Kunden und Lieferanten mit allen deren relevanten Daten in nur einem Modul","breadcrumb":{"@id":"https:\/\/www.iesc.eu\/mrotronde\/modules-address-ac-contracts\/#breadcrumb"},"inLanguage":"de","potentialAction":[{"@type":"ReadAction","target":["https:\/\/www.iesc.eu\/mrotronde\/modules-address-ac-contracts\/"]}]},{"@type":"ImageObject","inLanguage":"de","@id":"https:\/\/www.iesc.eu\/mrotronde\/modules-address-ac-contracts\/#primaryimage","url":"https:\/\/iesc.eu\/mrotronde\/wp-content\/uploads\/2015\/06\/Adresstree_Mrotron.png","contentUrl":"https:\/\/iesc.eu\/mrotronde\/wp-content\/uploads\/2015\/06\/Adresstree_Mrotron.png"},{"@type":"BreadcrumbList","@id":"https:\/\/www.iesc.eu\/mrotronde\/modules-address-ac-contracts\/#breadcrumb","itemListElement":[{"@type":"ListItem","position":1,"name":"Startseite","item":"https:\/\/www.iesc.eu\/mrotronde\/"},{"@type":"ListItem","position":2,"name":"Adressen- und Luftfahrzeugverwaltung"}]},{"@type":"WebSite","@id":"https:\/\/www.iesc.eu\/mrotronde\/#website","url":"https:\/\/www.iesc.eu\/mrotronde\/","name":"mrotronde","description":"","publisher":{"@id":"https:\/\/www.iesc.eu\/mrotronde\/#organization"},"potentialAction":[{"@type":"SearchAction","target":{"@type":"EntryPoint","urlTemplate":"https:\/\/www.iesc.eu\/mrotronde\/?s={search_term_string}"},"query-input":{"@type":"PropertyValueSpecification","valueRequired":true,"valueName":"search_term_string"}}],"inLanguage":"de"},{"@type":"Organization","@id":"https:\/\/www.iesc.eu\/mrotronde\/#organization","name":"IESC-Integrated Efficient Solutions & Consulting GmbH","url":"https:\/\/www.iesc.eu\/mrotronde\/","logo":{"@type":"ImageObject","inLanguage":"de","@id":"https:\/\/www.iesc.eu\/mrotronde\/#\/schema\/logo\/image\/","url":"https:\/\/www.iesc.eu\/mrotronde\/wp-content\/uploads\/2022\/07\/IESC_logo_343_140.png","contentUrl":"https:\/\/www.iesc.eu\/mrotronde\/wp-content\/uploads\/2022\/07\/IESC_logo_343_140.png","width":343,"height":140,"caption":"IESC-Integrated Efficient Solutions & Consulting GmbH"},"image":{"@id":"https:\/\/www.iesc.eu\/mrotronde\/#\/schema\/logo\/image\/"},"sameAs":["https:\/\/www.linkedin.com\/company\/iesc-integrated-efficient-solutions-&amp;-consulting-gmbh"]}]}},"_links":{"self":[{"href":"https:\/\/www.iesc.eu\/mrotronde\/wp-json\/wp\/v2\/pages\/357","targetHints":{"allow":["GET"]}}],"collection":[{"href":"https:\/\/www.iesc.eu\/mrotronde\/wp-json\/wp\/v2\/pages"}],"about":[{"href":"https:\/\/www.iesc.eu\/mrotronde\/wp-json\/wp\/v2\/types\/page"}],"author":[{"embeddable":true,"href":"https:\/\/www.iesc.eu\/mrotronde\/wp-json\/wp\/v2\/users\/2"}],"replies":[{"embeddable":true,"href":"https:\/\/www.iesc.eu\/mrotronde\/wp-json\/wp\/v2\/comments?post=357"}],"version-history":[{"count":18,"href":"https:\/\/www.iesc.eu\/mrotronde\/wp-json\/wp\/v2\/pages\/357\/revisions"}],"predecessor-version":[{"id":882,"href":"https:\/\/www.iesc.eu\/mrotronde\/wp-json\/wp\/v2\/pages\/357\/revisions\/882"}],"wp:attachment":[{"href":"https:\/\/www.iesc.eu\/mrotronde\/wp-json\/wp\/v2\/media?parent=357"}],"curies":[{"name":"wp","href":"https:\/\/api.w.org\/{rel}","templated":true}]}}