{"id":354,"date":"2022-07-26T19:20:51","date_gmt":"2022-07-26T17:20:51","guid":{"rendered":"http:\/\/localhost:8081\/wordpress\/?page_id=354"},"modified":"2022-07-26T19:21:03","modified_gmt":"2022-07-26T17:21:03","slug":"module-interface","status":"publish","type":"page","link":"https:\/\/www.iesc.eu\/mrotronde\/module-interface\/","title":{"rendered":"Modul Schnittstellen"},"content":{"rendered":"<p>MROTRON<sup>\u00ae<\/sup> bietet flexible Import- und Exportschnittstellen f\u00fcr eine Vielzahl von Prozessen wie<\/p>\n<p>&#8211; Finanzschnittstelle<\/p>\n<ul>\n<li>in der Lage Datens\u00e4tze bis zu jeder kommerziell relevanten Buchung oder nur f\u00fcr vereinfachte Buchhaltungssysteme bereitzustellen<\/li>\n<li>eingebauter Datenkonsistenzcheck<\/li>\n<li>eingebauter Zeitplaner<\/li>\n<li>separates Modul f\u00fcr individuelle Einstellungen pro Buchungstyp<\/li>\n<\/ul>\n<p>&#8211; Dokumentenschnittstelle<\/p>\n<ul>\n<li>individuelle Einstellungen pro Dokumentenart im Modul Dokumentenverwaltung<\/li>\n<li>eingebauter Zeitplaner f\u00fcr automatischen Check auf neue Revisionen<\/li>\n<li>Setup f\u00fcr eine Reihe von verschiedenen Datenquellen<\/li>\n<li>automatische Zuweisung von Dokumenttypen und Schl\u00fcsselw\u00f6rtern<\/li>\n<li>Dokumentenverteilfunktion<\/li>\n<\/ul>\n<p>&#8211; Lieferantenschnittstelle<\/p>\n<ul>\n<li>einstellbar f\u00fcr den Import von Lieferantenpreislisten aus beliebigen Tabellenformaten<\/li>\n<li>automatische Teilenummeridentifizierung<\/li>\n<li>automatische W\u00e4hrungsumrechnung<\/li>\n<li>Nachfolge-Teilenummer Funktion<\/li>\n<li>lieferantenabh\u00e4ngige Einheiten-Importfunktion f\u00fcr Bestellungen mit automatischer Einheitenumrechnung beim Wareneingang<\/li>\n<li>Packst\u00fcckdefinition individuell pro Lieferant definierbar<\/li>\n<\/ul>\n<p>&#8211; Kundenschnittstelle<\/p>\n<ul>\n<li>Import des Arbeitsauftrags aus beliebigen tabellenbasierten Dateiformaten<\/li>\n<li>flexible Einstellung der Importfunktion<\/li>\n<li>automatische Zuordnung der Ressourcen und Preise zu den importierten Daten<\/li>\n<li>Kundenberichte einschlie\u00dflich der Abrechnung haben dieselbe Struktur wie der importierte Arbeitsauftrag<\/li>\n<\/ul>\n<p>&#8211; W\u00e4hrungskursschnittstelle<\/p>\n<ul>\n<li>automatischer Import der W\u00e4hrungskurse von einer frei definierbaren Quelle<\/li>\n<li>eingebauter Zeitplaner<\/li>\n<li>Setup f\u00fcr eine Reihe von verschiedenen Datenquellen<\/li>\n<li>automatische Bereitstellung der W\u00e4hrungskurse<\/li>\n<li>flexible Definition des Referenzdatums zur Ermittlung des g\u00fcltigen Wechselkurses<\/li>\n<li>automatisches Setzen des Ablaufdatums von W\u00e4hrungskursen m\u00f6glich<\/li>\n<\/ul>\n<p><a id=\"ab\" href=\"https:\/\/www.iesc.eu\/mrotronde\/mrotron-2\/modules\/\">Zur\u00fcck zur Modul\u00fcbersicht<\/a><\/p>\n","protected":false},"excerpt":{"rendered":"<p>MROTRON\u00ae bietet flexible Import- und Exportschnittstellen f\u00fcr eine Vielzahl von Prozessen wie &#8211; Finanzschnittstelle in der Lage Datens\u00e4tze bis zu jeder kommerziell relevanten Buchung oder nur f\u00fcr vereinfachte Buchhaltungssysteme bereitzustellen eingebauter Datenkonsistenzcheck eingebauter Zeitplaner separates Modul f\u00fcr individuelle Einstellungen pro Buchungstyp &#8211; Dokumentenschnittstelle individuelle Einstellungen pro Dokumentenart im Modul Dokumentenverwaltung eingebauter Zeitplaner f\u00fcr automatischen Check&#8230;<\/p>\n","protected":false},"author":2,"featured_media":0,"parent":0,"menu_order":0,"comment_status":"closed","ping_status":"closed","template":"","meta":{"footnotes":""},"class_list":["post-354","page","type-page","status-publish","hentry"],"yoast_head":"<!-- This site is optimized with the Yoast SEO plugin v27.3 - https:\/\/yoast.com\/product\/yoast-seo-wordpress\/ -->\n<title>Modul Schnittstellen - mrotronde<\/title>\n<meta name=\"robots\" content=\"index, follow, max-snippet:-1, max-image-preview:large, max-video-preview:-1\" \/>\n<link rel=\"canonical\" href=\"https:\/\/www.iesc.eu\/mrotronde\/module-interface\/\" \/>\n<meta property=\"og:locale\" content=\"de_DE\" \/>\n<meta property=\"og:type\" content=\"article\" \/>\n<meta property=\"og:title\" content=\"Modul Schnittstellen - mrotronde\" \/>\n<meta property=\"og:description\" content=\"MROTRON\u00ae bietet flexible Import- und Exportschnittstellen f\u00fcr eine Vielzahl von Prozessen wie &#8211; Finanzschnittstelle in der Lage Datens\u00e4tze bis zu jeder kommerziell relevanten Buchung oder nur f\u00fcr vereinfachte Buchhaltungssysteme bereitzustellen eingebauter Datenkonsistenzcheck eingebauter Zeitplaner separates Modul f\u00fcr individuelle Einstellungen pro Buchungstyp &#8211; Dokumentenschnittstelle individuelle Einstellungen pro Dokumentenart im Modul Dokumentenverwaltung eingebauter Zeitplaner f\u00fcr automatischen Check...\" \/>\n<meta property=\"og:url\" content=\"https:\/\/www.iesc.eu\/mrotronde\/module-interface\/\" \/>\n<meta property=\"og:site_name\" content=\"mrotronde\" \/>\n<meta property=\"article:modified_time\" content=\"2022-07-26T17:21:03+00:00\" \/>\n<meta name=\"twitter:card\" content=\"summary_large_image\" \/>\n<meta name=\"twitter:label1\" content=\"Gesch\u00e4tzte Lesezeit\" \/>\n\t<meta name=\"twitter:data1\" content=\"1\u00a0Minute\" \/>\n<script type=\"application\/ld+json\" class=\"yoast-schema-graph\">{\"@context\":\"https:\\\/\\\/schema.org\",\"@graph\":[{\"@type\":\"WebPage\",\"@id\":\"https:\\\/\\\/www.iesc.eu\\\/mrotronde\\\/module-interface\\\/\",\"url\":\"https:\\\/\\\/www.iesc.eu\\\/mrotronde\\\/module-interface\\\/\",\"name\":\"Modul Schnittstellen - mrotronde\",\"isPartOf\":{\"@id\":\"https:\\\/\\\/www.iesc.eu\\\/mrotronde\\\/#website\"},\"datePublished\":\"2022-07-26T17:20:51+00:00\",\"dateModified\":\"2022-07-26T17:21:03+00:00\",\"breadcrumb\":{\"@id\":\"https:\\\/\\\/www.iesc.eu\\\/mrotronde\\\/module-interface\\\/#breadcrumb\"},\"inLanguage\":\"de\",\"potentialAction\":[{\"@type\":\"ReadAction\",\"target\":[\"https:\\\/\\\/www.iesc.eu\\\/mrotronde\\\/module-interface\\\/\"]}]},{\"@type\":\"BreadcrumbList\",\"@id\":\"https:\\\/\\\/www.iesc.eu\\\/mrotronde\\\/module-interface\\\/#breadcrumb\",\"itemListElement\":[{\"@type\":\"ListItem\",\"position\":1,\"name\":\"Startseite\",\"item\":\"https:\\\/\\\/www.iesc.eu\\\/mrotronde\\\/\"},{\"@type\":\"ListItem\",\"position\":2,\"name\":\"Modul Schnittstellen\"}]},{\"@type\":\"WebSite\",\"@id\":\"https:\\\/\\\/www.iesc.eu\\\/mrotronde\\\/#website\",\"url\":\"https:\\\/\\\/www.iesc.eu\\\/mrotronde\\\/\",\"name\":\"mrotronde\",\"description\":\"\",\"publisher\":{\"@id\":\"https:\\\/\\\/www.iesc.eu\\\/mrotronde\\\/#organization\"},\"potentialAction\":[{\"@type\":\"SearchAction\",\"target\":{\"@type\":\"EntryPoint\",\"urlTemplate\":\"https:\\\/\\\/www.iesc.eu\\\/mrotronde\\\/?s={search_term_string}\"},\"query-input\":{\"@type\":\"PropertyValueSpecification\",\"valueRequired\":true,\"valueName\":\"search_term_string\"}}],\"inLanguage\":\"de\"},{\"@type\":\"Organization\",\"@id\":\"https:\\\/\\\/www.iesc.eu\\\/mrotronde\\\/#organization\",\"name\":\"IESC-Integrated Efficient Solutions & Consulting GmbH\",\"url\":\"https:\\\/\\\/www.iesc.eu\\\/mrotronde\\\/\",\"logo\":{\"@type\":\"ImageObject\",\"inLanguage\":\"de\",\"@id\":\"https:\\\/\\\/www.iesc.eu\\\/mrotronde\\\/#\\\/schema\\\/logo\\\/image\\\/\",\"url\":\"https:\\\/\\\/www.iesc.eu\\\/mrotronde\\\/wp-content\\\/uploads\\\/2022\\\/07\\\/IESC_logo_343_140.png\",\"contentUrl\":\"https:\\\/\\\/www.iesc.eu\\\/mrotronde\\\/wp-content\\\/uploads\\\/2022\\\/07\\\/IESC_logo_343_140.png\",\"width\":343,\"height\":140,\"caption\":\"IESC-Integrated Efficient Solutions & Consulting GmbH\"},\"image\":{\"@id\":\"https:\\\/\\\/www.iesc.eu\\\/mrotronde\\\/#\\\/schema\\\/logo\\\/image\\\/\"},\"sameAs\":[\"https:\\\/\\\/www.linkedin.com\\\/company\\\/iesc-integrated-efficient-solutions-&amp;-consulting-gmbh\"]}]}<\/script>\n<!-- \/ Yoast SEO plugin. -->","yoast_head_json":{"title":"Modul Schnittstellen - mrotronde","robots":{"index":"index","follow":"follow","max-snippet":"max-snippet:-1","max-image-preview":"max-image-preview:large","max-video-preview":"max-video-preview:-1"},"canonical":"https:\/\/www.iesc.eu\/mrotronde\/module-interface\/","og_locale":"de_DE","og_type":"article","og_title":"Modul Schnittstellen - mrotronde","og_description":"MROTRON\u00ae bietet flexible Import- und Exportschnittstellen f\u00fcr eine Vielzahl von Prozessen wie &#8211; Finanzschnittstelle in der Lage Datens\u00e4tze bis zu jeder kommerziell relevanten Buchung oder nur f\u00fcr vereinfachte Buchhaltungssysteme bereitzustellen eingebauter Datenkonsistenzcheck eingebauter Zeitplaner separates Modul f\u00fcr individuelle Einstellungen pro Buchungstyp &#8211; Dokumentenschnittstelle individuelle Einstellungen pro Dokumentenart im Modul Dokumentenverwaltung eingebauter Zeitplaner f\u00fcr automatischen Check...","og_url":"https:\/\/www.iesc.eu\/mrotronde\/module-interface\/","og_site_name":"mrotronde","article_modified_time":"2022-07-26T17:21:03+00:00","twitter_card":"summary_large_image","twitter_misc":{"Gesch\u00e4tzte Lesezeit":"1\u00a0Minute"},"schema":{"@context":"https:\/\/schema.org","@graph":[{"@type":"WebPage","@id":"https:\/\/www.iesc.eu\/mrotronde\/module-interface\/","url":"https:\/\/www.iesc.eu\/mrotronde\/module-interface\/","name":"Modul Schnittstellen - mrotronde","isPartOf":{"@id":"https:\/\/www.iesc.eu\/mrotronde\/#website"},"datePublished":"2022-07-26T17:20:51+00:00","dateModified":"2022-07-26T17:21:03+00:00","breadcrumb":{"@id":"https:\/\/www.iesc.eu\/mrotronde\/module-interface\/#breadcrumb"},"inLanguage":"de","potentialAction":[{"@type":"ReadAction","target":["https:\/\/www.iesc.eu\/mrotronde\/module-interface\/"]}]},{"@type":"BreadcrumbList","@id":"https:\/\/www.iesc.eu\/mrotronde\/module-interface\/#breadcrumb","itemListElement":[{"@type":"ListItem","position":1,"name":"Startseite","item":"https:\/\/www.iesc.eu\/mrotronde\/"},{"@type":"ListItem","position":2,"name":"Modul Schnittstellen"}]},{"@type":"WebSite","@id":"https:\/\/www.iesc.eu\/mrotronde\/#website","url":"https:\/\/www.iesc.eu\/mrotronde\/","name":"mrotronde","description":"","publisher":{"@id":"https:\/\/www.iesc.eu\/mrotronde\/#organization"},"potentialAction":[{"@type":"SearchAction","target":{"@type":"EntryPoint","urlTemplate":"https:\/\/www.iesc.eu\/mrotronde\/?s={search_term_string}"},"query-input":{"@type":"PropertyValueSpecification","valueRequired":true,"valueName":"search_term_string"}}],"inLanguage":"de"},{"@type":"Organization","@id":"https:\/\/www.iesc.eu\/mrotronde\/#organization","name":"IESC-Integrated Efficient Solutions & Consulting GmbH","url":"https:\/\/www.iesc.eu\/mrotronde\/","logo":{"@type":"ImageObject","inLanguage":"de","@id":"https:\/\/www.iesc.eu\/mrotronde\/#\/schema\/logo\/image\/","url":"https:\/\/www.iesc.eu\/mrotronde\/wp-content\/uploads\/2022\/07\/IESC_logo_343_140.png","contentUrl":"https:\/\/www.iesc.eu\/mrotronde\/wp-content\/uploads\/2022\/07\/IESC_logo_343_140.png","width":343,"height":140,"caption":"IESC-Integrated Efficient Solutions & Consulting GmbH"},"image":{"@id":"https:\/\/www.iesc.eu\/mrotronde\/#\/schema\/logo\/image\/"},"sameAs":["https:\/\/www.linkedin.com\/company\/iesc-integrated-efficient-solutions-&amp;-consulting-gmbh"]}]}},"_links":{"self":[{"href":"https:\/\/www.iesc.eu\/mrotronde\/wp-json\/wp\/v2\/pages\/354","targetHints":{"allow":["GET"]}}],"collection":[{"href":"https:\/\/www.iesc.eu\/mrotronde\/wp-json\/wp\/v2\/pages"}],"about":[{"href":"https:\/\/www.iesc.eu\/mrotronde\/wp-json\/wp\/v2\/types\/page"}],"author":[{"embeddable":true,"href":"https:\/\/www.iesc.eu\/mrotronde\/wp-json\/wp\/v2\/users\/2"}],"replies":[{"embeddable":true,"href":"https:\/\/www.iesc.eu\/mrotronde\/wp-json\/wp\/v2\/comments?post=354"}],"version-history":[{"count":15,"href":"https:\/\/www.iesc.eu\/mrotronde\/wp-json\/wp\/v2\/pages\/354\/revisions"}],"predecessor-version":[{"id":880,"href":"https:\/\/www.iesc.eu\/mrotronde\/wp-json\/wp\/v2\/pages\/354\/revisions\/880"}],"wp:attachment":[{"href":"https:\/\/www.iesc.eu\/mrotronde\/wp-json\/wp\/v2\/media?parent=354"}],"curies":[{"name":"wp","href":"https:\/\/api.w.org\/{rel}","templated":true}]}}