{"id":348,"date":"2022-07-26T18:01:22","date_gmt":"2022-07-26T16:01:22","guid":{"rendered":"http:\/\/localhost:8081\/wordpress\/?page_id=348"},"modified":"2022-07-26T19:19:28","modified_gmt":"2022-07-26T17:19:28","slug":"module-user-admin","status":"publish","type":"page","link":"https:\/\/www.iesc.eu\/mrotronde\/module-user-admin\/","title":{"rendered":"Modul Benutzerverwaltung"},"content":{"rendered":"<p>Das Modul Benutzerverwaltung bietet eine State-of-the-Art Bedienung des Zugangs zu\u00a0Ihren Daten<img loading=\"lazy\" decoding=\"async\" class=\"wp-image-549 alignright\" src=\"https:\/\/iesc.eu\/mrotronde\/wp-content\/uploads\/2015\/06\/Timesheet_Mrotron.png\" alt=\"Timesheet_Mrotron\" width=\"273\" height=\"192\" srcset=\"https:\/\/www.iesc.eu\/mrotronde\/wp-content\/uploads\/2015\/06\/Timesheet_Mrotron.png 917w, https:\/\/www.iesc.eu\/mrotronde\/wp-content\/uploads\/2015\/06\/Timesheet_Mrotron-768x542.png 768w, https:\/\/www.iesc.eu\/mrotronde\/wp-content\/uploads\/2015\/06\/Timesheet_Mrotron-900x635.png 900w\" sizes=\"auto, (max-width: 273px) 100vw, 273px\" \/><\/p>\n<ul>\n<li>freie Definition einer unbegrenzten Anzahl an Benutzerrollen<\/li>\n<li>unlimitierte Anzahl an zugeordneten Rollen pro Benutzer<\/li>\n<li>Zugangsrechte definierbar bis hinunter auf Tab-Ebene mit\u00a0eigenen Berechtigungen f\u00fcr spezielle Prozesse<\/li>\n<li>Mandantenfunktion<\/li>\n<li>Zuordnung von Benutzern zu Stationen m\u00f6glich<\/li>\n<li>Filter auf Daten- und Mandanten-Ebene einstellbar<\/li>\n<li>personalisierte Parametereinstellungen f\u00fcr jeden Benutzer<\/li>\n<li>tempor\u00e4re Vertreterfunktion<\/li>\n<li>Verwaltung der Benutzerlizenzen<\/li>\n<li>Benutzernotfalldatenverwaltung<\/li>\n<li>Schichtplan und Zeitnachweisliste<\/li>\n<\/ul>\n<p><a id=\"ab\" href=\"https:\/\/www.iesc.eu\/mrotronde\/mrotron-2\/modules\/\">zur\u00fcck zur Modul\u00fcbersicht<\/a><\/p>\n","protected":false},"excerpt":{"rendered":"<p>Das Modul Benutzerverwaltung bietet eine State-of-the-Art Bedienung des Zugangs zu\u00a0Ihren Daten freie Definition einer unbegrenzten Anzahl an Benutzerrollen unlimitierte Anzahl an zugeordneten Rollen pro Benutzer Zugangsrechte definierbar bis hinunter auf Tab-Ebene mit\u00a0eigenen Berechtigungen f\u00fcr spezielle Prozesse Mandantenfunktion Zuordnung von Benutzern zu Stationen m\u00f6glich Filter auf Daten- und Mandanten-Ebene einstellbar personalisierte Parametereinstellungen f\u00fcr jeden Benutzer tempor\u00e4re&#8230;<\/p>\n","protected":false},"author":2,"featured_media":0,"parent":0,"menu_order":0,"comment_status":"closed","ping_status":"closed","template":"","meta":{"footnotes":""},"class_list":["post-348","page","type-page","status-publish","hentry"],"yoast_head":"<!-- This site is optimized with the Yoast SEO plugin v27.3 - https:\/\/yoast.com\/product\/yoast-seo-wordpress\/ -->\n<title>Mrotron - Modul Benutzerverwaltung<\/title>\n<meta name=\"description\" content=\"Das Modul Benutzerverwaltung in Mrotron bietet eine State-of-the-Art Bedienung des Zugangs zu Ihren Daten\" \/>\n<meta name=\"robots\" content=\"index, follow, max-snippet:-1, max-image-preview:large, max-video-preview:-1\" \/>\n<link rel=\"canonical\" href=\"https:\/\/www.iesc.eu\/mrotronde\/module-user-admin\/\" \/>\n<meta property=\"og:locale\" content=\"de_DE\" \/>\n<meta property=\"og:type\" content=\"article\" \/>\n<meta property=\"og:title\" content=\"Mrotron - Modul Benutzerverwaltung\" \/>\n<meta property=\"og:description\" content=\"Das Modul Benutzerverwaltung in Mrotron bietet eine State-of-the-Art Bedienung des Zugangs zu Ihren Daten\" \/>\n<meta property=\"og:url\" content=\"https:\/\/www.iesc.eu\/mrotronde\/module-user-admin\/\" \/>\n<meta property=\"og:site_name\" content=\"mrotronde\" \/>\n<meta property=\"article:modified_time\" content=\"2022-07-26T17:19:28+00:00\" \/>\n<meta property=\"og:image\" content=\"https:\/\/iesc.eu\/mrotronde\/wp-content\/uploads\/2015\/06\/Timesheet_Mrotron.png\" \/>\n<meta name=\"twitter:card\" content=\"summary_large_image\" \/>\n<meta name=\"twitter:label1\" content=\"Gesch\u00e4tzte Lesezeit\" \/>\n\t<meta name=\"twitter:data1\" content=\"1\u00a0Minute\" \/>\n<script type=\"application\/ld+json\" class=\"yoast-schema-graph\">{\"@context\":\"https:\\\/\\\/schema.org\",\"@graph\":[{\"@type\":\"WebPage\",\"@id\":\"https:\\\/\\\/www.iesc.eu\\\/mrotronde\\\/module-user-admin\\\/\",\"url\":\"https:\\\/\\\/www.iesc.eu\\\/mrotronde\\\/module-user-admin\\\/\",\"name\":\"Mrotron - Modul Benutzerverwaltung\",\"isPartOf\":{\"@id\":\"https:\\\/\\\/www.iesc.eu\\\/mrotronde\\\/#website\"},\"primaryImageOfPage\":{\"@id\":\"https:\\\/\\\/www.iesc.eu\\\/mrotronde\\\/module-user-admin\\\/#primaryimage\"},\"image\":{\"@id\":\"https:\\\/\\\/www.iesc.eu\\\/mrotronde\\\/module-user-admin\\\/#primaryimage\"},\"thumbnailUrl\":\"https:\\\/\\\/iesc.eu\\\/mrotronde\\\/wp-content\\\/uploads\\\/2015\\\/06\\\/Timesheet_Mrotron.png\",\"datePublished\":\"2022-07-26T16:01:22+00:00\",\"dateModified\":\"2022-07-26T17:19:28+00:00\",\"description\":\"Das Modul Benutzerverwaltung in Mrotron bietet eine State-of-the-Art Bedienung des Zugangs zu Ihren Daten\",\"breadcrumb\":{\"@id\":\"https:\\\/\\\/www.iesc.eu\\\/mrotronde\\\/module-user-admin\\\/#breadcrumb\"},\"inLanguage\":\"de\",\"potentialAction\":[{\"@type\":\"ReadAction\",\"target\":[\"https:\\\/\\\/www.iesc.eu\\\/mrotronde\\\/module-user-admin\\\/\"]}]},{\"@type\":\"ImageObject\",\"inLanguage\":\"de\",\"@id\":\"https:\\\/\\\/www.iesc.eu\\\/mrotronde\\\/module-user-admin\\\/#primaryimage\",\"url\":\"https:\\\/\\\/iesc.eu\\\/mrotronde\\\/wp-content\\\/uploads\\\/2015\\\/06\\\/Timesheet_Mrotron.png\",\"contentUrl\":\"https:\\\/\\\/iesc.eu\\\/mrotronde\\\/wp-content\\\/uploads\\\/2015\\\/06\\\/Timesheet_Mrotron.png\"},{\"@type\":\"BreadcrumbList\",\"@id\":\"https:\\\/\\\/www.iesc.eu\\\/mrotronde\\\/module-user-admin\\\/#breadcrumb\",\"itemListElement\":[{\"@type\":\"ListItem\",\"position\":1,\"name\":\"Startseite\",\"item\":\"https:\\\/\\\/www.iesc.eu\\\/mrotronde\\\/\"},{\"@type\":\"ListItem\",\"position\":2,\"name\":\"Modul Benutzerverwaltung\"}]},{\"@type\":\"WebSite\",\"@id\":\"https:\\\/\\\/www.iesc.eu\\\/mrotronde\\\/#website\",\"url\":\"https:\\\/\\\/www.iesc.eu\\\/mrotronde\\\/\",\"name\":\"mrotronde\",\"description\":\"\",\"publisher\":{\"@id\":\"https:\\\/\\\/www.iesc.eu\\\/mrotronde\\\/#organization\"},\"potentialAction\":[{\"@type\":\"SearchAction\",\"target\":{\"@type\":\"EntryPoint\",\"urlTemplate\":\"https:\\\/\\\/www.iesc.eu\\\/mrotronde\\\/?s={search_term_string}\"},\"query-input\":{\"@type\":\"PropertyValueSpecification\",\"valueRequired\":true,\"valueName\":\"search_term_string\"}}],\"inLanguage\":\"de\"},{\"@type\":\"Organization\",\"@id\":\"https:\\\/\\\/www.iesc.eu\\\/mrotronde\\\/#organization\",\"name\":\"IESC-Integrated Efficient Solutions & Consulting GmbH\",\"url\":\"https:\\\/\\\/www.iesc.eu\\\/mrotronde\\\/\",\"logo\":{\"@type\":\"ImageObject\",\"inLanguage\":\"de\",\"@id\":\"https:\\\/\\\/www.iesc.eu\\\/mrotronde\\\/#\\\/schema\\\/logo\\\/image\\\/\",\"url\":\"https:\\\/\\\/www.iesc.eu\\\/mrotronde\\\/wp-content\\\/uploads\\\/2022\\\/07\\\/IESC_logo_343_140.png\",\"contentUrl\":\"https:\\\/\\\/www.iesc.eu\\\/mrotronde\\\/wp-content\\\/uploads\\\/2022\\\/07\\\/IESC_logo_343_140.png\",\"width\":343,\"height\":140,\"caption\":\"IESC-Integrated Efficient Solutions & Consulting GmbH\"},\"image\":{\"@id\":\"https:\\\/\\\/www.iesc.eu\\\/mrotronde\\\/#\\\/schema\\\/logo\\\/image\\\/\"},\"sameAs\":[\"https:\\\/\\\/www.linkedin.com\\\/company\\\/iesc-integrated-efficient-solutions-&amp;-consulting-gmbh\"]}]}<\/script>\n<!-- \/ Yoast SEO plugin. -->","yoast_head_json":{"title":"Mrotron - Modul Benutzerverwaltung","description":"Das Modul Benutzerverwaltung in Mrotron bietet eine State-of-the-Art Bedienung des Zugangs zu Ihren Daten","robots":{"index":"index","follow":"follow","max-snippet":"max-snippet:-1","max-image-preview":"max-image-preview:large","max-video-preview":"max-video-preview:-1"},"canonical":"https:\/\/www.iesc.eu\/mrotronde\/module-user-admin\/","og_locale":"de_DE","og_type":"article","og_title":"Mrotron - Modul Benutzerverwaltung","og_description":"Das Modul Benutzerverwaltung in Mrotron bietet eine State-of-the-Art Bedienung des Zugangs zu Ihren Daten","og_url":"https:\/\/www.iesc.eu\/mrotronde\/module-user-admin\/","og_site_name":"mrotronde","article_modified_time":"2022-07-26T17:19:28+00:00","og_image":[{"url":"https:\/\/iesc.eu\/mrotronde\/wp-content\/uploads\/2015\/06\/Timesheet_Mrotron.png","type":"","width":"","height":""}],"twitter_card":"summary_large_image","twitter_misc":{"Gesch\u00e4tzte Lesezeit":"1\u00a0Minute"},"schema":{"@context":"https:\/\/schema.org","@graph":[{"@type":"WebPage","@id":"https:\/\/www.iesc.eu\/mrotronde\/module-user-admin\/","url":"https:\/\/www.iesc.eu\/mrotronde\/module-user-admin\/","name":"Mrotron - Modul Benutzerverwaltung","isPartOf":{"@id":"https:\/\/www.iesc.eu\/mrotronde\/#website"},"primaryImageOfPage":{"@id":"https:\/\/www.iesc.eu\/mrotronde\/module-user-admin\/#primaryimage"},"image":{"@id":"https:\/\/www.iesc.eu\/mrotronde\/module-user-admin\/#primaryimage"},"thumbnailUrl":"https:\/\/iesc.eu\/mrotronde\/wp-content\/uploads\/2015\/06\/Timesheet_Mrotron.png","datePublished":"2022-07-26T16:01:22+00:00","dateModified":"2022-07-26T17:19:28+00:00","description":"Das Modul Benutzerverwaltung in Mrotron bietet eine State-of-the-Art Bedienung des Zugangs zu Ihren Daten","breadcrumb":{"@id":"https:\/\/www.iesc.eu\/mrotronde\/module-user-admin\/#breadcrumb"},"inLanguage":"de","potentialAction":[{"@type":"ReadAction","target":["https:\/\/www.iesc.eu\/mrotronde\/module-user-admin\/"]}]},{"@type":"ImageObject","inLanguage":"de","@id":"https:\/\/www.iesc.eu\/mrotronde\/module-user-admin\/#primaryimage","url":"https:\/\/iesc.eu\/mrotronde\/wp-content\/uploads\/2015\/06\/Timesheet_Mrotron.png","contentUrl":"https:\/\/iesc.eu\/mrotronde\/wp-content\/uploads\/2015\/06\/Timesheet_Mrotron.png"},{"@type":"BreadcrumbList","@id":"https:\/\/www.iesc.eu\/mrotronde\/module-user-admin\/#breadcrumb","itemListElement":[{"@type":"ListItem","position":1,"name":"Startseite","item":"https:\/\/www.iesc.eu\/mrotronde\/"},{"@type":"ListItem","position":2,"name":"Modul Benutzerverwaltung"}]},{"@type":"WebSite","@id":"https:\/\/www.iesc.eu\/mrotronde\/#website","url":"https:\/\/www.iesc.eu\/mrotronde\/","name":"mrotronde","description":"","publisher":{"@id":"https:\/\/www.iesc.eu\/mrotronde\/#organization"},"potentialAction":[{"@type":"SearchAction","target":{"@type":"EntryPoint","urlTemplate":"https:\/\/www.iesc.eu\/mrotronde\/?s={search_term_string}"},"query-input":{"@type":"PropertyValueSpecification","valueRequired":true,"valueName":"search_term_string"}}],"inLanguage":"de"},{"@type":"Organization","@id":"https:\/\/www.iesc.eu\/mrotronde\/#organization","name":"IESC-Integrated Efficient Solutions & Consulting GmbH","url":"https:\/\/www.iesc.eu\/mrotronde\/","logo":{"@type":"ImageObject","inLanguage":"de","@id":"https:\/\/www.iesc.eu\/mrotronde\/#\/schema\/logo\/image\/","url":"https:\/\/www.iesc.eu\/mrotronde\/wp-content\/uploads\/2022\/07\/IESC_logo_343_140.png","contentUrl":"https:\/\/www.iesc.eu\/mrotronde\/wp-content\/uploads\/2022\/07\/IESC_logo_343_140.png","width":343,"height":140,"caption":"IESC-Integrated Efficient Solutions & Consulting GmbH"},"image":{"@id":"https:\/\/www.iesc.eu\/mrotronde\/#\/schema\/logo\/image\/"},"sameAs":["https:\/\/www.linkedin.com\/company\/iesc-integrated-efficient-solutions-&amp;-consulting-gmbh"]}]}},"_links":{"self":[{"href":"https:\/\/www.iesc.eu\/mrotronde\/wp-json\/wp\/v2\/pages\/348","targetHints":{"allow":["GET"]}}],"collection":[{"href":"https:\/\/www.iesc.eu\/mrotronde\/wp-json\/wp\/v2\/pages"}],"about":[{"href":"https:\/\/www.iesc.eu\/mrotronde\/wp-json\/wp\/v2\/types\/page"}],"author":[{"embeddable":true,"href":"https:\/\/www.iesc.eu\/mrotronde\/wp-json\/wp\/v2\/users\/2"}],"replies":[{"embeddable":true,"href":"https:\/\/www.iesc.eu\/mrotronde\/wp-json\/wp\/v2\/comments?post=348"}],"version-history":[{"count":12,"href":"https:\/\/www.iesc.eu\/mrotronde\/wp-json\/wp\/v2\/pages\/348\/revisions"}],"predecessor-version":[{"id":876,"href":"https:\/\/www.iesc.eu\/mrotronde\/wp-json\/wp\/v2\/pages\/348\/revisions\/876"}],"wp:attachment":[{"href":"https:\/\/www.iesc.eu\/mrotronde\/wp-json\/wp\/v2\/media?parent=348"}],"curies":[{"name":"wp","href":"https:\/\/api.w.org\/{rel}","templated":true}]}}