{"id":345,"date":"2022-07-26T19:18:37","date_gmt":"2022-07-26T17:18:37","guid":{"rendered":"http:\/\/localhost:8081\/wordpress\/?page_id=345"},"modified":"2022-07-26T19:18:47","modified_gmt":"2022-07-26T17:18:47","slug":"module-requirements","status":"publish","type":"page","link":"https:\/\/www.iesc.eu\/mrotronde\/module-requirements\/","title":{"rendered":"Laufzeitenverfolgung, Werkzeugpr\u00fcfpflichten, Bef\u00e4higungsnachweise"},"content":{"rendered":"<p>Profitieren Sie von der umfangreichen Pr\u00fcfpflichtfunktion, die\u00a0MROTRON<sup>\u00ae <\/sup>zur Verf\u00fcgung stellt. Kein abgelaufenes Material oder Werkzeug mehr auf Lager; keine vers\u00e4umte T\u00dcV Pr\u00fcfung oder Verl\u00e4ngerung eines Bef\u00e4higungsnachweises<\/p>\n<ul>\n<li>unlimitierte Anzahl von Pr\u00fcfpflichten samt mehreren Triggern f\u00fcr Materialien und Werkzeuge<\/li>\n<li>alle F\u00e4lligkeiten in einer Sicht mit einer Vorschau auf eine vordefinierte Periode<\/li>\n<li>Generierung der Reparaturauftr\u00e4ge direkt aus der Vorschau mit einem automatisch generierten Auftragstext<\/li>\n<li>G\u00fcltigkeitsdatum und Erinnerungsdatum sowohl f\u00fcr Unternehmenslizenzen als auch Mitarbeiterbef\u00e4higungsnachweisen<\/li>\n<li>freie Definition des Empf\u00e4ngers der Erinnerung<\/li>\n<li>automatische Erstellung der Betriebsfreigabegenehmigung (CAA) mit allen g\u00fcltigen Lizenzen<\/li>\n<\/ul>\n<p><a id=\"ab\" href=\"https:\/\/www.iesc.eu\/mrotronde\/mrotron-2\/modules\/\">zur\u00fcck zur Modul\u00fcbersicht<\/a><\/p>\n","protected":false},"excerpt":{"rendered":"<p>Profitieren Sie von der umfangreichen Pr\u00fcfpflichtfunktion, die\u00a0MROTRON\u00ae zur Verf\u00fcgung stellt. Kein abgelaufenes Material oder Werkzeug mehr auf Lager; keine vers\u00e4umte T\u00dcV Pr\u00fcfung oder Verl\u00e4ngerung eines Bef\u00e4higungsnachweises unlimitierte Anzahl von Pr\u00fcfpflichten samt mehreren Triggern f\u00fcr Materialien und Werkzeuge alle F\u00e4lligkeiten in einer Sicht mit einer Vorschau auf eine vordefinierte Periode Generierung der Reparaturauftr\u00e4ge direkt aus der&#8230;<\/p>\n","protected":false},"author":2,"featured_media":0,"parent":0,"menu_order":0,"comment_status":"closed","ping_status":"closed","template":"","meta":{"footnotes":""},"class_list":["post-345","page","type-page","status-publish","hentry"],"yoast_head":"<!-- This site is optimized with the Yoast SEO plugin v27.3 - https:\/\/yoast.com\/product\/yoast-seo-wordpress\/ -->\n<title>Laufzeitenverfolgung, Werkzeugpr\u00fcfpflichten, Bef\u00e4higungsnachweise - mrotronde<\/title>\n<meta name=\"robots\" content=\"index, follow, max-snippet:-1, max-image-preview:large, max-video-preview:-1\" \/>\n<link rel=\"canonical\" href=\"https:\/\/www.iesc.eu\/mrotronde\/module-requirements\/\" \/>\n<meta property=\"og:locale\" content=\"de_DE\" \/>\n<meta property=\"og:type\" content=\"article\" \/>\n<meta property=\"og:title\" content=\"Laufzeitenverfolgung, Werkzeugpr\u00fcfpflichten, Bef\u00e4higungsnachweise - mrotronde\" \/>\n<meta property=\"og:description\" content=\"Profitieren Sie von der umfangreichen Pr\u00fcfpflichtfunktion, die\u00a0MROTRON\u00ae zur Verf\u00fcgung stellt. Kein abgelaufenes Material oder Werkzeug mehr auf Lager; keine vers\u00e4umte T\u00dcV Pr\u00fcfung oder Verl\u00e4ngerung eines Bef\u00e4higungsnachweises unlimitierte Anzahl von Pr\u00fcfpflichten samt mehreren Triggern f\u00fcr Materialien und Werkzeuge alle F\u00e4lligkeiten in einer Sicht mit einer Vorschau auf eine vordefinierte Periode Generierung der Reparaturauftr\u00e4ge direkt aus der...\" \/>\n<meta property=\"og:url\" content=\"https:\/\/www.iesc.eu\/mrotronde\/module-requirements\/\" \/>\n<meta property=\"og:site_name\" content=\"mrotronde\" \/>\n<meta property=\"article:modified_time\" content=\"2022-07-26T17:18:47+00:00\" \/>\n<meta name=\"twitter:card\" content=\"summary_large_image\" \/>\n<meta name=\"twitter:label1\" content=\"Gesch\u00e4tzte Lesezeit\" \/>\n\t<meta name=\"twitter:data1\" content=\"1\u00a0Minute\" \/>\n<script type=\"application\/ld+json\" class=\"yoast-schema-graph\">{\"@context\":\"https:\\\/\\\/schema.org\",\"@graph\":[{\"@type\":\"WebPage\",\"@id\":\"https:\\\/\\\/www.iesc.eu\\\/mrotronde\\\/module-requirements\\\/\",\"url\":\"https:\\\/\\\/www.iesc.eu\\\/mrotronde\\\/module-requirements\\\/\",\"name\":\"Laufzeitenverfolgung, Werkzeugpr\u00fcfpflichten, Bef\u00e4higungsnachweise - mrotronde\",\"isPartOf\":{\"@id\":\"https:\\\/\\\/www.iesc.eu\\\/mrotronde\\\/#website\"},\"datePublished\":\"2022-07-26T17:18:37+00:00\",\"dateModified\":\"2022-07-26T17:18:47+00:00\",\"breadcrumb\":{\"@id\":\"https:\\\/\\\/www.iesc.eu\\\/mrotronde\\\/module-requirements\\\/#breadcrumb\"},\"inLanguage\":\"de\",\"potentialAction\":[{\"@type\":\"ReadAction\",\"target\":[\"https:\\\/\\\/www.iesc.eu\\\/mrotronde\\\/module-requirements\\\/\"]}]},{\"@type\":\"BreadcrumbList\",\"@id\":\"https:\\\/\\\/www.iesc.eu\\\/mrotronde\\\/module-requirements\\\/#breadcrumb\",\"itemListElement\":[{\"@type\":\"ListItem\",\"position\":1,\"name\":\"Startseite\",\"item\":\"https:\\\/\\\/www.iesc.eu\\\/mrotronde\\\/\"},{\"@type\":\"ListItem\",\"position\":2,\"name\":\"Laufzeitenverfolgung, Werkzeugpr\u00fcfpflichten, Bef\u00e4higungsnachweise\"}]},{\"@type\":\"WebSite\",\"@id\":\"https:\\\/\\\/www.iesc.eu\\\/mrotronde\\\/#website\",\"url\":\"https:\\\/\\\/www.iesc.eu\\\/mrotronde\\\/\",\"name\":\"mrotronde\",\"description\":\"\",\"publisher\":{\"@id\":\"https:\\\/\\\/www.iesc.eu\\\/mrotronde\\\/#organization\"},\"potentialAction\":[{\"@type\":\"SearchAction\",\"target\":{\"@type\":\"EntryPoint\",\"urlTemplate\":\"https:\\\/\\\/www.iesc.eu\\\/mrotronde\\\/?s={search_term_string}\"},\"query-input\":{\"@type\":\"PropertyValueSpecification\",\"valueRequired\":true,\"valueName\":\"search_term_string\"}}],\"inLanguage\":\"de\"},{\"@type\":\"Organization\",\"@id\":\"https:\\\/\\\/www.iesc.eu\\\/mrotronde\\\/#organization\",\"name\":\"IESC-Integrated Efficient Solutions & Consulting GmbH\",\"url\":\"https:\\\/\\\/www.iesc.eu\\\/mrotronde\\\/\",\"logo\":{\"@type\":\"ImageObject\",\"inLanguage\":\"de\",\"@id\":\"https:\\\/\\\/www.iesc.eu\\\/mrotronde\\\/#\\\/schema\\\/logo\\\/image\\\/\",\"url\":\"https:\\\/\\\/www.iesc.eu\\\/mrotronde\\\/wp-content\\\/uploads\\\/2022\\\/07\\\/IESC_logo_343_140.png\",\"contentUrl\":\"https:\\\/\\\/www.iesc.eu\\\/mrotronde\\\/wp-content\\\/uploads\\\/2022\\\/07\\\/IESC_logo_343_140.png\",\"width\":343,\"height\":140,\"caption\":\"IESC-Integrated Efficient Solutions & Consulting GmbH\"},\"image\":{\"@id\":\"https:\\\/\\\/www.iesc.eu\\\/mrotronde\\\/#\\\/schema\\\/logo\\\/image\\\/\"},\"sameAs\":[\"https:\\\/\\\/www.linkedin.com\\\/company\\\/iesc-integrated-efficient-solutions-&amp;-consulting-gmbh\"]}]}<\/script>\n<!-- \/ Yoast SEO plugin. -->","yoast_head_json":{"title":"Laufzeitenverfolgung, Werkzeugpr\u00fcfpflichten, Bef\u00e4higungsnachweise - mrotronde","robots":{"index":"index","follow":"follow","max-snippet":"max-snippet:-1","max-image-preview":"max-image-preview:large","max-video-preview":"max-video-preview:-1"},"canonical":"https:\/\/www.iesc.eu\/mrotronde\/module-requirements\/","og_locale":"de_DE","og_type":"article","og_title":"Laufzeitenverfolgung, Werkzeugpr\u00fcfpflichten, Bef\u00e4higungsnachweise - mrotronde","og_description":"Profitieren Sie von der umfangreichen Pr\u00fcfpflichtfunktion, die\u00a0MROTRON\u00ae zur Verf\u00fcgung stellt. Kein abgelaufenes Material oder Werkzeug mehr auf Lager; keine vers\u00e4umte T\u00dcV Pr\u00fcfung oder Verl\u00e4ngerung eines Bef\u00e4higungsnachweises unlimitierte Anzahl von Pr\u00fcfpflichten samt mehreren Triggern f\u00fcr Materialien und Werkzeuge alle F\u00e4lligkeiten in einer Sicht mit einer Vorschau auf eine vordefinierte Periode Generierung der Reparaturauftr\u00e4ge direkt aus der...","og_url":"https:\/\/www.iesc.eu\/mrotronde\/module-requirements\/","og_site_name":"mrotronde","article_modified_time":"2022-07-26T17:18:47+00:00","twitter_card":"summary_large_image","twitter_misc":{"Gesch\u00e4tzte Lesezeit":"1\u00a0Minute"},"schema":{"@context":"https:\/\/schema.org","@graph":[{"@type":"WebPage","@id":"https:\/\/www.iesc.eu\/mrotronde\/module-requirements\/","url":"https:\/\/www.iesc.eu\/mrotronde\/module-requirements\/","name":"Laufzeitenverfolgung, Werkzeugpr\u00fcfpflichten, Bef\u00e4higungsnachweise - mrotronde","isPartOf":{"@id":"https:\/\/www.iesc.eu\/mrotronde\/#website"},"datePublished":"2022-07-26T17:18:37+00:00","dateModified":"2022-07-26T17:18:47+00:00","breadcrumb":{"@id":"https:\/\/www.iesc.eu\/mrotronde\/module-requirements\/#breadcrumb"},"inLanguage":"de","potentialAction":[{"@type":"ReadAction","target":["https:\/\/www.iesc.eu\/mrotronde\/module-requirements\/"]}]},{"@type":"BreadcrumbList","@id":"https:\/\/www.iesc.eu\/mrotronde\/module-requirements\/#breadcrumb","itemListElement":[{"@type":"ListItem","position":1,"name":"Startseite","item":"https:\/\/www.iesc.eu\/mrotronde\/"},{"@type":"ListItem","position":2,"name":"Laufzeitenverfolgung, Werkzeugpr\u00fcfpflichten, Bef\u00e4higungsnachweise"}]},{"@type":"WebSite","@id":"https:\/\/www.iesc.eu\/mrotronde\/#website","url":"https:\/\/www.iesc.eu\/mrotronde\/","name":"mrotronde","description":"","publisher":{"@id":"https:\/\/www.iesc.eu\/mrotronde\/#organization"},"potentialAction":[{"@type":"SearchAction","target":{"@type":"EntryPoint","urlTemplate":"https:\/\/www.iesc.eu\/mrotronde\/?s={search_term_string}"},"query-input":{"@type":"PropertyValueSpecification","valueRequired":true,"valueName":"search_term_string"}}],"inLanguage":"de"},{"@type":"Organization","@id":"https:\/\/www.iesc.eu\/mrotronde\/#organization","name":"IESC-Integrated Efficient Solutions & Consulting GmbH","url":"https:\/\/www.iesc.eu\/mrotronde\/","logo":{"@type":"ImageObject","inLanguage":"de","@id":"https:\/\/www.iesc.eu\/mrotronde\/#\/schema\/logo\/image\/","url":"https:\/\/www.iesc.eu\/mrotronde\/wp-content\/uploads\/2022\/07\/IESC_logo_343_140.png","contentUrl":"https:\/\/www.iesc.eu\/mrotronde\/wp-content\/uploads\/2022\/07\/IESC_logo_343_140.png","width":343,"height":140,"caption":"IESC-Integrated Efficient Solutions & Consulting GmbH"},"image":{"@id":"https:\/\/www.iesc.eu\/mrotronde\/#\/schema\/logo\/image\/"},"sameAs":["https:\/\/www.linkedin.com\/company\/iesc-integrated-efficient-solutions-&amp;-consulting-gmbh"]}]}},"_links":{"self":[{"href":"https:\/\/www.iesc.eu\/mrotronde\/wp-json\/wp\/v2\/pages\/345","targetHints":{"allow":["GET"]}}],"collection":[{"href":"https:\/\/www.iesc.eu\/mrotronde\/wp-json\/wp\/v2\/pages"}],"about":[{"href":"https:\/\/www.iesc.eu\/mrotronde\/wp-json\/wp\/v2\/types\/page"}],"author":[{"embeddable":true,"href":"https:\/\/www.iesc.eu\/mrotronde\/wp-json\/wp\/v2\/users\/2"}],"replies":[{"embeddable":true,"href":"https:\/\/www.iesc.eu\/mrotronde\/wp-json\/wp\/v2\/comments?post=345"}],"version-history":[{"count":9,"href":"https:\/\/www.iesc.eu\/mrotronde\/wp-json\/wp\/v2\/pages\/345\/revisions"}],"predecessor-version":[{"id":874,"href":"https:\/\/www.iesc.eu\/mrotronde\/wp-json\/wp\/v2\/pages\/345\/revisions\/874"}],"wp:attachment":[{"href":"https:\/\/www.iesc.eu\/mrotronde\/wp-json\/wp\/v2\/media?parent=345"}],"curies":[{"name":"wp","href":"https:\/\/api.w.org\/{rel}","templated":true}]}}