{"id":342,"date":"2022-07-26T19:17:53","date_gmt":"2022-07-26T17:17:53","guid":{"rendered":"http:\/\/localhost:8081\/wordpress\/?page_id=342"},"modified":"2022-07-26T19:18:04","modified_gmt":"2022-07-26T17:18:04","slug":"module-stock-admin","status":"publish","type":"page","link":"https:\/\/www.iesc.eu\/mrotronde\/module-stock-admin\/","title":{"rendered":"Modul Lagerverwaltung"},"content":{"rendered":"<p>Definieren Sie Ihre Lagerorte im Modul Lagerverwaltung und arbeiten mit dem Inventur Prozess<\/p>\n<ul>\n<li>unlimitierte Anzahl an L\u00e4gern und Lagerorten pro Standort<\/li>\n<li>Reservierung und Beschr\u00e4nkung von Lagerorten f\u00fcr spezielle Prozesse<\/li>\n<li>Reservierung von Lagerorten f\u00fcr bestimmte Lieferanten- oder Kundenteile<\/li>\n<li>Umlagerungsfunktion<\/li>\n<li>Direktkommissionierungsfunktion f\u00fcr Durchlaufteile<\/li>\n<li>Zuweisungsfunktion Teilenummern zu bestimmten Lagerorten<\/li>\n<li>Statusinformation des Lagerorts<\/li>\n<li>Komplett- oder Teilinventur<\/li>\n<li>Inventurlisten mit oder ohne Lagermenge<\/li>\n<li>hochentwickelte Inventurkontrolle und -dokumentation f\u00fcr effizienten Inventurprozess<\/li>\n<li>Lagerstands- und Lagerwertreports\u00a0in unterschiedlichen\u00a0Ansichten<\/li>\n<li>Report Export Funktion in verschiedenen Dateiformaten<\/li>\n<\/ul>\n<p><a id=\"ab\" href=\"https:\/\/www.iesc.eu\/mrotronde\/mrotron-2\/modules\/\">zur\u00fcck zur Modul\u00fcbersicht<\/a><\/p>\n","protected":false},"excerpt":{"rendered":"<p>Definieren Sie Ihre Lagerorte im Modul Lagerverwaltung und arbeiten mit dem Inventur Prozess unlimitierte Anzahl an L\u00e4gern und Lagerorten pro Standort Reservierung und Beschr\u00e4nkung von Lagerorten f\u00fcr spezielle Prozesse Reservierung von Lagerorten f\u00fcr bestimmte Lieferanten- oder Kundenteile Umlagerungsfunktion Direktkommissionierungsfunktion f\u00fcr Durchlaufteile Zuweisungsfunktion Teilenummern zu bestimmten Lagerorten Statusinformation des Lagerorts Komplett- oder Teilinventur Inventurlisten mit oder&#8230;<\/p>\n","protected":false},"author":2,"featured_media":0,"parent":0,"menu_order":0,"comment_status":"closed","ping_status":"closed","template":"","meta":{"footnotes":""},"class_list":["post-342","page","type-page","status-publish","hentry"],"yoast_head":"<!-- This site is optimized with the Yoast SEO plugin v27.3 - https:\/\/yoast.com\/product\/yoast-seo-wordpress\/ -->\n<title>Modul Lagerverwaltung - mrotronde<\/title>\n<meta name=\"robots\" content=\"index, follow, max-snippet:-1, max-image-preview:large, max-video-preview:-1\" \/>\n<link rel=\"canonical\" href=\"https:\/\/www.iesc.eu\/mrotronde\/module-stock-admin\/\" \/>\n<meta property=\"og:locale\" content=\"de_DE\" \/>\n<meta property=\"og:type\" content=\"article\" \/>\n<meta property=\"og:title\" content=\"Modul Lagerverwaltung - mrotronde\" \/>\n<meta property=\"og:description\" content=\"Definieren Sie Ihre Lagerorte im Modul Lagerverwaltung und arbeiten mit dem Inventur Prozess unlimitierte Anzahl an L\u00e4gern und Lagerorten pro Standort Reservierung und Beschr\u00e4nkung von Lagerorten f\u00fcr spezielle Prozesse Reservierung von Lagerorten f\u00fcr bestimmte Lieferanten- oder Kundenteile Umlagerungsfunktion Direktkommissionierungsfunktion f\u00fcr Durchlaufteile Zuweisungsfunktion Teilenummern zu bestimmten Lagerorten Statusinformation des Lagerorts Komplett- oder Teilinventur Inventurlisten mit oder...\" \/>\n<meta property=\"og:url\" content=\"https:\/\/www.iesc.eu\/mrotronde\/module-stock-admin\/\" \/>\n<meta property=\"og:site_name\" content=\"mrotronde\" \/>\n<meta property=\"article:modified_time\" content=\"2022-07-26T17:18:04+00:00\" \/>\n<meta name=\"twitter:card\" content=\"summary_large_image\" \/>\n<meta name=\"twitter:label1\" content=\"Gesch\u00e4tzte Lesezeit\" \/>\n\t<meta name=\"twitter:data1\" content=\"1\u00a0Minute\" \/>\n<script type=\"application\/ld+json\" class=\"yoast-schema-graph\">{\"@context\":\"https:\\\/\\\/schema.org\",\"@graph\":[{\"@type\":\"WebPage\",\"@id\":\"https:\\\/\\\/www.iesc.eu\\\/mrotronde\\\/module-stock-admin\\\/\",\"url\":\"https:\\\/\\\/www.iesc.eu\\\/mrotronde\\\/module-stock-admin\\\/\",\"name\":\"Modul Lagerverwaltung - mrotronde\",\"isPartOf\":{\"@id\":\"https:\\\/\\\/www.iesc.eu\\\/mrotronde\\\/#website\"},\"datePublished\":\"2022-07-26T17:17:53+00:00\",\"dateModified\":\"2022-07-26T17:18:04+00:00\",\"breadcrumb\":{\"@id\":\"https:\\\/\\\/www.iesc.eu\\\/mrotronde\\\/module-stock-admin\\\/#breadcrumb\"},\"inLanguage\":\"de\",\"potentialAction\":[{\"@type\":\"ReadAction\",\"target\":[\"https:\\\/\\\/www.iesc.eu\\\/mrotronde\\\/module-stock-admin\\\/\"]}]},{\"@type\":\"BreadcrumbList\",\"@id\":\"https:\\\/\\\/www.iesc.eu\\\/mrotronde\\\/module-stock-admin\\\/#breadcrumb\",\"itemListElement\":[{\"@type\":\"ListItem\",\"position\":1,\"name\":\"Startseite\",\"item\":\"https:\\\/\\\/www.iesc.eu\\\/mrotronde\\\/\"},{\"@type\":\"ListItem\",\"position\":2,\"name\":\"Modul Lagerverwaltung\"}]},{\"@type\":\"WebSite\",\"@id\":\"https:\\\/\\\/www.iesc.eu\\\/mrotronde\\\/#website\",\"url\":\"https:\\\/\\\/www.iesc.eu\\\/mrotronde\\\/\",\"name\":\"mrotronde\",\"description\":\"\",\"publisher\":{\"@id\":\"https:\\\/\\\/www.iesc.eu\\\/mrotronde\\\/#organization\"},\"potentialAction\":[{\"@type\":\"SearchAction\",\"target\":{\"@type\":\"EntryPoint\",\"urlTemplate\":\"https:\\\/\\\/www.iesc.eu\\\/mrotronde\\\/?s={search_term_string}\"},\"query-input\":{\"@type\":\"PropertyValueSpecification\",\"valueRequired\":true,\"valueName\":\"search_term_string\"}}],\"inLanguage\":\"de\"},{\"@type\":\"Organization\",\"@id\":\"https:\\\/\\\/www.iesc.eu\\\/mrotronde\\\/#organization\",\"name\":\"IESC-Integrated Efficient Solutions & Consulting GmbH\",\"url\":\"https:\\\/\\\/www.iesc.eu\\\/mrotronde\\\/\",\"logo\":{\"@type\":\"ImageObject\",\"inLanguage\":\"de\",\"@id\":\"https:\\\/\\\/www.iesc.eu\\\/mrotronde\\\/#\\\/schema\\\/logo\\\/image\\\/\",\"url\":\"https:\\\/\\\/www.iesc.eu\\\/mrotronde\\\/wp-content\\\/uploads\\\/2022\\\/07\\\/IESC_logo_343_140.png\",\"contentUrl\":\"https:\\\/\\\/www.iesc.eu\\\/mrotronde\\\/wp-content\\\/uploads\\\/2022\\\/07\\\/IESC_logo_343_140.png\",\"width\":343,\"height\":140,\"caption\":\"IESC-Integrated Efficient Solutions & Consulting GmbH\"},\"image\":{\"@id\":\"https:\\\/\\\/www.iesc.eu\\\/mrotronde\\\/#\\\/schema\\\/logo\\\/image\\\/\"},\"sameAs\":[\"https:\\\/\\\/www.linkedin.com\\\/company\\\/iesc-integrated-efficient-solutions-&amp;-consulting-gmbh\"]}]}<\/script>\n<!-- \/ Yoast SEO plugin. -->","yoast_head_json":{"title":"Modul Lagerverwaltung - mrotronde","robots":{"index":"index","follow":"follow","max-snippet":"max-snippet:-1","max-image-preview":"max-image-preview:large","max-video-preview":"max-video-preview:-1"},"canonical":"https:\/\/www.iesc.eu\/mrotronde\/module-stock-admin\/","og_locale":"de_DE","og_type":"article","og_title":"Modul Lagerverwaltung - mrotronde","og_description":"Definieren Sie Ihre Lagerorte im Modul Lagerverwaltung und arbeiten mit dem Inventur Prozess unlimitierte Anzahl an L\u00e4gern und Lagerorten pro Standort Reservierung und Beschr\u00e4nkung von Lagerorten f\u00fcr spezielle Prozesse Reservierung von Lagerorten f\u00fcr bestimmte Lieferanten- oder Kundenteile Umlagerungsfunktion Direktkommissionierungsfunktion f\u00fcr Durchlaufteile Zuweisungsfunktion Teilenummern zu bestimmten Lagerorten Statusinformation des Lagerorts Komplett- oder Teilinventur Inventurlisten mit oder...","og_url":"https:\/\/www.iesc.eu\/mrotronde\/module-stock-admin\/","og_site_name":"mrotronde","article_modified_time":"2022-07-26T17:18:04+00:00","twitter_card":"summary_large_image","twitter_misc":{"Gesch\u00e4tzte Lesezeit":"1\u00a0Minute"},"schema":{"@context":"https:\/\/schema.org","@graph":[{"@type":"WebPage","@id":"https:\/\/www.iesc.eu\/mrotronde\/module-stock-admin\/","url":"https:\/\/www.iesc.eu\/mrotronde\/module-stock-admin\/","name":"Modul Lagerverwaltung - mrotronde","isPartOf":{"@id":"https:\/\/www.iesc.eu\/mrotronde\/#website"},"datePublished":"2022-07-26T17:17:53+00:00","dateModified":"2022-07-26T17:18:04+00:00","breadcrumb":{"@id":"https:\/\/www.iesc.eu\/mrotronde\/module-stock-admin\/#breadcrumb"},"inLanguage":"de","potentialAction":[{"@type":"ReadAction","target":["https:\/\/www.iesc.eu\/mrotronde\/module-stock-admin\/"]}]},{"@type":"BreadcrumbList","@id":"https:\/\/www.iesc.eu\/mrotronde\/module-stock-admin\/#breadcrumb","itemListElement":[{"@type":"ListItem","position":1,"name":"Startseite","item":"https:\/\/www.iesc.eu\/mrotronde\/"},{"@type":"ListItem","position":2,"name":"Modul Lagerverwaltung"}]},{"@type":"WebSite","@id":"https:\/\/www.iesc.eu\/mrotronde\/#website","url":"https:\/\/www.iesc.eu\/mrotronde\/","name":"mrotronde","description":"","publisher":{"@id":"https:\/\/www.iesc.eu\/mrotronde\/#organization"},"potentialAction":[{"@type":"SearchAction","target":{"@type":"EntryPoint","urlTemplate":"https:\/\/www.iesc.eu\/mrotronde\/?s={search_term_string}"},"query-input":{"@type":"PropertyValueSpecification","valueRequired":true,"valueName":"search_term_string"}}],"inLanguage":"de"},{"@type":"Organization","@id":"https:\/\/www.iesc.eu\/mrotronde\/#organization","name":"IESC-Integrated Efficient Solutions & Consulting GmbH","url":"https:\/\/www.iesc.eu\/mrotronde\/","logo":{"@type":"ImageObject","inLanguage":"de","@id":"https:\/\/www.iesc.eu\/mrotronde\/#\/schema\/logo\/image\/","url":"https:\/\/www.iesc.eu\/mrotronde\/wp-content\/uploads\/2022\/07\/IESC_logo_343_140.png","contentUrl":"https:\/\/www.iesc.eu\/mrotronde\/wp-content\/uploads\/2022\/07\/IESC_logo_343_140.png","width":343,"height":140,"caption":"IESC-Integrated Efficient Solutions & Consulting GmbH"},"image":{"@id":"https:\/\/www.iesc.eu\/mrotronde\/#\/schema\/logo\/image\/"},"sameAs":["https:\/\/www.linkedin.com\/company\/iesc-integrated-efficient-solutions-&amp;-consulting-gmbh"]}]}},"_links":{"self":[{"href":"https:\/\/www.iesc.eu\/mrotronde\/wp-json\/wp\/v2\/pages\/342","targetHints":{"allow":["GET"]}}],"collection":[{"href":"https:\/\/www.iesc.eu\/mrotronde\/wp-json\/wp\/v2\/pages"}],"about":[{"href":"https:\/\/www.iesc.eu\/mrotronde\/wp-json\/wp\/v2\/types\/page"}],"author":[{"embeddable":true,"href":"https:\/\/www.iesc.eu\/mrotronde\/wp-json\/wp\/v2\/users\/2"}],"replies":[{"embeddable":true,"href":"https:\/\/www.iesc.eu\/mrotronde\/wp-json\/wp\/v2\/comments?post=342"}],"version-history":[{"count":11,"href":"https:\/\/www.iesc.eu\/mrotronde\/wp-json\/wp\/v2\/pages\/342\/revisions"}],"predecessor-version":[{"id":872,"href":"https:\/\/www.iesc.eu\/mrotronde\/wp-json\/wp\/v2\/pages\/342\/revisions\/872"}],"wp:attachment":[{"href":"https:\/\/www.iesc.eu\/mrotronde\/wp-json\/wp\/v2\/media?parent=342"}],"curies":[{"name":"wp","href":"https:\/\/api.w.org\/{rel}","templated":true}]}}