{"id":330,"date":"2022-07-26T19:13:16","date_gmt":"2022-07-26T17:13:16","guid":{"rendered":"http:\/\/localhost:8081\/wordpress\/?page_id=330"},"modified":"2022-07-26T19:13:26","modified_gmt":"2022-07-26T17:13:26","slug":"module-post-calculation","status":"publish","type":"page","link":"https:\/\/www.iesc.eu\/mrotronde\/module-post-calculation\/","title":{"rendered":"Modul Nachkalkulation"},"content":{"rendered":"<p>Mit den entsprechenden Zugangsrechten k\u00f6nnen Sie die Soll-Ist-Vergleiche entweder auf Auftrags- , Kunden- , Luftfahrzeug-, oder Unternehmensebene betrachten<img loading=\"lazy\" decoding=\"async\" class=\"wp-image-547 alignright\" src=\"https:\/\/iesc.eu\/mrotronde\/wp-content\/uploads\/2015\/06\/Postcalculation_Mrotron.png\" alt=\"Postcalculation_Mrotron\" width=\"225\" height=\"159\" srcset=\"https:\/\/www.iesc.eu\/mrotronde\/wp-content\/uploads\/2015\/06\/Postcalculation_Mrotron.png 915w, https:\/\/www.iesc.eu\/mrotronde\/wp-content\/uploads\/2015\/06\/Postcalculation_Mrotron-768x544.png 768w, https:\/\/www.iesc.eu\/mrotronde\/wp-content\/uploads\/2015\/06\/Postcalculation_Mrotron-900x637.png 900w\" sizes=\"auto, (max-width: 225px) 100vw, 225px\" \/><\/p>\n<p>Der Auftragsleistungsbericht ist einer der bereits in MROTRON<sup>\u00ae<\/sup> implementierten Werkzeuge, die Sie beim kontinuierlichen Verbesserungsprozess Ihres Unternehmens unterst\u00fctzen.<\/p>\n<p>Die Werte sind sowohl als Betr\u00e4ge in Ihrer Hausw\u00e4hrung, als auch als Prozesskennzahlen verf\u00fcgbar.<\/p>\n<p><a id=\"ab\" href=\"https:\/\/www.iesc.eu\/mrotronde\/mrotron-2\/modules\/\">zur\u00fcck zur Modul\u00fcbersicht<\/a><\/p>\n","protected":false},"excerpt":{"rendered":"<p>Mit den entsprechenden Zugangsrechten k\u00f6nnen Sie die Soll-Ist-Vergleiche entweder auf Auftrags- , Kunden- , Luftfahrzeug-, oder Unternehmensebene betrachten Der Auftragsleistungsbericht ist einer der bereits in MROTRON\u00ae implementierten Werkzeuge, die Sie beim kontinuierlichen Verbesserungsprozess Ihres Unternehmens unterst\u00fctzen. Die Werte sind sowohl als Betr\u00e4ge in Ihrer Hausw\u00e4hrung, als auch als Prozesskennzahlen verf\u00fcgbar. zur\u00fcck zur Modul\u00fcbersicht<\/p>\n","protected":false},"author":2,"featured_media":0,"parent":0,"menu_order":0,"comment_status":"closed","ping_status":"closed","template":"","meta":{"footnotes":""},"class_list":["post-330","page","type-page","status-publish","hentry"],"yoast_head":"<!-- This site is optimized with the Yoast SEO plugin v27.3 - https:\/\/yoast.com\/product\/yoast-seo-wordpress\/ -->\n<title>Modul Nachkalkulation - mrotronde<\/title>\n<meta name=\"robots\" content=\"index, follow, max-snippet:-1, max-image-preview:large, max-video-preview:-1\" \/>\n<link rel=\"canonical\" href=\"https:\/\/www.iesc.eu\/mrotronde\/module-post-calculation\/\" \/>\n<meta property=\"og:locale\" content=\"de_DE\" \/>\n<meta property=\"og:type\" content=\"article\" \/>\n<meta property=\"og:title\" content=\"Modul Nachkalkulation - mrotronde\" \/>\n<meta property=\"og:description\" content=\"Mit den entsprechenden Zugangsrechten k\u00f6nnen Sie die Soll-Ist-Vergleiche entweder auf Auftrags- , Kunden- , Luftfahrzeug-, oder Unternehmensebene betrachten Der Auftragsleistungsbericht ist einer der bereits in MROTRON\u00ae implementierten Werkzeuge, die Sie beim kontinuierlichen Verbesserungsprozess Ihres Unternehmens unterst\u00fctzen. Die Werte sind sowohl als Betr\u00e4ge in Ihrer Hausw\u00e4hrung, als auch als Prozesskennzahlen verf\u00fcgbar. zur\u00fcck zur Modul\u00fcbersicht\" \/>\n<meta property=\"og:url\" content=\"https:\/\/www.iesc.eu\/mrotronde\/module-post-calculation\/\" \/>\n<meta property=\"og:site_name\" content=\"mrotronde\" \/>\n<meta property=\"article:modified_time\" content=\"2022-07-26T17:13:26+00:00\" \/>\n<meta property=\"og:image\" content=\"https:\/\/iesc.eu\/mrotronde\/wp-content\/uploads\/2015\/06\/Postcalculation_Mrotron.png\" \/>\n<meta name=\"twitter:card\" content=\"summary_large_image\" \/>\n<meta name=\"twitter:label1\" content=\"Gesch\u00e4tzte Lesezeit\" \/>\n\t<meta name=\"twitter:data1\" content=\"1\u00a0Minute\" \/>\n<script type=\"application\/ld+json\" class=\"yoast-schema-graph\">{\"@context\":\"https:\\\/\\\/schema.org\",\"@graph\":[{\"@type\":\"WebPage\",\"@id\":\"https:\\\/\\\/www.iesc.eu\\\/mrotronde\\\/module-post-calculation\\\/\",\"url\":\"https:\\\/\\\/www.iesc.eu\\\/mrotronde\\\/module-post-calculation\\\/\",\"name\":\"Modul Nachkalkulation - mrotronde\",\"isPartOf\":{\"@id\":\"https:\\\/\\\/www.iesc.eu\\\/mrotronde\\\/#website\"},\"primaryImageOfPage\":{\"@id\":\"https:\\\/\\\/www.iesc.eu\\\/mrotronde\\\/module-post-calculation\\\/#primaryimage\"},\"image\":{\"@id\":\"https:\\\/\\\/www.iesc.eu\\\/mrotronde\\\/module-post-calculation\\\/#primaryimage\"},\"thumbnailUrl\":\"https:\\\/\\\/iesc.eu\\\/mrotronde\\\/wp-content\\\/uploads\\\/2015\\\/06\\\/Postcalculation_Mrotron.png\",\"datePublished\":\"2022-07-26T17:13:16+00:00\",\"dateModified\":\"2022-07-26T17:13:26+00:00\",\"breadcrumb\":{\"@id\":\"https:\\\/\\\/www.iesc.eu\\\/mrotronde\\\/module-post-calculation\\\/#breadcrumb\"},\"inLanguage\":\"de\",\"potentialAction\":[{\"@type\":\"ReadAction\",\"target\":[\"https:\\\/\\\/www.iesc.eu\\\/mrotronde\\\/module-post-calculation\\\/\"]}]},{\"@type\":\"ImageObject\",\"inLanguage\":\"de\",\"@id\":\"https:\\\/\\\/www.iesc.eu\\\/mrotronde\\\/module-post-calculation\\\/#primaryimage\",\"url\":\"https:\\\/\\\/iesc.eu\\\/mrotronde\\\/wp-content\\\/uploads\\\/2015\\\/06\\\/Postcalculation_Mrotron.png\",\"contentUrl\":\"https:\\\/\\\/iesc.eu\\\/mrotronde\\\/wp-content\\\/uploads\\\/2015\\\/06\\\/Postcalculation_Mrotron.png\"},{\"@type\":\"BreadcrumbList\",\"@id\":\"https:\\\/\\\/www.iesc.eu\\\/mrotronde\\\/module-post-calculation\\\/#breadcrumb\",\"itemListElement\":[{\"@type\":\"ListItem\",\"position\":1,\"name\":\"Startseite\",\"item\":\"https:\\\/\\\/www.iesc.eu\\\/mrotronde\\\/\"},{\"@type\":\"ListItem\",\"position\":2,\"name\":\"Modul Nachkalkulation\"}]},{\"@type\":\"WebSite\",\"@id\":\"https:\\\/\\\/www.iesc.eu\\\/mrotronde\\\/#website\",\"url\":\"https:\\\/\\\/www.iesc.eu\\\/mrotronde\\\/\",\"name\":\"mrotronde\",\"description\":\"\",\"publisher\":{\"@id\":\"https:\\\/\\\/www.iesc.eu\\\/mrotronde\\\/#organization\"},\"potentialAction\":[{\"@type\":\"SearchAction\",\"target\":{\"@type\":\"EntryPoint\",\"urlTemplate\":\"https:\\\/\\\/www.iesc.eu\\\/mrotronde\\\/?s={search_term_string}\"},\"query-input\":{\"@type\":\"PropertyValueSpecification\",\"valueRequired\":true,\"valueName\":\"search_term_string\"}}],\"inLanguage\":\"de\"},{\"@type\":\"Organization\",\"@id\":\"https:\\\/\\\/www.iesc.eu\\\/mrotronde\\\/#organization\",\"name\":\"IESC-Integrated Efficient Solutions & Consulting GmbH\",\"url\":\"https:\\\/\\\/www.iesc.eu\\\/mrotronde\\\/\",\"logo\":{\"@type\":\"ImageObject\",\"inLanguage\":\"de\",\"@id\":\"https:\\\/\\\/www.iesc.eu\\\/mrotronde\\\/#\\\/schema\\\/logo\\\/image\\\/\",\"url\":\"https:\\\/\\\/www.iesc.eu\\\/mrotronde\\\/wp-content\\\/uploads\\\/2022\\\/07\\\/IESC_logo_343_140.png\",\"contentUrl\":\"https:\\\/\\\/www.iesc.eu\\\/mrotronde\\\/wp-content\\\/uploads\\\/2022\\\/07\\\/IESC_logo_343_140.png\",\"width\":343,\"height\":140,\"caption\":\"IESC-Integrated Efficient Solutions & Consulting GmbH\"},\"image\":{\"@id\":\"https:\\\/\\\/www.iesc.eu\\\/mrotronde\\\/#\\\/schema\\\/logo\\\/image\\\/\"},\"sameAs\":[\"https:\\\/\\\/www.linkedin.com\\\/company\\\/iesc-integrated-efficient-solutions-&amp;-consulting-gmbh\"]}]}<\/script>\n<!-- \/ Yoast SEO plugin. -->","yoast_head_json":{"title":"Modul Nachkalkulation - mrotronde","robots":{"index":"index","follow":"follow","max-snippet":"max-snippet:-1","max-image-preview":"max-image-preview:large","max-video-preview":"max-video-preview:-1"},"canonical":"https:\/\/www.iesc.eu\/mrotronde\/module-post-calculation\/","og_locale":"de_DE","og_type":"article","og_title":"Modul Nachkalkulation - mrotronde","og_description":"Mit den entsprechenden Zugangsrechten k\u00f6nnen Sie die Soll-Ist-Vergleiche entweder auf Auftrags- , Kunden- , Luftfahrzeug-, oder Unternehmensebene betrachten Der Auftragsleistungsbericht ist einer der bereits in MROTRON\u00ae implementierten Werkzeuge, die Sie beim kontinuierlichen Verbesserungsprozess Ihres Unternehmens unterst\u00fctzen. Die Werte sind sowohl als Betr\u00e4ge in Ihrer Hausw\u00e4hrung, als auch als Prozesskennzahlen verf\u00fcgbar. zur\u00fcck zur Modul\u00fcbersicht","og_url":"https:\/\/www.iesc.eu\/mrotronde\/module-post-calculation\/","og_site_name":"mrotronde","article_modified_time":"2022-07-26T17:13:26+00:00","og_image":[{"url":"https:\/\/iesc.eu\/mrotronde\/wp-content\/uploads\/2015\/06\/Postcalculation_Mrotron.png","type":"","width":"","height":""}],"twitter_card":"summary_large_image","twitter_misc":{"Gesch\u00e4tzte Lesezeit":"1\u00a0Minute"},"schema":{"@context":"https:\/\/schema.org","@graph":[{"@type":"WebPage","@id":"https:\/\/www.iesc.eu\/mrotronde\/module-post-calculation\/","url":"https:\/\/www.iesc.eu\/mrotronde\/module-post-calculation\/","name":"Modul Nachkalkulation - mrotronde","isPartOf":{"@id":"https:\/\/www.iesc.eu\/mrotronde\/#website"},"primaryImageOfPage":{"@id":"https:\/\/www.iesc.eu\/mrotronde\/module-post-calculation\/#primaryimage"},"image":{"@id":"https:\/\/www.iesc.eu\/mrotronde\/module-post-calculation\/#primaryimage"},"thumbnailUrl":"https:\/\/iesc.eu\/mrotronde\/wp-content\/uploads\/2015\/06\/Postcalculation_Mrotron.png","datePublished":"2022-07-26T17:13:16+00:00","dateModified":"2022-07-26T17:13:26+00:00","breadcrumb":{"@id":"https:\/\/www.iesc.eu\/mrotronde\/module-post-calculation\/#breadcrumb"},"inLanguage":"de","potentialAction":[{"@type":"ReadAction","target":["https:\/\/www.iesc.eu\/mrotronde\/module-post-calculation\/"]}]},{"@type":"ImageObject","inLanguage":"de","@id":"https:\/\/www.iesc.eu\/mrotronde\/module-post-calculation\/#primaryimage","url":"https:\/\/iesc.eu\/mrotronde\/wp-content\/uploads\/2015\/06\/Postcalculation_Mrotron.png","contentUrl":"https:\/\/iesc.eu\/mrotronde\/wp-content\/uploads\/2015\/06\/Postcalculation_Mrotron.png"},{"@type":"BreadcrumbList","@id":"https:\/\/www.iesc.eu\/mrotronde\/module-post-calculation\/#breadcrumb","itemListElement":[{"@type":"ListItem","position":1,"name":"Startseite","item":"https:\/\/www.iesc.eu\/mrotronde\/"},{"@type":"ListItem","position":2,"name":"Modul Nachkalkulation"}]},{"@type":"WebSite","@id":"https:\/\/www.iesc.eu\/mrotronde\/#website","url":"https:\/\/www.iesc.eu\/mrotronde\/","name":"mrotronde","description":"","publisher":{"@id":"https:\/\/www.iesc.eu\/mrotronde\/#organization"},"potentialAction":[{"@type":"SearchAction","target":{"@type":"EntryPoint","urlTemplate":"https:\/\/www.iesc.eu\/mrotronde\/?s={search_term_string}"},"query-input":{"@type":"PropertyValueSpecification","valueRequired":true,"valueName":"search_term_string"}}],"inLanguage":"de"},{"@type":"Organization","@id":"https:\/\/www.iesc.eu\/mrotronde\/#organization","name":"IESC-Integrated Efficient Solutions & Consulting GmbH","url":"https:\/\/www.iesc.eu\/mrotronde\/","logo":{"@type":"ImageObject","inLanguage":"de","@id":"https:\/\/www.iesc.eu\/mrotronde\/#\/schema\/logo\/image\/","url":"https:\/\/www.iesc.eu\/mrotronde\/wp-content\/uploads\/2022\/07\/IESC_logo_343_140.png","contentUrl":"https:\/\/www.iesc.eu\/mrotronde\/wp-content\/uploads\/2022\/07\/IESC_logo_343_140.png","width":343,"height":140,"caption":"IESC-Integrated Efficient Solutions & Consulting GmbH"},"image":{"@id":"https:\/\/www.iesc.eu\/mrotronde\/#\/schema\/logo\/image\/"},"sameAs":["https:\/\/www.linkedin.com\/company\/iesc-integrated-efficient-solutions-&amp;-consulting-gmbh"]}]}},"_links":{"self":[{"href":"https:\/\/www.iesc.eu\/mrotronde\/wp-json\/wp\/v2\/pages\/330","targetHints":{"allow":["GET"]}}],"collection":[{"href":"https:\/\/www.iesc.eu\/mrotronde\/wp-json\/wp\/v2\/pages"}],"about":[{"href":"https:\/\/www.iesc.eu\/mrotronde\/wp-json\/wp\/v2\/types\/page"}],"author":[{"embeddable":true,"href":"https:\/\/www.iesc.eu\/mrotronde\/wp-json\/wp\/v2\/users\/2"}],"replies":[{"embeddable":true,"href":"https:\/\/www.iesc.eu\/mrotronde\/wp-json\/wp\/v2\/comments?post=330"}],"version-history":[{"count":12,"href":"https:\/\/www.iesc.eu\/mrotronde\/wp-json\/wp\/v2\/pages\/330\/revisions"}],"predecessor-version":[{"id":860,"href":"https:\/\/www.iesc.eu\/mrotronde\/wp-json\/wp\/v2\/pages\/330\/revisions\/860"}],"wp:attachment":[{"href":"https:\/\/www.iesc.eu\/mrotronde\/wp-json\/wp\/v2\/media?parent=330"}],"curies":[{"name":"wp","href":"https:\/\/api.w.org\/{rel}","templated":true}]}}