{"id":327,"date":"2022-07-26T19:12:27","date_gmt":"2022-07-26T17:12:27","guid":{"rendered":"http:\/\/localhost:8081\/wordpress\/?page_id=327"},"modified":"2022-07-26T19:12:36","modified_gmt":"2022-07-26T17:12:36","slug":"module-invoicing","status":"publish","type":"page","link":"https:\/\/www.iesc.eu\/mrotronde\/module-invoicing\/","title":{"rendered":"Modul Abrechnung"},"content":{"rendered":"<p>Erstellen Sie Vorauszahlungen, Anzahlungen, Teilzahlungen,\u00a0 Gutschriften und die Abschlussrechnung alles in einem Modul. Beliebig viele Rechnungsentw\u00fcrfe k\u00f6nnen mit einem einfachen Klick erstellt werden, w\u00e4hrend MROTRON<sup>\u00ae<\/sup> sicherstellt, dass Kosten Ihrem Kunden nicht mehrfach verrechnet werden<\/p>\n<p>Profitieren Sie von<img loading=\"lazy\" decoding=\"async\" class=\"modules-invoiceing\" src=\"https:\/\/iesc.eu\/mrotronde\/wp-content\/uploads\/2015\/06\/Invoice_Mrotron.png\" alt=\"Invoice\" width=\"225\" height=\"240\" \/><\/p>\n<ul>\n<li>automatischer W\u00e4hrungsumrechnung<\/li>\n<li>automatischer Kontierung\u00a0Ihrer Rechnung<\/li>\n<li>automatischer Zuordnung des Steuerschl\u00fcssels sowie der Umsatzsteuer<\/li>\n<li>automatischer\u00a0Rechnungssplitt f\u00fcr Kosten\u00fcbernahmen und Garantieverrechnungen<\/li>\n<li>Storno- und\u00a0Kopierfunktion<\/li>\n<li>hochentwickelte Aufschlagsabwicklung<\/li>\n<\/ul>\n<p>Sie m\u00fcssen kein Buchhaltungsexperte sein um Rechnungen innerhalb von Sekunden erstellen zu k\u00f6nnen<\/p>\n<p>Drucken Sie Ihre Rechnung auf Ihrem individuellen mandantenf\u00e4higen Layout<\/p>\n<p><a id=\"ab\" href=\"https:\/\/www.iesc.eu\/mrotronde\/mrotron-2\/modules\/\">Zur\u00fcck zur Modul\u00fcbersicht<\/a><\/p>\n","protected":false},"excerpt":{"rendered":"<p>Erstellen Sie Vorauszahlungen, Anzahlungen, Teilzahlungen,\u00a0 Gutschriften und die Abschlussrechnung alles in einem Modul. Beliebig viele Rechnungsentw\u00fcrfe k\u00f6nnen mit einem einfachen Klick erstellt werden, w\u00e4hrend MROTRON\u00ae sicherstellt, dass Kosten Ihrem Kunden nicht mehrfach verrechnet werden Profitieren Sie von automatischer W\u00e4hrungsumrechnung automatischer Kontierung\u00a0Ihrer Rechnung automatischer Zuordnung des Steuerschl\u00fcssels sowie der Umsatzsteuer automatischer\u00a0Rechnungssplitt f\u00fcr Kosten\u00fcbernahmen und Garantieverrechnungen Storno-&#8230;<\/p>\n","protected":false},"author":2,"featured_media":0,"parent":0,"menu_order":0,"comment_status":"closed","ping_status":"closed","template":"","meta":{"footnotes":""},"class_list":["post-327","page","type-page","status-publish","hentry"],"yoast_head":"<!-- This site is optimized with the Yoast SEO plugin v27.3 - https:\/\/yoast.com\/product\/yoast-seo-wordpress\/ -->\n<title>Modul Abrechnung - mrotronde<\/title>\n<meta name=\"robots\" content=\"index, follow, max-snippet:-1, max-image-preview:large, max-video-preview:-1\" \/>\n<link rel=\"canonical\" href=\"https:\/\/www.iesc.eu\/mrotronde\/module-invoicing\/\" \/>\n<meta property=\"og:locale\" content=\"de_DE\" \/>\n<meta property=\"og:type\" content=\"article\" \/>\n<meta property=\"og:title\" content=\"Modul Abrechnung - mrotronde\" \/>\n<meta property=\"og:description\" content=\"Erstellen Sie Vorauszahlungen, Anzahlungen, Teilzahlungen,\u00a0 Gutschriften und die Abschlussrechnung alles in einem Modul. Beliebig viele Rechnungsentw\u00fcrfe k\u00f6nnen mit einem einfachen Klick erstellt werden, w\u00e4hrend MROTRON\u00ae sicherstellt, dass Kosten Ihrem Kunden nicht mehrfach verrechnet werden Profitieren Sie von automatischer W\u00e4hrungsumrechnung automatischer Kontierung\u00a0Ihrer Rechnung automatischer Zuordnung des Steuerschl\u00fcssels sowie der Umsatzsteuer automatischer\u00a0Rechnungssplitt f\u00fcr Kosten\u00fcbernahmen und Garantieverrechnungen Storno-...\" \/>\n<meta property=\"og:url\" content=\"https:\/\/www.iesc.eu\/mrotronde\/module-invoicing\/\" \/>\n<meta property=\"og:site_name\" content=\"mrotronde\" \/>\n<meta property=\"article:modified_time\" content=\"2022-07-26T17:12:36+00:00\" \/>\n<meta property=\"og:image\" content=\"https:\/\/iesc.eu\/mrotronde\/wp-content\/uploads\/2015\/06\/Invoice_Mrotron.png\" \/>\n<meta name=\"twitter:card\" content=\"summary_large_image\" \/>\n<meta name=\"twitter:label1\" content=\"Gesch\u00e4tzte Lesezeit\" \/>\n\t<meta name=\"twitter:data1\" content=\"1\u00a0Minute\" \/>\n<script type=\"application\/ld+json\" class=\"yoast-schema-graph\">{\"@context\":\"https:\\\/\\\/schema.org\",\"@graph\":[{\"@type\":\"WebPage\",\"@id\":\"https:\\\/\\\/www.iesc.eu\\\/mrotronde\\\/module-invoicing\\\/\",\"url\":\"https:\\\/\\\/www.iesc.eu\\\/mrotronde\\\/module-invoicing\\\/\",\"name\":\"Modul Abrechnung - mrotronde\",\"isPartOf\":{\"@id\":\"https:\\\/\\\/www.iesc.eu\\\/mrotronde\\\/#website\"},\"primaryImageOfPage\":{\"@id\":\"https:\\\/\\\/www.iesc.eu\\\/mrotronde\\\/module-invoicing\\\/#primaryimage\"},\"image\":{\"@id\":\"https:\\\/\\\/www.iesc.eu\\\/mrotronde\\\/module-invoicing\\\/#primaryimage\"},\"thumbnailUrl\":\"https:\\\/\\\/iesc.eu\\\/mrotronde\\\/wp-content\\\/uploads\\\/2015\\\/06\\\/Invoice_Mrotron.png\",\"datePublished\":\"2022-07-26T17:12:27+00:00\",\"dateModified\":\"2022-07-26T17:12:36+00:00\",\"breadcrumb\":{\"@id\":\"https:\\\/\\\/www.iesc.eu\\\/mrotronde\\\/module-invoicing\\\/#breadcrumb\"},\"inLanguage\":\"de\",\"potentialAction\":[{\"@type\":\"ReadAction\",\"target\":[\"https:\\\/\\\/www.iesc.eu\\\/mrotronde\\\/module-invoicing\\\/\"]}]},{\"@type\":\"ImageObject\",\"inLanguage\":\"de\",\"@id\":\"https:\\\/\\\/www.iesc.eu\\\/mrotronde\\\/module-invoicing\\\/#primaryimage\",\"url\":\"https:\\\/\\\/iesc.eu\\\/mrotronde\\\/wp-content\\\/uploads\\\/2015\\\/06\\\/Invoice_Mrotron.png\",\"contentUrl\":\"https:\\\/\\\/iesc.eu\\\/mrotronde\\\/wp-content\\\/uploads\\\/2015\\\/06\\\/Invoice_Mrotron.png\"},{\"@type\":\"BreadcrumbList\",\"@id\":\"https:\\\/\\\/www.iesc.eu\\\/mrotronde\\\/module-invoicing\\\/#breadcrumb\",\"itemListElement\":[{\"@type\":\"ListItem\",\"position\":1,\"name\":\"Startseite\",\"item\":\"https:\\\/\\\/www.iesc.eu\\\/mrotronde\\\/\"},{\"@type\":\"ListItem\",\"position\":2,\"name\":\"Modul Abrechnung\"}]},{\"@type\":\"WebSite\",\"@id\":\"https:\\\/\\\/www.iesc.eu\\\/mrotronde\\\/#website\",\"url\":\"https:\\\/\\\/www.iesc.eu\\\/mrotronde\\\/\",\"name\":\"mrotronde\",\"description\":\"\",\"publisher\":{\"@id\":\"https:\\\/\\\/www.iesc.eu\\\/mrotronde\\\/#organization\"},\"potentialAction\":[{\"@type\":\"SearchAction\",\"target\":{\"@type\":\"EntryPoint\",\"urlTemplate\":\"https:\\\/\\\/www.iesc.eu\\\/mrotronde\\\/?s={search_term_string}\"},\"query-input\":{\"@type\":\"PropertyValueSpecification\",\"valueRequired\":true,\"valueName\":\"search_term_string\"}}],\"inLanguage\":\"de\"},{\"@type\":\"Organization\",\"@id\":\"https:\\\/\\\/www.iesc.eu\\\/mrotronde\\\/#organization\",\"name\":\"IESC-Integrated Efficient Solutions & Consulting GmbH\",\"url\":\"https:\\\/\\\/www.iesc.eu\\\/mrotronde\\\/\",\"logo\":{\"@type\":\"ImageObject\",\"inLanguage\":\"de\",\"@id\":\"https:\\\/\\\/www.iesc.eu\\\/mrotronde\\\/#\\\/schema\\\/logo\\\/image\\\/\",\"url\":\"https:\\\/\\\/www.iesc.eu\\\/mrotronde\\\/wp-content\\\/uploads\\\/2022\\\/07\\\/IESC_logo_343_140.png\",\"contentUrl\":\"https:\\\/\\\/www.iesc.eu\\\/mrotronde\\\/wp-content\\\/uploads\\\/2022\\\/07\\\/IESC_logo_343_140.png\",\"width\":343,\"height\":140,\"caption\":\"IESC-Integrated Efficient Solutions & Consulting GmbH\"},\"image\":{\"@id\":\"https:\\\/\\\/www.iesc.eu\\\/mrotronde\\\/#\\\/schema\\\/logo\\\/image\\\/\"},\"sameAs\":[\"https:\\\/\\\/www.linkedin.com\\\/company\\\/iesc-integrated-efficient-solutions-&amp;-consulting-gmbh\"]}]}<\/script>\n<!-- \/ Yoast SEO plugin. -->","yoast_head_json":{"title":"Modul Abrechnung - mrotronde","robots":{"index":"index","follow":"follow","max-snippet":"max-snippet:-1","max-image-preview":"max-image-preview:large","max-video-preview":"max-video-preview:-1"},"canonical":"https:\/\/www.iesc.eu\/mrotronde\/module-invoicing\/","og_locale":"de_DE","og_type":"article","og_title":"Modul Abrechnung - mrotronde","og_description":"Erstellen Sie Vorauszahlungen, Anzahlungen, Teilzahlungen,\u00a0 Gutschriften und die Abschlussrechnung alles in einem Modul. Beliebig viele Rechnungsentw\u00fcrfe k\u00f6nnen mit einem einfachen Klick erstellt werden, w\u00e4hrend MROTRON\u00ae sicherstellt, dass Kosten Ihrem Kunden nicht mehrfach verrechnet werden Profitieren Sie von automatischer W\u00e4hrungsumrechnung automatischer Kontierung\u00a0Ihrer Rechnung automatischer Zuordnung des Steuerschl\u00fcssels sowie der Umsatzsteuer automatischer\u00a0Rechnungssplitt f\u00fcr Kosten\u00fcbernahmen und Garantieverrechnungen Storno-...","og_url":"https:\/\/www.iesc.eu\/mrotronde\/module-invoicing\/","og_site_name":"mrotronde","article_modified_time":"2022-07-26T17:12:36+00:00","og_image":[{"url":"https:\/\/iesc.eu\/mrotronde\/wp-content\/uploads\/2015\/06\/Invoice_Mrotron.png","type":"","width":"","height":""}],"twitter_card":"summary_large_image","twitter_misc":{"Gesch\u00e4tzte Lesezeit":"1\u00a0Minute"},"schema":{"@context":"https:\/\/schema.org","@graph":[{"@type":"WebPage","@id":"https:\/\/www.iesc.eu\/mrotronde\/module-invoicing\/","url":"https:\/\/www.iesc.eu\/mrotronde\/module-invoicing\/","name":"Modul Abrechnung - mrotronde","isPartOf":{"@id":"https:\/\/www.iesc.eu\/mrotronde\/#website"},"primaryImageOfPage":{"@id":"https:\/\/www.iesc.eu\/mrotronde\/module-invoicing\/#primaryimage"},"image":{"@id":"https:\/\/www.iesc.eu\/mrotronde\/module-invoicing\/#primaryimage"},"thumbnailUrl":"https:\/\/iesc.eu\/mrotronde\/wp-content\/uploads\/2015\/06\/Invoice_Mrotron.png","datePublished":"2022-07-26T17:12:27+00:00","dateModified":"2022-07-26T17:12:36+00:00","breadcrumb":{"@id":"https:\/\/www.iesc.eu\/mrotronde\/module-invoicing\/#breadcrumb"},"inLanguage":"de","potentialAction":[{"@type":"ReadAction","target":["https:\/\/www.iesc.eu\/mrotronde\/module-invoicing\/"]}]},{"@type":"ImageObject","inLanguage":"de","@id":"https:\/\/www.iesc.eu\/mrotronde\/module-invoicing\/#primaryimage","url":"https:\/\/iesc.eu\/mrotronde\/wp-content\/uploads\/2015\/06\/Invoice_Mrotron.png","contentUrl":"https:\/\/iesc.eu\/mrotronde\/wp-content\/uploads\/2015\/06\/Invoice_Mrotron.png"},{"@type":"BreadcrumbList","@id":"https:\/\/www.iesc.eu\/mrotronde\/module-invoicing\/#breadcrumb","itemListElement":[{"@type":"ListItem","position":1,"name":"Startseite","item":"https:\/\/www.iesc.eu\/mrotronde\/"},{"@type":"ListItem","position":2,"name":"Modul Abrechnung"}]},{"@type":"WebSite","@id":"https:\/\/www.iesc.eu\/mrotronde\/#website","url":"https:\/\/www.iesc.eu\/mrotronde\/","name":"mrotronde","description":"","publisher":{"@id":"https:\/\/www.iesc.eu\/mrotronde\/#organization"},"potentialAction":[{"@type":"SearchAction","target":{"@type":"EntryPoint","urlTemplate":"https:\/\/www.iesc.eu\/mrotronde\/?s={search_term_string}"},"query-input":{"@type":"PropertyValueSpecification","valueRequired":true,"valueName":"search_term_string"}}],"inLanguage":"de"},{"@type":"Organization","@id":"https:\/\/www.iesc.eu\/mrotronde\/#organization","name":"IESC-Integrated Efficient Solutions & Consulting GmbH","url":"https:\/\/www.iesc.eu\/mrotronde\/","logo":{"@type":"ImageObject","inLanguage":"de","@id":"https:\/\/www.iesc.eu\/mrotronde\/#\/schema\/logo\/image\/","url":"https:\/\/www.iesc.eu\/mrotronde\/wp-content\/uploads\/2022\/07\/IESC_logo_343_140.png","contentUrl":"https:\/\/www.iesc.eu\/mrotronde\/wp-content\/uploads\/2022\/07\/IESC_logo_343_140.png","width":343,"height":140,"caption":"IESC-Integrated Efficient Solutions & Consulting GmbH"},"image":{"@id":"https:\/\/www.iesc.eu\/mrotronde\/#\/schema\/logo\/image\/"},"sameAs":["https:\/\/www.linkedin.com\/company\/iesc-integrated-efficient-solutions-&amp;-consulting-gmbh"]}]}},"_links":{"self":[{"href":"https:\/\/www.iesc.eu\/mrotronde\/wp-json\/wp\/v2\/pages\/327","targetHints":{"allow":["GET"]}}],"collection":[{"href":"https:\/\/www.iesc.eu\/mrotronde\/wp-json\/wp\/v2\/pages"}],"about":[{"href":"https:\/\/www.iesc.eu\/mrotronde\/wp-json\/wp\/v2\/types\/page"}],"author":[{"embeddable":true,"href":"https:\/\/www.iesc.eu\/mrotronde\/wp-json\/wp\/v2\/users\/2"}],"replies":[{"embeddable":true,"href":"https:\/\/www.iesc.eu\/mrotronde\/wp-json\/wp\/v2\/comments?post=327"}],"version-history":[{"count":22,"href":"https:\/\/www.iesc.eu\/mrotronde\/wp-json\/wp\/v2\/pages\/327\/revisions"}],"predecessor-version":[{"id":858,"href":"https:\/\/www.iesc.eu\/mrotronde\/wp-json\/wp\/v2\/pages\/327\/revisions\/858"}],"wp:attachment":[{"href":"https:\/\/www.iesc.eu\/mrotronde\/wp-json\/wp\/v2\/media?parent=327"}],"curies":[{"name":"wp","href":"https:\/\/api.w.org\/{rel}","templated":true}]}}