{"id":324,"date":"2022-07-26T19:11:48","date_gmt":"2022-07-26T17:11:48","guid":{"rendered":"http:\/\/localhost:8081\/wordpress\/?page_id=324"},"modified":"2022-07-26T19:11:58","modified_gmt":"2022-07-26T17:11:58","slug":"module-production","status":"publish","type":"page","link":"https:\/\/www.iesc.eu\/mrotronde\/module-production\/","title":{"rendered":"Modul Produktion"},"content":{"rendered":"<p>Das einfach zu bedienende, selbst erkl\u00e4rende aber hochautomatisierte Modul Produktion gew\u00e4hrleistet eine schnelle und exakte Bedienung durch Ihre gr\u00f6\u00dfte Abteilung, inklusive durch gelegentliche Lohnarbeiter.<img loading=\"lazy\" decoding=\"async\" class=\"wp-image-548 alignright\" src=\"https:\/\/iesc.eu\/mrotronde\/wp-content\/uploads\/2015\/06\/Taskform_Mrotron.png\" alt=\"Taskform_Mrotron\" width=\"190\" height=\"274\" \/><\/p>\n<ul>\n<li>stufenweise Dokumentation der durchgef\u00fchrten T\u00e4tigkeit<\/li>\n<li>Nachverfolgung der aufgebrachten Mannstunden, Material, Dienstleistungen und der verwendeten Werkzeuge<\/li>\n<li>automatische Anpassung des Lagerstandes<\/li>\n<li>Arbeitszur\u00fcckstellungs- und Defektzuordnungsfunktion<\/li>\n<li>freie Definition der Freigabearten, auch f\u00fcr verschiedene Approvals\/Luftfahrtbeh\u00f6rden<\/li>\n<li>F\u00fchren mehrerer\u00a0Aussenstationen in einem System, auch\u00a0bei eigener Rechtsk\u00f6rperschaft<\/li>\n<li>Verfolgung von Defekten zur Evaluierung der Ausfallssicherheit<\/li>\n<li>unterst\u00fctzt die Dokumentation des Erfahrungsgrades der Mechaniker<\/li>\n<li>elektronische Wartungsfreigabe ohne zus\u00e4tzliche Hardware<\/li>\n<li>Information \u00fcber Materialverf\u00fcgbarkeit, &#8211; eigentum, -reservierung, -kosten\u00fcbernahme, -garantieleistung und alternative Teilenummern\u00a0w\u00e4hrend des Materialausgabeprozesses<\/li>\n<\/ul>\n<p><a id=\"ab\" href=\"https:\/\/www.iesc.eu\/mrotronde\/mrotron-2\/modules\/\">zur\u00fcck zur Modul\u00fcbersicht<\/a><\/p>\n","protected":false},"excerpt":{"rendered":"<p>Das einfach zu bedienende, selbst erkl\u00e4rende aber hochautomatisierte Modul Produktion gew\u00e4hrleistet eine schnelle und exakte Bedienung durch Ihre gr\u00f6\u00dfte Abteilung, inklusive durch gelegentliche Lohnarbeiter. stufenweise Dokumentation der durchgef\u00fchrten T\u00e4tigkeit Nachverfolgung der aufgebrachten Mannstunden, Material, Dienstleistungen und der verwendeten Werkzeuge automatische Anpassung des Lagerstandes Arbeitszur\u00fcckstellungs- und Defektzuordnungsfunktion freie Definition der Freigabearten, auch f\u00fcr verschiedene Approvals\/Luftfahrtbeh\u00f6rden F\u00fchren&#8230;<\/p>\n","protected":false},"author":2,"featured_media":0,"parent":0,"menu_order":0,"comment_status":"closed","ping_status":"closed","template":"","meta":{"footnotes":""},"class_list":["post-324","page","type-page","status-publish","hentry"],"yoast_head":"<!-- This site is optimized with the Yoast SEO plugin v27.3 - https:\/\/yoast.com\/product\/yoast-seo-wordpress\/ -->\n<title>Modul Produktion - mrotronde<\/title>\n<meta name=\"robots\" content=\"index, follow, max-snippet:-1, max-image-preview:large, max-video-preview:-1\" \/>\n<link rel=\"canonical\" href=\"https:\/\/www.iesc.eu\/mrotronde\/module-production\/\" \/>\n<meta property=\"og:locale\" content=\"de_DE\" \/>\n<meta property=\"og:type\" content=\"article\" \/>\n<meta property=\"og:title\" content=\"Modul Produktion - mrotronde\" \/>\n<meta property=\"og:description\" content=\"Das einfach zu bedienende, selbst erkl\u00e4rende aber hochautomatisierte Modul Produktion gew\u00e4hrleistet eine schnelle und exakte Bedienung durch Ihre gr\u00f6\u00dfte Abteilung, inklusive durch gelegentliche Lohnarbeiter. stufenweise Dokumentation der durchgef\u00fchrten T\u00e4tigkeit Nachverfolgung der aufgebrachten Mannstunden, Material, Dienstleistungen und der verwendeten Werkzeuge automatische Anpassung des Lagerstandes Arbeitszur\u00fcckstellungs- und Defektzuordnungsfunktion freie Definition der Freigabearten, auch f\u00fcr verschiedene Approvals\/Luftfahrtbeh\u00f6rden F\u00fchren...\" \/>\n<meta property=\"og:url\" content=\"https:\/\/www.iesc.eu\/mrotronde\/module-production\/\" \/>\n<meta property=\"og:site_name\" content=\"mrotronde\" \/>\n<meta property=\"article:modified_time\" content=\"2022-07-26T17:11:58+00:00\" \/>\n<meta property=\"og:image\" content=\"https:\/\/iesc.eu\/mrotronde\/wp-content\/uploads\/2015\/06\/Taskform_Mrotron.png\" \/>\n<meta name=\"twitter:card\" content=\"summary_large_image\" \/>\n<meta name=\"twitter:label1\" content=\"Gesch\u00e4tzte Lesezeit\" \/>\n\t<meta name=\"twitter:data1\" content=\"1\u00a0Minute\" \/>\n<script type=\"application\/ld+json\" class=\"yoast-schema-graph\">{\"@context\":\"https:\\\/\\\/schema.org\",\"@graph\":[{\"@type\":\"WebPage\",\"@id\":\"https:\\\/\\\/www.iesc.eu\\\/mrotronde\\\/module-production\\\/\",\"url\":\"https:\\\/\\\/www.iesc.eu\\\/mrotronde\\\/module-production\\\/\",\"name\":\"Modul Produktion - mrotronde\",\"isPartOf\":{\"@id\":\"https:\\\/\\\/www.iesc.eu\\\/mrotronde\\\/#website\"},\"primaryImageOfPage\":{\"@id\":\"https:\\\/\\\/www.iesc.eu\\\/mrotronde\\\/module-production\\\/#primaryimage\"},\"image\":{\"@id\":\"https:\\\/\\\/www.iesc.eu\\\/mrotronde\\\/module-production\\\/#primaryimage\"},\"thumbnailUrl\":\"https:\\\/\\\/iesc.eu\\\/mrotronde\\\/wp-content\\\/uploads\\\/2015\\\/06\\\/Taskform_Mrotron.png\",\"datePublished\":\"2022-07-26T17:11:48+00:00\",\"dateModified\":\"2022-07-26T17:11:58+00:00\",\"breadcrumb\":{\"@id\":\"https:\\\/\\\/www.iesc.eu\\\/mrotronde\\\/module-production\\\/#breadcrumb\"},\"inLanguage\":\"de\",\"potentialAction\":[{\"@type\":\"ReadAction\",\"target\":[\"https:\\\/\\\/www.iesc.eu\\\/mrotronde\\\/module-production\\\/\"]}]},{\"@type\":\"ImageObject\",\"inLanguage\":\"de\",\"@id\":\"https:\\\/\\\/www.iesc.eu\\\/mrotronde\\\/module-production\\\/#primaryimage\",\"url\":\"https:\\\/\\\/iesc.eu\\\/mrotronde\\\/wp-content\\\/uploads\\\/2015\\\/06\\\/Taskform_Mrotron.png\",\"contentUrl\":\"https:\\\/\\\/iesc.eu\\\/mrotronde\\\/wp-content\\\/uploads\\\/2015\\\/06\\\/Taskform_Mrotron.png\"},{\"@type\":\"BreadcrumbList\",\"@id\":\"https:\\\/\\\/www.iesc.eu\\\/mrotronde\\\/module-production\\\/#breadcrumb\",\"itemListElement\":[{\"@type\":\"ListItem\",\"position\":1,\"name\":\"Startseite\",\"item\":\"https:\\\/\\\/www.iesc.eu\\\/mrotronde\\\/\"},{\"@type\":\"ListItem\",\"position\":2,\"name\":\"Modul Produktion\"}]},{\"@type\":\"WebSite\",\"@id\":\"https:\\\/\\\/www.iesc.eu\\\/mrotronde\\\/#website\",\"url\":\"https:\\\/\\\/www.iesc.eu\\\/mrotronde\\\/\",\"name\":\"mrotronde\",\"description\":\"\",\"publisher\":{\"@id\":\"https:\\\/\\\/www.iesc.eu\\\/mrotronde\\\/#organization\"},\"potentialAction\":[{\"@type\":\"SearchAction\",\"target\":{\"@type\":\"EntryPoint\",\"urlTemplate\":\"https:\\\/\\\/www.iesc.eu\\\/mrotronde\\\/?s={search_term_string}\"},\"query-input\":{\"@type\":\"PropertyValueSpecification\",\"valueRequired\":true,\"valueName\":\"search_term_string\"}}],\"inLanguage\":\"de\"},{\"@type\":\"Organization\",\"@id\":\"https:\\\/\\\/www.iesc.eu\\\/mrotronde\\\/#organization\",\"name\":\"IESC-Integrated Efficient Solutions & Consulting GmbH\",\"url\":\"https:\\\/\\\/www.iesc.eu\\\/mrotronde\\\/\",\"logo\":{\"@type\":\"ImageObject\",\"inLanguage\":\"de\",\"@id\":\"https:\\\/\\\/www.iesc.eu\\\/mrotronde\\\/#\\\/schema\\\/logo\\\/image\\\/\",\"url\":\"https:\\\/\\\/www.iesc.eu\\\/mrotronde\\\/wp-content\\\/uploads\\\/2022\\\/07\\\/IESC_logo_343_140.png\",\"contentUrl\":\"https:\\\/\\\/www.iesc.eu\\\/mrotronde\\\/wp-content\\\/uploads\\\/2022\\\/07\\\/IESC_logo_343_140.png\",\"width\":343,\"height\":140,\"caption\":\"IESC-Integrated Efficient Solutions & Consulting GmbH\"},\"image\":{\"@id\":\"https:\\\/\\\/www.iesc.eu\\\/mrotronde\\\/#\\\/schema\\\/logo\\\/image\\\/\"},\"sameAs\":[\"https:\\\/\\\/www.linkedin.com\\\/company\\\/iesc-integrated-efficient-solutions-&amp;-consulting-gmbh\"]}]}<\/script>\n<!-- \/ Yoast SEO plugin. -->","yoast_head_json":{"title":"Modul Produktion - mrotronde","robots":{"index":"index","follow":"follow","max-snippet":"max-snippet:-1","max-image-preview":"max-image-preview:large","max-video-preview":"max-video-preview:-1"},"canonical":"https:\/\/www.iesc.eu\/mrotronde\/module-production\/","og_locale":"de_DE","og_type":"article","og_title":"Modul Produktion - mrotronde","og_description":"Das einfach zu bedienende, selbst erkl\u00e4rende aber hochautomatisierte Modul Produktion gew\u00e4hrleistet eine schnelle und exakte Bedienung durch Ihre gr\u00f6\u00dfte Abteilung, inklusive durch gelegentliche Lohnarbeiter. stufenweise Dokumentation der durchgef\u00fchrten T\u00e4tigkeit Nachverfolgung der aufgebrachten Mannstunden, Material, Dienstleistungen und der verwendeten Werkzeuge automatische Anpassung des Lagerstandes Arbeitszur\u00fcckstellungs- und Defektzuordnungsfunktion freie Definition der Freigabearten, auch f\u00fcr verschiedene Approvals\/Luftfahrtbeh\u00f6rden F\u00fchren...","og_url":"https:\/\/www.iesc.eu\/mrotronde\/module-production\/","og_site_name":"mrotronde","article_modified_time":"2022-07-26T17:11:58+00:00","og_image":[{"url":"https:\/\/iesc.eu\/mrotronde\/wp-content\/uploads\/2015\/06\/Taskform_Mrotron.png","type":"","width":"","height":""}],"twitter_card":"summary_large_image","twitter_misc":{"Gesch\u00e4tzte Lesezeit":"1\u00a0Minute"},"schema":{"@context":"https:\/\/schema.org","@graph":[{"@type":"WebPage","@id":"https:\/\/www.iesc.eu\/mrotronde\/module-production\/","url":"https:\/\/www.iesc.eu\/mrotronde\/module-production\/","name":"Modul Produktion - mrotronde","isPartOf":{"@id":"https:\/\/www.iesc.eu\/mrotronde\/#website"},"primaryImageOfPage":{"@id":"https:\/\/www.iesc.eu\/mrotronde\/module-production\/#primaryimage"},"image":{"@id":"https:\/\/www.iesc.eu\/mrotronde\/module-production\/#primaryimage"},"thumbnailUrl":"https:\/\/iesc.eu\/mrotronde\/wp-content\/uploads\/2015\/06\/Taskform_Mrotron.png","datePublished":"2022-07-26T17:11:48+00:00","dateModified":"2022-07-26T17:11:58+00:00","breadcrumb":{"@id":"https:\/\/www.iesc.eu\/mrotronde\/module-production\/#breadcrumb"},"inLanguage":"de","potentialAction":[{"@type":"ReadAction","target":["https:\/\/www.iesc.eu\/mrotronde\/module-production\/"]}]},{"@type":"ImageObject","inLanguage":"de","@id":"https:\/\/www.iesc.eu\/mrotronde\/module-production\/#primaryimage","url":"https:\/\/iesc.eu\/mrotronde\/wp-content\/uploads\/2015\/06\/Taskform_Mrotron.png","contentUrl":"https:\/\/iesc.eu\/mrotronde\/wp-content\/uploads\/2015\/06\/Taskform_Mrotron.png"},{"@type":"BreadcrumbList","@id":"https:\/\/www.iesc.eu\/mrotronde\/module-production\/#breadcrumb","itemListElement":[{"@type":"ListItem","position":1,"name":"Startseite","item":"https:\/\/www.iesc.eu\/mrotronde\/"},{"@type":"ListItem","position":2,"name":"Modul Produktion"}]},{"@type":"WebSite","@id":"https:\/\/www.iesc.eu\/mrotronde\/#website","url":"https:\/\/www.iesc.eu\/mrotronde\/","name":"mrotronde","description":"","publisher":{"@id":"https:\/\/www.iesc.eu\/mrotronde\/#organization"},"potentialAction":[{"@type":"SearchAction","target":{"@type":"EntryPoint","urlTemplate":"https:\/\/www.iesc.eu\/mrotronde\/?s={search_term_string}"},"query-input":{"@type":"PropertyValueSpecification","valueRequired":true,"valueName":"search_term_string"}}],"inLanguage":"de"},{"@type":"Organization","@id":"https:\/\/www.iesc.eu\/mrotronde\/#organization","name":"IESC-Integrated Efficient Solutions & Consulting GmbH","url":"https:\/\/www.iesc.eu\/mrotronde\/","logo":{"@type":"ImageObject","inLanguage":"de","@id":"https:\/\/www.iesc.eu\/mrotronde\/#\/schema\/logo\/image\/","url":"https:\/\/www.iesc.eu\/mrotronde\/wp-content\/uploads\/2022\/07\/IESC_logo_343_140.png","contentUrl":"https:\/\/www.iesc.eu\/mrotronde\/wp-content\/uploads\/2022\/07\/IESC_logo_343_140.png","width":343,"height":140,"caption":"IESC-Integrated Efficient Solutions & Consulting GmbH"},"image":{"@id":"https:\/\/www.iesc.eu\/mrotronde\/#\/schema\/logo\/image\/"},"sameAs":["https:\/\/www.linkedin.com\/company\/iesc-integrated-efficient-solutions-&amp;-consulting-gmbh"]}]}},"_links":{"self":[{"href":"https:\/\/www.iesc.eu\/mrotronde\/wp-json\/wp\/v2\/pages\/324","targetHints":{"allow":["GET"]}}],"collection":[{"href":"https:\/\/www.iesc.eu\/mrotronde\/wp-json\/wp\/v2\/pages"}],"about":[{"href":"https:\/\/www.iesc.eu\/mrotronde\/wp-json\/wp\/v2\/types\/page"}],"author":[{"embeddable":true,"href":"https:\/\/www.iesc.eu\/mrotronde\/wp-json\/wp\/v2\/users\/2"}],"replies":[{"embeddable":true,"href":"https:\/\/www.iesc.eu\/mrotronde\/wp-json\/wp\/v2\/comments?post=324"}],"version-history":[{"count":15,"href":"https:\/\/www.iesc.eu\/mrotronde\/wp-json\/wp\/v2\/pages\/324\/revisions"}],"predecessor-version":[{"id":856,"href":"https:\/\/www.iesc.eu\/mrotronde\/wp-json\/wp\/v2\/pages\/324\/revisions\/856"}],"wp:attachment":[{"href":"https:\/\/www.iesc.eu\/mrotronde\/wp-json\/wp\/v2\/media?parent=324"}],"curies":[{"name":"wp","href":"https:\/\/api.w.org\/{rel}","templated":true}]}}