{"id":321,"date":"2022-07-26T19:11:05","date_gmt":"2022-07-26T17:11:05","guid":{"rendered":"http:\/\/localhost:8081\/wordpress\/?page_id=321"},"modified":"2022-07-26T19:11:13","modified_gmt":"2022-07-26T17:11:13","slug":"module-order","status":"publish","type":"page","link":"https:\/\/www.iesc.eu\/mrotronde\/module-order\/","title":{"rendered":"Modul Bestellwesen"},"content":{"rendered":"<p>Das Modul Bestellwesen stellt s\u00e4mtliche Funktionen zur Erstellung, Freigabe und Wareneingang der\u00a0Bestellungen zur Verf\u00fcgung, als auch\u00a0f\u00fcr die\u00a0Eingangsrechnungskontrolle und deren Freigabe. S\u00e4mtliche Bestellschritte k\u00f6nnen von einer einzigen \u00dcbersicht heraus bearbeitet werden.<img loading=\"lazy\" decoding=\"async\" class=\"wp-image-545 alignright\" src=\"https:\/\/iesc.eu\/mrotronde\/wp-content\/uploads\/2015\/06\/Order_Mrotron.png\" alt=\"Order_Mrotron\" width=\"337\" height=\"188\" srcset=\"https:\/\/www.iesc.eu\/mrotronde\/wp-content\/uploads\/2015\/06\/Order_Mrotron.png 1340w, https:\/\/www.iesc.eu\/mrotronde\/wp-content\/uploads\/2015\/06\/Order_Mrotron-1024x571.png 1024w, https:\/\/www.iesc.eu\/mrotronde\/wp-content\/uploads\/2015\/06\/Order_Mrotron-768x428.png 768w, https:\/\/www.iesc.eu\/mrotronde\/wp-content\/uploads\/2015\/06\/Order_Mrotron-900x502.png 900w\" sizes=\"auto, (max-width: 337px) 100vw, 337px\" \/><\/p>\n<ul>\n<li>komplettes Bestellwesen samt automatischer Lagerstands- und Lagerwertanpassung<\/li>\n<li>f\u00fcr Ersatzteile, Werkzeuge, Dienstleistungen, B\u00fcromaterial, etc.<\/li>\n<li>intensiver Daten- und Statusinformationsaustausch mit den Modulen Arbeitsvorbereitung, Produktion und Abrechnung<\/li>\n<li>automatische Generierung der Bestellpositionen\u00a0f\u00fcr geplantes Material, Ersatzteil- und Werkzeugpr\u00fcfpflichten, Lagerstandsanpassung, abgebaute Teile, Retourmaterial, etc.<\/li>\n<li>automatische Eingabe des St\u00fcckpreises, Bestellkonditionen und\u00a0Bestelltext,\u00a0wie voreingestellt oder\u00a0als Lieferantendaten importiert<\/li>\n<li>Einscannfunktion der Lieferpapiere w\u00e4hrend des Wareneingangsprozesses<\/li>\n<li>automatische Verfolgung\u00a0von Werkzeugpr\u00fcfpflichten und Ablaufdatum<\/li>\n<li>automatische Verkaufspreisberechnung basierend auf einer breiten Auswahl an Einstelloptionen<\/li>\n<li>Weiterverrechnungs- und Ladenthekenverkaufsfunktion<\/li>\n<li>automatische Aufteilung der Frachtkosten auf die Bestellpositionen<\/li>\n<li>automatische Materialreservierungsfunktion<\/li>\n<li>automatische Ber\u00fccksichtigung von Mindestbestellmengen und Verpackungseinheiten<\/li>\n<li>automatische W\u00e4hrungs- und St\u00fcckeinheitenumrechnung<\/li>\n<li>automatische Kontierung, Steuerschl\u00fcsselfindung und Umsatzsteuerberechnung<\/li>\n<li>Verfolgung s\u00e4mtlicher Materialbewegungs- und Bestellschritte im Buchhaltungssystem \u00fcber die Schnittstelle m\u00f6glich<\/li>\n<\/ul>\n<p><a id=\"ab\" href=\"https:\/\/www.iesc.eu\/mrotronde\/mrotron-2\/modules\/\">zur\u00fcck zur Modul\u00fcbersicht<\/a><\/p>\n","protected":false},"excerpt":{"rendered":"<p>Das Modul Bestellwesen stellt s\u00e4mtliche Funktionen zur Erstellung, Freigabe und Wareneingang der\u00a0Bestellungen zur Verf\u00fcgung, als auch\u00a0f\u00fcr die\u00a0Eingangsrechnungskontrolle und deren Freigabe. S\u00e4mtliche Bestellschritte k\u00f6nnen von einer einzigen \u00dcbersicht heraus bearbeitet werden. komplettes Bestellwesen samt automatischer Lagerstands- und Lagerwertanpassung f\u00fcr Ersatzteile, Werkzeuge, Dienstleistungen, B\u00fcromaterial, etc. intensiver Daten- und Statusinformationsaustausch mit den Modulen Arbeitsvorbereitung, Produktion und Abrechnung automatische&#8230;<\/p>\n","protected":false},"author":2,"featured_media":0,"parent":0,"menu_order":0,"comment_status":"closed","ping_status":"closed","template":"","meta":{"footnotes":""},"class_list":["post-321","page","type-page","status-publish","hentry"],"yoast_head":"<!-- This site is optimized with the Yoast SEO plugin v27.3 - https:\/\/yoast.com\/product\/yoast-seo-wordpress\/ -->\n<title>Modul Bestellwesen - mrotronde<\/title>\n<meta name=\"robots\" content=\"index, follow, max-snippet:-1, max-image-preview:large, max-video-preview:-1\" \/>\n<link rel=\"canonical\" href=\"https:\/\/www.iesc.eu\/mrotronde\/module-order\/\" \/>\n<meta property=\"og:locale\" content=\"de_DE\" \/>\n<meta property=\"og:type\" content=\"article\" \/>\n<meta property=\"og:title\" content=\"Modul Bestellwesen - mrotronde\" \/>\n<meta property=\"og:description\" content=\"Das Modul Bestellwesen stellt s\u00e4mtliche Funktionen zur Erstellung, Freigabe und Wareneingang der\u00a0Bestellungen zur Verf\u00fcgung, als auch\u00a0f\u00fcr die\u00a0Eingangsrechnungskontrolle und deren Freigabe. S\u00e4mtliche Bestellschritte k\u00f6nnen von einer einzigen \u00dcbersicht heraus bearbeitet werden. komplettes Bestellwesen samt automatischer Lagerstands- und Lagerwertanpassung f\u00fcr Ersatzteile, Werkzeuge, Dienstleistungen, B\u00fcromaterial, etc. intensiver Daten- und Statusinformationsaustausch mit den Modulen Arbeitsvorbereitung, Produktion und Abrechnung automatische...\" \/>\n<meta property=\"og:url\" content=\"https:\/\/www.iesc.eu\/mrotronde\/module-order\/\" \/>\n<meta property=\"og:site_name\" content=\"mrotronde\" \/>\n<meta property=\"article:modified_time\" content=\"2022-07-26T17:11:13+00:00\" \/>\n<meta property=\"og:image\" content=\"https:\/\/iesc.eu\/mrotronde\/wp-content\/uploads\/2015\/06\/Order_Mrotron.png\" \/>\n<meta name=\"twitter:card\" content=\"summary_large_image\" \/>\n<meta name=\"twitter:label1\" content=\"Gesch\u00e4tzte Lesezeit\" \/>\n\t<meta name=\"twitter:data1\" content=\"2\u00a0Minuten\" \/>\n<script type=\"application\/ld+json\" class=\"yoast-schema-graph\">{\"@context\":\"https:\\\/\\\/schema.org\",\"@graph\":[{\"@type\":\"WebPage\",\"@id\":\"https:\\\/\\\/www.iesc.eu\\\/mrotronde\\\/module-order\\\/\",\"url\":\"https:\\\/\\\/www.iesc.eu\\\/mrotronde\\\/module-order\\\/\",\"name\":\"Modul Bestellwesen - mrotronde\",\"isPartOf\":{\"@id\":\"https:\\\/\\\/www.iesc.eu\\\/mrotronde\\\/#website\"},\"primaryImageOfPage\":{\"@id\":\"https:\\\/\\\/www.iesc.eu\\\/mrotronde\\\/module-order\\\/#primaryimage\"},\"image\":{\"@id\":\"https:\\\/\\\/www.iesc.eu\\\/mrotronde\\\/module-order\\\/#primaryimage\"},\"thumbnailUrl\":\"https:\\\/\\\/iesc.eu\\\/mrotronde\\\/wp-content\\\/uploads\\\/2015\\\/06\\\/Order_Mrotron.png\",\"datePublished\":\"2022-07-26T17:11:05+00:00\",\"dateModified\":\"2022-07-26T17:11:13+00:00\",\"breadcrumb\":{\"@id\":\"https:\\\/\\\/www.iesc.eu\\\/mrotronde\\\/module-order\\\/#breadcrumb\"},\"inLanguage\":\"de\",\"potentialAction\":[{\"@type\":\"ReadAction\",\"target\":[\"https:\\\/\\\/www.iesc.eu\\\/mrotronde\\\/module-order\\\/\"]}]},{\"@type\":\"ImageObject\",\"inLanguage\":\"de\",\"@id\":\"https:\\\/\\\/www.iesc.eu\\\/mrotronde\\\/module-order\\\/#primaryimage\",\"url\":\"https:\\\/\\\/iesc.eu\\\/mrotronde\\\/wp-content\\\/uploads\\\/2015\\\/06\\\/Order_Mrotron.png\",\"contentUrl\":\"https:\\\/\\\/iesc.eu\\\/mrotronde\\\/wp-content\\\/uploads\\\/2015\\\/06\\\/Order_Mrotron.png\"},{\"@type\":\"BreadcrumbList\",\"@id\":\"https:\\\/\\\/www.iesc.eu\\\/mrotronde\\\/module-order\\\/#breadcrumb\",\"itemListElement\":[{\"@type\":\"ListItem\",\"position\":1,\"name\":\"Startseite\",\"item\":\"https:\\\/\\\/www.iesc.eu\\\/mrotronde\\\/\"},{\"@type\":\"ListItem\",\"position\":2,\"name\":\"Modul Bestellwesen\"}]},{\"@type\":\"WebSite\",\"@id\":\"https:\\\/\\\/www.iesc.eu\\\/mrotronde\\\/#website\",\"url\":\"https:\\\/\\\/www.iesc.eu\\\/mrotronde\\\/\",\"name\":\"mrotronde\",\"description\":\"\",\"publisher\":{\"@id\":\"https:\\\/\\\/www.iesc.eu\\\/mrotronde\\\/#organization\"},\"potentialAction\":[{\"@type\":\"SearchAction\",\"target\":{\"@type\":\"EntryPoint\",\"urlTemplate\":\"https:\\\/\\\/www.iesc.eu\\\/mrotronde\\\/?s={search_term_string}\"},\"query-input\":{\"@type\":\"PropertyValueSpecification\",\"valueRequired\":true,\"valueName\":\"search_term_string\"}}],\"inLanguage\":\"de\"},{\"@type\":\"Organization\",\"@id\":\"https:\\\/\\\/www.iesc.eu\\\/mrotronde\\\/#organization\",\"name\":\"IESC-Integrated Efficient Solutions & Consulting GmbH\",\"url\":\"https:\\\/\\\/www.iesc.eu\\\/mrotronde\\\/\",\"logo\":{\"@type\":\"ImageObject\",\"inLanguage\":\"de\",\"@id\":\"https:\\\/\\\/www.iesc.eu\\\/mrotronde\\\/#\\\/schema\\\/logo\\\/image\\\/\",\"url\":\"https:\\\/\\\/www.iesc.eu\\\/mrotronde\\\/wp-content\\\/uploads\\\/2022\\\/07\\\/IESC_logo_343_140.png\",\"contentUrl\":\"https:\\\/\\\/www.iesc.eu\\\/mrotronde\\\/wp-content\\\/uploads\\\/2022\\\/07\\\/IESC_logo_343_140.png\",\"width\":343,\"height\":140,\"caption\":\"IESC-Integrated Efficient Solutions & Consulting GmbH\"},\"image\":{\"@id\":\"https:\\\/\\\/www.iesc.eu\\\/mrotronde\\\/#\\\/schema\\\/logo\\\/image\\\/\"},\"sameAs\":[\"https:\\\/\\\/www.linkedin.com\\\/company\\\/iesc-integrated-efficient-solutions-&amp;-consulting-gmbh\"]}]}<\/script>\n<!-- \/ Yoast SEO plugin. -->","yoast_head_json":{"title":"Modul Bestellwesen - mrotronde","robots":{"index":"index","follow":"follow","max-snippet":"max-snippet:-1","max-image-preview":"max-image-preview:large","max-video-preview":"max-video-preview:-1"},"canonical":"https:\/\/www.iesc.eu\/mrotronde\/module-order\/","og_locale":"de_DE","og_type":"article","og_title":"Modul Bestellwesen - mrotronde","og_description":"Das Modul Bestellwesen stellt s\u00e4mtliche Funktionen zur Erstellung, Freigabe und Wareneingang der\u00a0Bestellungen zur Verf\u00fcgung, als auch\u00a0f\u00fcr die\u00a0Eingangsrechnungskontrolle und deren Freigabe. S\u00e4mtliche Bestellschritte k\u00f6nnen von einer einzigen \u00dcbersicht heraus bearbeitet werden. komplettes Bestellwesen samt automatischer Lagerstands- und Lagerwertanpassung f\u00fcr Ersatzteile, Werkzeuge, Dienstleistungen, B\u00fcromaterial, etc. intensiver Daten- und Statusinformationsaustausch mit den Modulen Arbeitsvorbereitung, Produktion und Abrechnung automatische...","og_url":"https:\/\/www.iesc.eu\/mrotronde\/module-order\/","og_site_name":"mrotronde","article_modified_time":"2022-07-26T17:11:13+00:00","og_image":[{"url":"https:\/\/iesc.eu\/mrotronde\/wp-content\/uploads\/2015\/06\/Order_Mrotron.png","type":"","width":"","height":""}],"twitter_card":"summary_large_image","twitter_misc":{"Gesch\u00e4tzte Lesezeit":"2\u00a0Minuten"},"schema":{"@context":"https:\/\/schema.org","@graph":[{"@type":"WebPage","@id":"https:\/\/www.iesc.eu\/mrotronde\/module-order\/","url":"https:\/\/www.iesc.eu\/mrotronde\/module-order\/","name":"Modul Bestellwesen - mrotronde","isPartOf":{"@id":"https:\/\/www.iesc.eu\/mrotronde\/#website"},"primaryImageOfPage":{"@id":"https:\/\/www.iesc.eu\/mrotronde\/module-order\/#primaryimage"},"image":{"@id":"https:\/\/www.iesc.eu\/mrotronde\/module-order\/#primaryimage"},"thumbnailUrl":"https:\/\/iesc.eu\/mrotronde\/wp-content\/uploads\/2015\/06\/Order_Mrotron.png","datePublished":"2022-07-26T17:11:05+00:00","dateModified":"2022-07-26T17:11:13+00:00","breadcrumb":{"@id":"https:\/\/www.iesc.eu\/mrotronde\/module-order\/#breadcrumb"},"inLanguage":"de","potentialAction":[{"@type":"ReadAction","target":["https:\/\/www.iesc.eu\/mrotronde\/module-order\/"]}]},{"@type":"ImageObject","inLanguage":"de","@id":"https:\/\/www.iesc.eu\/mrotronde\/module-order\/#primaryimage","url":"https:\/\/iesc.eu\/mrotronde\/wp-content\/uploads\/2015\/06\/Order_Mrotron.png","contentUrl":"https:\/\/iesc.eu\/mrotronde\/wp-content\/uploads\/2015\/06\/Order_Mrotron.png"},{"@type":"BreadcrumbList","@id":"https:\/\/www.iesc.eu\/mrotronde\/module-order\/#breadcrumb","itemListElement":[{"@type":"ListItem","position":1,"name":"Startseite","item":"https:\/\/www.iesc.eu\/mrotronde\/"},{"@type":"ListItem","position":2,"name":"Modul Bestellwesen"}]},{"@type":"WebSite","@id":"https:\/\/www.iesc.eu\/mrotronde\/#website","url":"https:\/\/www.iesc.eu\/mrotronde\/","name":"mrotronde","description":"","publisher":{"@id":"https:\/\/www.iesc.eu\/mrotronde\/#organization"},"potentialAction":[{"@type":"SearchAction","target":{"@type":"EntryPoint","urlTemplate":"https:\/\/www.iesc.eu\/mrotronde\/?s={search_term_string}"},"query-input":{"@type":"PropertyValueSpecification","valueRequired":true,"valueName":"search_term_string"}}],"inLanguage":"de"},{"@type":"Organization","@id":"https:\/\/www.iesc.eu\/mrotronde\/#organization","name":"IESC-Integrated Efficient Solutions & Consulting GmbH","url":"https:\/\/www.iesc.eu\/mrotronde\/","logo":{"@type":"ImageObject","inLanguage":"de","@id":"https:\/\/www.iesc.eu\/mrotronde\/#\/schema\/logo\/image\/","url":"https:\/\/www.iesc.eu\/mrotronde\/wp-content\/uploads\/2022\/07\/IESC_logo_343_140.png","contentUrl":"https:\/\/www.iesc.eu\/mrotronde\/wp-content\/uploads\/2022\/07\/IESC_logo_343_140.png","width":343,"height":140,"caption":"IESC-Integrated Efficient Solutions & Consulting GmbH"},"image":{"@id":"https:\/\/www.iesc.eu\/mrotronde\/#\/schema\/logo\/image\/"},"sameAs":["https:\/\/www.linkedin.com\/company\/iesc-integrated-efficient-solutions-&amp;-consulting-gmbh"]}]}},"_links":{"self":[{"href":"https:\/\/www.iesc.eu\/mrotronde\/wp-json\/wp\/v2\/pages\/321","targetHints":{"allow":["GET"]}}],"collection":[{"href":"https:\/\/www.iesc.eu\/mrotronde\/wp-json\/wp\/v2\/pages"}],"about":[{"href":"https:\/\/www.iesc.eu\/mrotronde\/wp-json\/wp\/v2\/types\/page"}],"author":[{"embeddable":true,"href":"https:\/\/www.iesc.eu\/mrotronde\/wp-json\/wp\/v2\/users\/2"}],"replies":[{"embeddable":true,"href":"https:\/\/www.iesc.eu\/mrotronde\/wp-json\/wp\/v2\/comments?post=321"}],"version-history":[{"count":11,"href":"https:\/\/www.iesc.eu\/mrotronde\/wp-json\/wp\/v2\/pages\/321\/revisions"}],"predecessor-version":[{"id":854,"href":"https:\/\/www.iesc.eu\/mrotronde\/wp-json\/wp\/v2\/pages\/321\/revisions\/854"}],"wp:attachment":[{"href":"https:\/\/www.iesc.eu\/mrotronde\/wp-json\/wp\/v2\/media?parent=321"}],"curies":[{"name":"wp","href":"https:\/\/api.w.org\/{rel}","templated":true}]}}