{"id":318,"date":"2022-07-26T19:10:22","date_gmt":"2022-07-26T17:10:22","guid":{"rendered":"http:\/\/localhost:8081\/wordpress\/?page_id=318"},"modified":"2022-07-26T19:10:32","modified_gmt":"2022-07-26T17:10:32","slug":"module-planning","status":"publish","type":"page","link":"https:\/\/www.iesc.eu\/mrotronde\/module-planning\/","title":{"rendered":"Modul Arbeitsvorbereitung"},"content":{"rendered":"<p>Lassen Sie sich die Plandaten auf Basis der vorausgegangen Arbeitsschritte erstellen oder starten Sie Ihren neuen Auftrag mit der Arbeitsvorbereitung. Nutzen Sie MROTRON<sup><span style=\"font-size: small;\">\u00ae<\/span><\/sup>\u00a0 um jederzeit einen \u00dcberblick \u00fcber Ihren Planungsstatus\u00a0zu haben, \u00fcberpr\u00fcfen Sie Ihre Planungsdetails, erg\u00e4nzen und \u00e4ndern Sie sie und geben sie and Ihre Produktion\u00a0frei.<img loading=\"lazy\" decoding=\"async\" class=\"wp-image-546 alignright\" src=\"https:\/\/iesc.eu\/mrotronde\/wp-content\/uploads\/2019\/10\/Planning_rev1_Mrotron_50.png\" alt=\"Planning_Mrotron\" width=\"338\" height=\"188\" \/><\/p>\n<ul>\n<li>Profitieren Sie vom kontinuierlichen Informationsaustausch zwischen den Modulen Arbeitsvorbereitung,\u00a0Produktion und Bestellwesen<\/li>\n<li>automatische Kosten\u00fcbernahme- und Garantieinformation auf Einzelverrechnungspostenbasis<\/li>\n<li>automatische Evaluierung der Verf\u00fcgbarkeit alternativer Teilenummern<\/li>\n<li>F\u00fchren mehrerer Aussenstationen in einem System<\/li>\n<li>\u00dcbergabe der Arbeitspakete an die\u00a0Produktion elektronisch oder per Ausdruck.<\/li>\n<li>Implementierter Statusreport f\u00fcr Kunden sowie Orderfunktionen an die Logistik f\u00fcr alle Ressourcentypen<\/li>\n<\/ul>\n<p><a id=\"ab\" href=\"https:\/\/www.iesc.eu\/mrotronde\/mrotron-2\/modules\/\">zur\u00fcck zur Modul\u00fcbersicht<\/a><\/p>\n","protected":false},"excerpt":{"rendered":"<p>Lassen Sie sich die Plandaten auf Basis der vorausgegangen Arbeitsschritte erstellen oder starten Sie Ihren neuen Auftrag mit der Arbeitsvorbereitung. Nutzen Sie MROTRON\u00ae\u00a0 um jederzeit einen \u00dcberblick \u00fcber Ihren Planungsstatus\u00a0zu haben, \u00fcberpr\u00fcfen Sie Ihre Planungsdetails, erg\u00e4nzen und \u00e4ndern Sie sie und geben sie and Ihre Produktion\u00a0frei. Profitieren Sie vom kontinuierlichen Informationsaustausch zwischen den Modulen Arbeitsvorbereitung,\u00a0Produktion&#8230;<\/p>\n","protected":false},"author":2,"featured_media":0,"parent":0,"menu_order":0,"comment_status":"closed","ping_status":"closed","template":"","meta":{"footnotes":""},"class_list":["post-318","page","type-page","status-publish","hentry"],"yoast_head":"<!-- This site is optimized with the Yoast SEO plugin v27.3 - https:\/\/yoast.com\/product\/yoast-seo-wordpress\/ -->\n<title>Modul Arbeitsvorbereitung - mrotronde<\/title>\n<meta name=\"robots\" content=\"index, follow, max-snippet:-1, max-image-preview:large, max-video-preview:-1\" \/>\n<link rel=\"canonical\" href=\"https:\/\/www.iesc.eu\/mrotronde\/module-planning\/\" \/>\n<meta property=\"og:locale\" content=\"de_DE\" \/>\n<meta property=\"og:type\" content=\"article\" \/>\n<meta property=\"og:title\" content=\"Modul Arbeitsvorbereitung - mrotronde\" \/>\n<meta property=\"og:description\" content=\"Lassen Sie sich die Plandaten auf Basis der vorausgegangen Arbeitsschritte erstellen oder starten Sie Ihren neuen Auftrag mit der Arbeitsvorbereitung. Nutzen Sie MROTRON\u00ae\u00a0 um jederzeit einen \u00dcberblick \u00fcber Ihren Planungsstatus\u00a0zu haben, \u00fcberpr\u00fcfen Sie Ihre Planungsdetails, erg\u00e4nzen und \u00e4ndern Sie sie und geben sie and Ihre Produktion\u00a0frei. Profitieren Sie vom kontinuierlichen Informationsaustausch zwischen den Modulen Arbeitsvorbereitung,\u00a0Produktion...\" \/>\n<meta property=\"og:url\" content=\"https:\/\/www.iesc.eu\/mrotronde\/module-planning\/\" \/>\n<meta property=\"og:site_name\" content=\"mrotronde\" \/>\n<meta property=\"article:modified_time\" content=\"2022-07-26T17:10:32+00:00\" \/>\n<meta property=\"og:image\" content=\"https:\/\/iesc.eu\/mrotronde\/wp-content\/uploads\/2019\/10\/Planning_rev1_Mrotron_50.png\" \/>\n<meta name=\"twitter:card\" content=\"summary_large_image\" \/>\n<meta name=\"twitter:label1\" content=\"Gesch\u00e4tzte Lesezeit\" \/>\n\t<meta name=\"twitter:data1\" content=\"1\u00a0Minute\" \/>\n<script type=\"application\/ld+json\" class=\"yoast-schema-graph\">{\"@context\":\"https:\\\/\\\/schema.org\",\"@graph\":[{\"@type\":\"WebPage\",\"@id\":\"https:\\\/\\\/www.iesc.eu\\\/mrotronde\\\/module-planning\\\/\",\"url\":\"https:\\\/\\\/www.iesc.eu\\\/mrotronde\\\/module-planning\\\/\",\"name\":\"Modul Arbeitsvorbereitung - mrotronde\",\"isPartOf\":{\"@id\":\"https:\\\/\\\/www.iesc.eu\\\/mrotronde\\\/#website\"},\"primaryImageOfPage\":{\"@id\":\"https:\\\/\\\/www.iesc.eu\\\/mrotronde\\\/module-planning\\\/#primaryimage\"},\"image\":{\"@id\":\"https:\\\/\\\/www.iesc.eu\\\/mrotronde\\\/module-planning\\\/#primaryimage\"},\"thumbnailUrl\":\"https:\\\/\\\/iesc.eu\\\/mrotronde\\\/wp-content\\\/uploads\\\/2019\\\/10\\\/Planning_rev1_Mrotron_50.png\",\"datePublished\":\"2022-07-26T17:10:22+00:00\",\"dateModified\":\"2022-07-26T17:10:32+00:00\",\"breadcrumb\":{\"@id\":\"https:\\\/\\\/www.iesc.eu\\\/mrotronde\\\/module-planning\\\/#breadcrumb\"},\"inLanguage\":\"de\",\"potentialAction\":[{\"@type\":\"ReadAction\",\"target\":[\"https:\\\/\\\/www.iesc.eu\\\/mrotronde\\\/module-planning\\\/\"]}]},{\"@type\":\"ImageObject\",\"inLanguage\":\"de\",\"@id\":\"https:\\\/\\\/www.iesc.eu\\\/mrotronde\\\/module-planning\\\/#primaryimage\",\"url\":\"https:\\\/\\\/iesc.eu\\\/mrotronde\\\/wp-content\\\/uploads\\\/2019\\\/10\\\/Planning_rev1_Mrotron_50.png\",\"contentUrl\":\"https:\\\/\\\/iesc.eu\\\/mrotronde\\\/wp-content\\\/uploads\\\/2019\\\/10\\\/Planning_rev1_Mrotron_50.png\"},{\"@type\":\"BreadcrumbList\",\"@id\":\"https:\\\/\\\/www.iesc.eu\\\/mrotronde\\\/module-planning\\\/#breadcrumb\",\"itemListElement\":[{\"@type\":\"ListItem\",\"position\":1,\"name\":\"Startseite\",\"item\":\"https:\\\/\\\/www.iesc.eu\\\/mrotronde\\\/\"},{\"@type\":\"ListItem\",\"position\":2,\"name\":\"Modul Arbeitsvorbereitung\"}]},{\"@type\":\"WebSite\",\"@id\":\"https:\\\/\\\/www.iesc.eu\\\/mrotronde\\\/#website\",\"url\":\"https:\\\/\\\/www.iesc.eu\\\/mrotronde\\\/\",\"name\":\"mrotronde\",\"description\":\"\",\"publisher\":{\"@id\":\"https:\\\/\\\/www.iesc.eu\\\/mrotronde\\\/#organization\"},\"potentialAction\":[{\"@type\":\"SearchAction\",\"target\":{\"@type\":\"EntryPoint\",\"urlTemplate\":\"https:\\\/\\\/www.iesc.eu\\\/mrotronde\\\/?s={search_term_string}\"},\"query-input\":{\"@type\":\"PropertyValueSpecification\",\"valueRequired\":true,\"valueName\":\"search_term_string\"}}],\"inLanguage\":\"de\"},{\"@type\":\"Organization\",\"@id\":\"https:\\\/\\\/www.iesc.eu\\\/mrotronde\\\/#organization\",\"name\":\"IESC-Integrated Efficient Solutions & Consulting GmbH\",\"url\":\"https:\\\/\\\/www.iesc.eu\\\/mrotronde\\\/\",\"logo\":{\"@type\":\"ImageObject\",\"inLanguage\":\"de\",\"@id\":\"https:\\\/\\\/www.iesc.eu\\\/mrotronde\\\/#\\\/schema\\\/logo\\\/image\\\/\",\"url\":\"https:\\\/\\\/www.iesc.eu\\\/mrotronde\\\/wp-content\\\/uploads\\\/2022\\\/07\\\/IESC_logo_343_140.png\",\"contentUrl\":\"https:\\\/\\\/www.iesc.eu\\\/mrotronde\\\/wp-content\\\/uploads\\\/2022\\\/07\\\/IESC_logo_343_140.png\",\"width\":343,\"height\":140,\"caption\":\"IESC-Integrated Efficient Solutions & Consulting GmbH\"},\"image\":{\"@id\":\"https:\\\/\\\/www.iesc.eu\\\/mrotronde\\\/#\\\/schema\\\/logo\\\/image\\\/\"},\"sameAs\":[\"https:\\\/\\\/www.linkedin.com\\\/company\\\/iesc-integrated-efficient-solutions-&amp;-consulting-gmbh\"]}]}<\/script>\n<!-- \/ Yoast SEO plugin. -->","yoast_head_json":{"title":"Modul Arbeitsvorbereitung - mrotronde","robots":{"index":"index","follow":"follow","max-snippet":"max-snippet:-1","max-image-preview":"max-image-preview:large","max-video-preview":"max-video-preview:-1"},"canonical":"https:\/\/www.iesc.eu\/mrotronde\/module-planning\/","og_locale":"de_DE","og_type":"article","og_title":"Modul Arbeitsvorbereitung - mrotronde","og_description":"Lassen Sie sich die Plandaten auf Basis der vorausgegangen Arbeitsschritte erstellen oder starten Sie Ihren neuen Auftrag mit der Arbeitsvorbereitung. Nutzen Sie MROTRON\u00ae\u00a0 um jederzeit einen \u00dcberblick \u00fcber Ihren Planungsstatus\u00a0zu haben, \u00fcberpr\u00fcfen Sie Ihre Planungsdetails, erg\u00e4nzen und \u00e4ndern Sie sie und geben sie and Ihre Produktion\u00a0frei. Profitieren Sie vom kontinuierlichen Informationsaustausch zwischen den Modulen Arbeitsvorbereitung,\u00a0Produktion...","og_url":"https:\/\/www.iesc.eu\/mrotronde\/module-planning\/","og_site_name":"mrotronde","article_modified_time":"2022-07-26T17:10:32+00:00","og_image":[{"url":"https:\/\/iesc.eu\/mrotronde\/wp-content\/uploads\/2019\/10\/Planning_rev1_Mrotron_50.png","type":"","width":"","height":""}],"twitter_card":"summary_large_image","twitter_misc":{"Gesch\u00e4tzte Lesezeit":"1\u00a0Minute"},"schema":{"@context":"https:\/\/schema.org","@graph":[{"@type":"WebPage","@id":"https:\/\/www.iesc.eu\/mrotronde\/module-planning\/","url":"https:\/\/www.iesc.eu\/mrotronde\/module-planning\/","name":"Modul Arbeitsvorbereitung - mrotronde","isPartOf":{"@id":"https:\/\/www.iesc.eu\/mrotronde\/#website"},"primaryImageOfPage":{"@id":"https:\/\/www.iesc.eu\/mrotronde\/module-planning\/#primaryimage"},"image":{"@id":"https:\/\/www.iesc.eu\/mrotronde\/module-planning\/#primaryimage"},"thumbnailUrl":"https:\/\/iesc.eu\/mrotronde\/wp-content\/uploads\/2019\/10\/Planning_rev1_Mrotron_50.png","datePublished":"2022-07-26T17:10:22+00:00","dateModified":"2022-07-26T17:10:32+00:00","breadcrumb":{"@id":"https:\/\/www.iesc.eu\/mrotronde\/module-planning\/#breadcrumb"},"inLanguage":"de","potentialAction":[{"@type":"ReadAction","target":["https:\/\/www.iesc.eu\/mrotronde\/module-planning\/"]}]},{"@type":"ImageObject","inLanguage":"de","@id":"https:\/\/www.iesc.eu\/mrotronde\/module-planning\/#primaryimage","url":"https:\/\/iesc.eu\/mrotronde\/wp-content\/uploads\/2019\/10\/Planning_rev1_Mrotron_50.png","contentUrl":"https:\/\/iesc.eu\/mrotronde\/wp-content\/uploads\/2019\/10\/Planning_rev1_Mrotron_50.png"},{"@type":"BreadcrumbList","@id":"https:\/\/www.iesc.eu\/mrotronde\/module-planning\/#breadcrumb","itemListElement":[{"@type":"ListItem","position":1,"name":"Startseite","item":"https:\/\/www.iesc.eu\/mrotronde\/"},{"@type":"ListItem","position":2,"name":"Modul Arbeitsvorbereitung"}]},{"@type":"WebSite","@id":"https:\/\/www.iesc.eu\/mrotronde\/#website","url":"https:\/\/www.iesc.eu\/mrotronde\/","name":"mrotronde","description":"","publisher":{"@id":"https:\/\/www.iesc.eu\/mrotronde\/#organization"},"potentialAction":[{"@type":"SearchAction","target":{"@type":"EntryPoint","urlTemplate":"https:\/\/www.iesc.eu\/mrotronde\/?s={search_term_string}"},"query-input":{"@type":"PropertyValueSpecification","valueRequired":true,"valueName":"search_term_string"}}],"inLanguage":"de"},{"@type":"Organization","@id":"https:\/\/www.iesc.eu\/mrotronde\/#organization","name":"IESC-Integrated Efficient Solutions & Consulting GmbH","url":"https:\/\/www.iesc.eu\/mrotronde\/","logo":{"@type":"ImageObject","inLanguage":"de","@id":"https:\/\/www.iesc.eu\/mrotronde\/#\/schema\/logo\/image\/","url":"https:\/\/www.iesc.eu\/mrotronde\/wp-content\/uploads\/2022\/07\/IESC_logo_343_140.png","contentUrl":"https:\/\/www.iesc.eu\/mrotronde\/wp-content\/uploads\/2022\/07\/IESC_logo_343_140.png","width":343,"height":140,"caption":"IESC-Integrated Efficient Solutions & Consulting GmbH"},"image":{"@id":"https:\/\/www.iesc.eu\/mrotronde\/#\/schema\/logo\/image\/"},"sameAs":["https:\/\/www.linkedin.com\/company\/iesc-integrated-efficient-solutions-&amp;-consulting-gmbh"]}]}},"_links":{"self":[{"href":"https:\/\/www.iesc.eu\/mrotronde\/wp-json\/wp\/v2\/pages\/318","targetHints":{"allow":["GET"]}}],"collection":[{"href":"https:\/\/www.iesc.eu\/mrotronde\/wp-json\/wp\/v2\/pages"}],"about":[{"href":"https:\/\/www.iesc.eu\/mrotronde\/wp-json\/wp\/v2\/types\/page"}],"author":[{"embeddable":true,"href":"https:\/\/www.iesc.eu\/mrotronde\/wp-json\/wp\/v2\/users\/2"}],"replies":[{"embeddable":true,"href":"https:\/\/www.iesc.eu\/mrotronde\/wp-json\/wp\/v2\/comments?post=318"}],"version-history":[{"count":18,"href":"https:\/\/www.iesc.eu\/mrotronde\/wp-json\/wp\/v2\/pages\/318\/revisions"}],"predecessor-version":[{"id":852,"href":"https:\/\/www.iesc.eu\/mrotronde\/wp-json\/wp\/v2\/pages\/318\/revisions\/852"}],"wp:attachment":[{"href":"https:\/\/www.iesc.eu\/mrotronde\/wp-json\/wp\/v2\/media?parent=318"}],"curies":[{"name":"wp","href":"https:\/\/api.w.org\/{rel}","templated":true}]}}