{"id":17,"date":"2022-07-20T13:50:36","date_gmt":"2022-07-20T11:50:36","guid":{"rendered":"http:\/\/localhost:8081\/de\/?page_id=17"},"modified":"2022-07-20T13:50:38","modified_gmt":"2022-07-20T11:50:38","slug":"import-export","status":"publish","type":"page","link":"https:\/\/www.iesc.eu\/de\/import-export\/","title":{"rendered":"Import\/Export"},"content":{"rendered":"<p>Am&nbsp;1. May 2016 trat der neue Union Zoll Kodex der EU-Kommission&nbsp;in Kraft<!--more--> (VO (EU) Nr. 952\/2013, UZK).<\/p>\n<p>Wir arbeiten auf allen Ebenen eng mit der Zollbeh\u00f6rde zusammen um die neuen Regeln f\u00fcr die Luftfahrt praktikabel zu machen.<\/p>\n<p>Profitieren Sie von unserer jahrelangen Erfahrung und unseren guten Kontakten.<\/p>\n<p>Wir&nbsp;unterst\u00fctzten Sie gerne in den Bereichen:<\/p>\n<ul id=\"list\" class=\"f_norm\">\n<li>Beratung in Zollangelegenheiten<\/li>\n<li>Beantragung der Zollgenehmigungen (EORI, AEO, z.b.V, etc.)<\/li>\n<li>Aufnahme in die ODS-Import-\/Exportlizenzdatenbank der EU-Kommission<\/li>\n<li>Import\/Export hochpreisiger Waren f\u00fcr die oft spezielle Genehmigungen ben\u00f6tigt werden wie Flugzeuge, Triebwerke, Dual Use Ersatzteile; auch in AOG Situationen<\/li>\n<li>Zollkurse speziell auf die Bed\u00fcrfnisse Ihrer P145- und CAMO-Mitarbeiter abgestimmt, bzw. f\u00fcr jedem der in der Lieferkette f\u00fcr Luftfahrzeugteile involviert ist.<\/li>\n<li>Unterst\u00fctzung beim Import in die EU Zollunion und Export nach USA, Ru\u00dfland, etc.<\/li>\n<\/ul>\n","protected":false},"excerpt":{"rendered":"<p>Am&nbsp;1. May 2016 trat der neue Union Zoll Kodex der EU-Kommission&nbsp;in Kraft<\/p>\n","protected":false},"author":1,"featured_media":5,"parent":0,"menu_order":0,"comment_status":"closed","ping_status":"closed","template":"","meta":{"footnotes":""},"class_list":["post-17","page","type-page","status-publish","has-post-thumbnail","hentry"],"yoast_head":"<!-- This site is optimized with the Yoast SEO plugin v27.3 - https:\/\/yoast.com\/product\/yoast-seo-wordpress\/ -->\n<title>IESC - Aviation Import \/ Export Services<\/title>\n<meta name=\"description\" content=\"Wir unterst\u00fctzen Sie gerne in allen Zollangelegenheiten f\u00fcr einen reibungslosen Import oder Export Ihrer Ersatzteile oder ganzer Luftfahrzeuge\" \/>\n<meta name=\"robots\" content=\"index, follow, max-snippet:-1, max-image-preview:large, max-video-preview:-1\" \/>\n<link rel=\"canonical\" href=\"https:\/\/www.iesc.eu\/de\/import-export\/\" \/>\n<meta property=\"og:locale\" content=\"de_DE\" \/>\n<meta property=\"og:type\" content=\"article\" \/>\n<meta property=\"og:title\" content=\"IESC - Aviation Import \/ Export Services\" \/>\n<meta property=\"og:description\" content=\"Wir unterst\u00fctzen Sie gerne in allen Zollangelegenheiten f\u00fcr einen reibungslosen Import oder Export Ihrer Ersatzteile oder ganzer Luftfahrzeuge\" \/>\n<meta property=\"og:url\" content=\"https:\/\/www.iesc.eu\/de\/import-export\/\" \/>\n<meta property=\"og:site_name\" content=\"iesc_de\" \/>\n<meta property=\"article:modified_time\" content=\"2022-07-20T11:50:38+00:00\" \/>\n<meta property=\"og:image\" content=\"https:\/\/www.iesc.eu\/de\/wp-content\/uploads\/2016\/09\/IESC_Service_Customs_Support_424_283.jpg\" \/>\n\t<meta property=\"og:image:width\" content=\"424\" \/>\n\t<meta property=\"og:image:height\" content=\"283\" \/>\n\t<meta property=\"og:image:type\" content=\"image\/jpeg\" \/>\n<meta name=\"twitter:card\" content=\"summary_large_image\" \/>\n<meta name=\"twitter:label1\" content=\"Gesch\u00e4tzte Lesezeit\" \/>\n\t<meta name=\"twitter:data1\" content=\"1\u00a0Minute\" \/>\n<script type=\"application\/ld+json\" class=\"yoast-schema-graph\">{\"@context\":\"https:\\\/\\\/schema.org\",\"@graph\":[{\"@type\":\"WebPage\",\"@id\":\"https:\\\/\\\/www.iesc.eu\\\/de\\\/import-export\\\/\",\"url\":\"https:\\\/\\\/www.iesc.eu\\\/de\\\/import-export\\\/\",\"name\":\"IESC - Aviation Import \\\/ Export Services\",\"isPartOf\":{\"@id\":\"https:\\\/\\\/www.iesc.eu\\\/de\\\/#website\"},\"primaryImageOfPage\":{\"@id\":\"https:\\\/\\\/www.iesc.eu\\\/de\\\/import-export\\\/#primaryimage\"},\"image\":{\"@id\":\"https:\\\/\\\/www.iesc.eu\\\/de\\\/import-export\\\/#primaryimage\"},\"thumbnailUrl\":\"https:\\\/\\\/www.iesc.eu\\\/de\\\/wp-content\\\/uploads\\\/2016\\\/09\\\/IESC_Service_Customs_Support_424_283.jpg\",\"datePublished\":\"2022-07-20T11:50:36+00:00\",\"dateModified\":\"2022-07-20T11:50:38+00:00\",\"description\":\"Wir unterst\u00fctzen Sie gerne in allen Zollangelegenheiten f\u00fcr einen reibungslosen Import oder Export Ihrer Ersatzteile oder ganzer Luftfahrzeuge\",\"breadcrumb\":{\"@id\":\"https:\\\/\\\/www.iesc.eu\\\/de\\\/import-export\\\/#breadcrumb\"},\"inLanguage\":\"de\",\"potentialAction\":[{\"@type\":\"ReadAction\",\"target\":[\"https:\\\/\\\/www.iesc.eu\\\/de\\\/import-export\\\/\"]}]},{\"@type\":\"ImageObject\",\"inLanguage\":\"de\",\"@id\":\"https:\\\/\\\/www.iesc.eu\\\/de\\\/import-export\\\/#primaryimage\",\"url\":\"https:\\\/\\\/www.iesc.eu\\\/de\\\/wp-content\\\/uploads\\\/2016\\\/09\\\/IESC_Service_Customs_Support_424_283.jpg\",\"contentUrl\":\"https:\\\/\\\/www.iesc.eu\\\/de\\\/wp-content\\\/uploads\\\/2016\\\/09\\\/IESC_Service_Customs_Support_424_283.jpg\",\"width\":424,\"height\":283,\"caption\":\"IESC Service Verzollung Import Export\"},{\"@type\":\"BreadcrumbList\",\"@id\":\"https:\\\/\\\/www.iesc.eu\\\/de\\\/import-export\\\/#breadcrumb\",\"itemListElement\":[{\"@type\":\"ListItem\",\"position\":1,\"name\":\"Startseite\",\"item\":\"https:\\\/\\\/www.iesc.eu\\\/de\\\/\"},{\"@type\":\"ListItem\",\"position\":2,\"name\":\"Import\\\/Export\"}]},{\"@type\":\"WebSite\",\"@id\":\"https:\\\/\\\/www.iesc.eu\\\/de\\\/#website\",\"url\":\"https:\\\/\\\/www.iesc.eu\\\/de\\\/\",\"name\":\"iesc_de\",\"description\":\"\",\"publisher\":{\"@id\":\"https:\\\/\\\/www.iesc.eu\\\/de\\\/#organization\"},\"potentialAction\":[{\"@type\":\"SearchAction\",\"target\":{\"@type\":\"EntryPoint\",\"urlTemplate\":\"https:\\\/\\\/www.iesc.eu\\\/de\\\/?s={search_term_string}\"},\"query-input\":{\"@type\":\"PropertyValueSpecification\",\"valueRequired\":true,\"valueName\":\"search_term_string\"}}],\"inLanguage\":\"de\"},{\"@type\":\"Organization\",\"@id\":\"https:\\\/\\\/www.iesc.eu\\\/de\\\/#organization\",\"name\":\"IESC-Integrated Solutions & Consulting GmbH\",\"url\":\"https:\\\/\\\/www.iesc.eu\\\/de\\\/\",\"logo\":{\"@type\":\"ImageObject\",\"inLanguage\":\"de\",\"@id\":\"https:\\\/\\\/www.iesc.eu\\\/de\\\/#\\\/schema\\\/logo\\\/image\\\/\",\"url\":\"https:\\\/\\\/www.iesc.eu\\\/de\\\/wp-content\\\/uploads\\\/2016\\\/09\\\/IESC_logo_343_140.png\",\"contentUrl\":\"https:\\\/\\\/www.iesc.eu\\\/de\\\/wp-content\\\/uploads\\\/2016\\\/09\\\/IESC_logo_343_140.png\",\"width\":343,\"height\":140,\"caption\":\"IESC-Integrated Solutions & Consulting GmbH\"},\"image\":{\"@id\":\"https:\\\/\\\/www.iesc.eu\\\/de\\\/#\\\/schema\\\/logo\\\/image\\\/\"},\"sameAs\":[\"https:\\\/\\\/www.linkedin.com\\\/company\\\/iesc-integrated-efficient-solutions-&amp;-consulting-gmbh\"]}]}<\/script>\n<!-- \/ Yoast SEO plugin. -->","yoast_head_json":{"title":"IESC - Aviation Import \/ Export Services","description":"Wir unterst\u00fctzen Sie gerne in allen Zollangelegenheiten f\u00fcr einen reibungslosen Import oder Export Ihrer Ersatzteile oder ganzer Luftfahrzeuge","robots":{"index":"index","follow":"follow","max-snippet":"max-snippet:-1","max-image-preview":"max-image-preview:large","max-video-preview":"max-video-preview:-1"},"canonical":"https:\/\/www.iesc.eu\/de\/import-export\/","og_locale":"de_DE","og_type":"article","og_title":"IESC - Aviation Import \/ Export Services","og_description":"Wir unterst\u00fctzen Sie gerne in allen Zollangelegenheiten f\u00fcr einen reibungslosen Import oder Export Ihrer Ersatzteile oder ganzer Luftfahrzeuge","og_url":"https:\/\/www.iesc.eu\/de\/import-export\/","og_site_name":"iesc_de","article_modified_time":"2022-07-20T11:50:38+00:00","og_image":[{"width":424,"height":283,"url":"https:\/\/www.iesc.eu\/de\/wp-content\/uploads\/2016\/09\/IESC_Service_Customs_Support_424_283.jpg","type":"image\/jpeg"}],"twitter_card":"summary_large_image","twitter_misc":{"Gesch\u00e4tzte Lesezeit":"1\u00a0Minute"},"schema":{"@context":"https:\/\/schema.org","@graph":[{"@type":"WebPage","@id":"https:\/\/www.iesc.eu\/de\/import-export\/","url":"https:\/\/www.iesc.eu\/de\/import-export\/","name":"IESC - Aviation Import \/ Export Services","isPartOf":{"@id":"https:\/\/www.iesc.eu\/de\/#website"},"primaryImageOfPage":{"@id":"https:\/\/www.iesc.eu\/de\/import-export\/#primaryimage"},"image":{"@id":"https:\/\/www.iesc.eu\/de\/import-export\/#primaryimage"},"thumbnailUrl":"https:\/\/www.iesc.eu\/de\/wp-content\/uploads\/2016\/09\/IESC_Service_Customs_Support_424_283.jpg","datePublished":"2022-07-20T11:50:36+00:00","dateModified":"2022-07-20T11:50:38+00:00","description":"Wir unterst\u00fctzen Sie gerne in allen Zollangelegenheiten f\u00fcr einen reibungslosen Import oder Export Ihrer Ersatzteile oder ganzer Luftfahrzeuge","breadcrumb":{"@id":"https:\/\/www.iesc.eu\/de\/import-export\/#breadcrumb"},"inLanguage":"de","potentialAction":[{"@type":"ReadAction","target":["https:\/\/www.iesc.eu\/de\/import-export\/"]}]},{"@type":"ImageObject","inLanguage":"de","@id":"https:\/\/www.iesc.eu\/de\/import-export\/#primaryimage","url":"https:\/\/www.iesc.eu\/de\/wp-content\/uploads\/2016\/09\/IESC_Service_Customs_Support_424_283.jpg","contentUrl":"https:\/\/www.iesc.eu\/de\/wp-content\/uploads\/2016\/09\/IESC_Service_Customs_Support_424_283.jpg","width":424,"height":283,"caption":"IESC Service Verzollung Import Export"},{"@type":"BreadcrumbList","@id":"https:\/\/www.iesc.eu\/de\/import-export\/#breadcrumb","itemListElement":[{"@type":"ListItem","position":1,"name":"Startseite","item":"https:\/\/www.iesc.eu\/de\/"},{"@type":"ListItem","position":2,"name":"Import\/Export"}]},{"@type":"WebSite","@id":"https:\/\/www.iesc.eu\/de\/#website","url":"https:\/\/www.iesc.eu\/de\/","name":"iesc_de","description":"","publisher":{"@id":"https:\/\/www.iesc.eu\/de\/#organization"},"potentialAction":[{"@type":"SearchAction","target":{"@type":"EntryPoint","urlTemplate":"https:\/\/www.iesc.eu\/de\/?s={search_term_string}"},"query-input":{"@type":"PropertyValueSpecification","valueRequired":true,"valueName":"search_term_string"}}],"inLanguage":"de"},{"@type":"Organization","@id":"https:\/\/www.iesc.eu\/de\/#organization","name":"IESC-Integrated Solutions & Consulting GmbH","url":"https:\/\/www.iesc.eu\/de\/","logo":{"@type":"ImageObject","inLanguage":"de","@id":"https:\/\/www.iesc.eu\/de\/#\/schema\/logo\/image\/","url":"https:\/\/www.iesc.eu\/de\/wp-content\/uploads\/2016\/09\/IESC_logo_343_140.png","contentUrl":"https:\/\/www.iesc.eu\/de\/wp-content\/uploads\/2016\/09\/IESC_logo_343_140.png","width":343,"height":140,"caption":"IESC-Integrated Solutions & Consulting GmbH"},"image":{"@id":"https:\/\/www.iesc.eu\/de\/#\/schema\/logo\/image\/"},"sameAs":["https:\/\/www.linkedin.com\/company\/iesc-integrated-efficient-solutions-&amp;-consulting-gmbh"]}]}},"_links":{"self":[{"href":"https:\/\/www.iesc.eu\/de\/wp-json\/wp\/v2\/pages\/17","targetHints":{"allow":["GET"]}}],"collection":[{"href":"https:\/\/www.iesc.eu\/de\/wp-json\/wp\/v2\/pages"}],"about":[{"href":"https:\/\/www.iesc.eu\/de\/wp-json\/wp\/v2\/types\/page"}],"author":[{"embeddable":true,"href":"https:\/\/www.iesc.eu\/de\/wp-json\/wp\/v2\/users\/1"}],"replies":[{"embeddable":true,"href":"https:\/\/www.iesc.eu\/de\/wp-json\/wp\/v2\/comments?post=17"}],"version-history":[{"count":8,"href":"https:\/\/www.iesc.eu\/de\/wp-json\/wp\/v2\/pages\/17\/revisions"}],"predecessor-version":[{"id":146,"href":"https:\/\/www.iesc.eu\/de\/wp-json\/wp\/v2\/pages\/17\/revisions\/146"}],"wp:featuredmedia":[{"embeddable":true,"href":"https:\/\/www.iesc.eu\/de\/wp-json\/wp\/v2\/media\/5"}],"wp:attachment":[{"href":"https:\/\/www.iesc.eu\/de\/wp-json\/wp\/v2\/media?parent=17"}],"curies":[{"name":"wp","href":"https:\/\/api.w.org\/{rel}","templated":true}]}}