{"id":15,"date":"2022-07-20T13:31:41","date_gmt":"2022-07-20T11:31:41","guid":{"rendered":"http:\/\/localhost:8081\/de\/?page_id=15"},"modified":"2022-07-20T13:31:46","modified_gmt":"2022-07-20T11:31:46","slug":"consulting","status":"publish","type":"page","link":"https:\/\/www.iesc.eu\/de\/consulting\/","title":{"rendered":"Consulting"},"content":{"rendered":"<p>&nbsp;<\/p>\n<p class=\"f_title\">Gerne unterst\u00fctzen wir Sie durch unsere Erfahrung in folgenden Bereichen ihres Gesch\u00e4fts:<\/p>\n<p><!--more--><\/p>\n<ul id=\"list\" class=\"f_norm\">\n<li>Wirtschaftsberatung<\/li>\n<li>Vorbereitung von Leitfaden zu Ihren strategischen Unternehmensentscheidungen<\/li>\n<li>Unterst\u00fctzung bei der Investorensuche (inkl. der Erstellung von Business Cases, Marktanalysen, Finanzpl\u00e4nen, F\u00f6rderansuchen, etc.)<\/li>\n<li>Beratung in Zollangelegenheiten<\/li>\n<li>Unterst\u00fctzung beim Aufbau der Beziehungen zu den Gesch\u00e4ftspartnern (Service Center Approvals, Speditionen, Lieferanten, Personalverleih, etc.)<\/li>\n<li>Projekt Management bei Organisations- und Gesch\u00e4ftsfeld\u00e4nderungen<\/li>\n<li>Interim Management<\/li>\n<li>Erlangen der notwendigen Luftfahrtgenehmigungen&nbsp;(P145, CAMO, etc.)<\/li>\n<li>Antragstellung f\u00fcr die \u00f6sterreichischen Betriebsgenehmigungen&nbsp;(Gewerbeschein, Betriebsst\u00e4ttenbewilligung, Betriebsanlagenbewilligung, etc.)<\/li>\n<\/ul>\n<p>&nbsp;<\/p>\n<p>&nbsp;<\/p>\n<p>&nbsp;<\/p>\n","protected":false},"excerpt":{"rendered":"<p>&nbsp; Gerne unterst\u00fctzen wir Sie durch unsere Erfahrung in folgenden Bereichen ihres Gesch\u00e4fts:<\/p>\n","protected":false},"author":1,"featured_media":4,"parent":0,"menu_order":0,"comment_status":"closed","ping_status":"closed","template":"","meta":{"footnotes":""},"class_list":["post-15","page","type-page","status-publish","has-post-thumbnail","hentry"],"yoast_head":"<!-- This site is optimized with the Yoast SEO plugin v27.3 - https:\/\/yoast.com\/product\/yoast-seo-wordpress\/ -->\n<title>IESC - Aviation Consulting Services<\/title>\n<meta name=\"description\" content=\"Profitieren Sie von unserer \u00fcber 25-j\u00e4hrigen Erfahrung in der Luftfahrt; nur einen Klick entfernt\" \/>\n<meta name=\"robots\" content=\"index, follow, max-snippet:-1, max-image-preview:large, max-video-preview:-1\" \/>\n<link rel=\"canonical\" href=\"https:\/\/www.iesc.eu\/de\/consulting\/\" \/>\n<meta property=\"og:locale\" content=\"de_DE\" \/>\n<meta property=\"og:type\" content=\"article\" \/>\n<meta property=\"og:title\" content=\"IESC - Aviation Consulting Services\" \/>\n<meta property=\"og:description\" content=\"Profitieren Sie von unserer \u00fcber 25-j\u00e4hrigen Erfahrung in der Luftfahrt; nur einen Klick entfernt\" \/>\n<meta property=\"og:url\" content=\"https:\/\/www.iesc.eu\/de\/consulting\/\" \/>\n<meta property=\"og:site_name\" content=\"iesc_de\" \/>\n<meta property=\"article:modified_time\" content=\"2022-07-20T11:31:46+00:00\" \/>\n<meta property=\"og:image\" content=\"https:\/\/www.iesc.eu\/de\/wp-content\/uploads\/2016\/09\/IESC_Service_Consulting_387_310.jpg\" \/>\n\t<meta property=\"og:image:width\" content=\"387\" \/>\n\t<meta property=\"og:image:height\" content=\"310\" \/>\n\t<meta property=\"og:image:type\" content=\"image\/jpeg\" \/>\n<meta name=\"twitter:card\" content=\"summary_large_image\" \/>\n<meta name=\"twitter:label1\" content=\"Gesch\u00e4tzte Lesezeit\" \/>\n\t<meta name=\"twitter:data1\" content=\"1\u00a0Minute\" \/>\n<script type=\"application\/ld+json\" class=\"yoast-schema-graph\">{\"@context\":\"https:\\\/\\\/schema.org\",\"@graph\":[{\"@type\":\"WebPage\",\"@id\":\"https:\\\/\\\/www.iesc.eu\\\/de\\\/consulting\\\/\",\"url\":\"https:\\\/\\\/www.iesc.eu\\\/de\\\/consulting\\\/\",\"name\":\"IESC - Aviation Consulting Services\",\"isPartOf\":{\"@id\":\"https:\\\/\\\/www.iesc.eu\\\/de\\\/#website\"},\"primaryImageOfPage\":{\"@id\":\"https:\\\/\\\/www.iesc.eu\\\/de\\\/consulting\\\/#primaryimage\"},\"image\":{\"@id\":\"https:\\\/\\\/www.iesc.eu\\\/de\\\/consulting\\\/#primaryimage\"},\"thumbnailUrl\":\"https:\\\/\\\/www.iesc.eu\\\/de\\\/wp-content\\\/uploads\\\/2016\\\/09\\\/IESC_Service_Consulting_387_310.jpg\",\"datePublished\":\"2022-07-20T11:31:41+00:00\",\"dateModified\":\"2022-07-20T11:31:46+00:00\",\"description\":\"Profitieren Sie von unserer \u00fcber 25-j\u00e4hrigen Erfahrung in der Luftfahrt; nur einen Klick entfernt\",\"breadcrumb\":{\"@id\":\"https:\\\/\\\/www.iesc.eu\\\/de\\\/consulting\\\/#breadcrumb\"},\"inLanguage\":\"de\",\"potentialAction\":[{\"@type\":\"ReadAction\",\"target\":[\"https:\\\/\\\/www.iesc.eu\\\/de\\\/consulting\\\/\"]}]},{\"@type\":\"ImageObject\",\"inLanguage\":\"de\",\"@id\":\"https:\\\/\\\/www.iesc.eu\\\/de\\\/consulting\\\/#primaryimage\",\"url\":\"https:\\\/\\\/www.iesc.eu\\\/de\\\/wp-content\\\/uploads\\\/2016\\\/09\\\/IESC_Service_Consulting_387_310.jpg\",\"contentUrl\":\"https:\\\/\\\/www.iesc.eu\\\/de\\\/wp-content\\\/uploads\\\/2016\\\/09\\\/IESC_Service_Consulting_387_310.jpg\",\"width\":387,\"height\":310,\"caption\":\"IESC Service Consulting\"},{\"@type\":\"BreadcrumbList\",\"@id\":\"https:\\\/\\\/www.iesc.eu\\\/de\\\/consulting\\\/#breadcrumb\",\"itemListElement\":[{\"@type\":\"ListItem\",\"position\":1,\"name\":\"Startseite\",\"item\":\"https:\\\/\\\/www.iesc.eu\\\/de\\\/\"},{\"@type\":\"ListItem\",\"position\":2,\"name\":\"Consulting\"}]},{\"@type\":\"WebSite\",\"@id\":\"https:\\\/\\\/www.iesc.eu\\\/de\\\/#website\",\"url\":\"https:\\\/\\\/www.iesc.eu\\\/de\\\/\",\"name\":\"iesc_de\",\"description\":\"\",\"publisher\":{\"@id\":\"https:\\\/\\\/www.iesc.eu\\\/de\\\/#organization\"},\"potentialAction\":[{\"@type\":\"SearchAction\",\"target\":{\"@type\":\"EntryPoint\",\"urlTemplate\":\"https:\\\/\\\/www.iesc.eu\\\/de\\\/?s={search_term_string}\"},\"query-input\":{\"@type\":\"PropertyValueSpecification\",\"valueRequired\":true,\"valueName\":\"search_term_string\"}}],\"inLanguage\":\"de\"},{\"@type\":\"Organization\",\"@id\":\"https:\\\/\\\/www.iesc.eu\\\/de\\\/#organization\",\"name\":\"IESC-Integrated Solutions & Consulting GmbH\",\"url\":\"https:\\\/\\\/www.iesc.eu\\\/de\\\/\",\"logo\":{\"@type\":\"ImageObject\",\"inLanguage\":\"de\",\"@id\":\"https:\\\/\\\/www.iesc.eu\\\/de\\\/#\\\/schema\\\/logo\\\/image\\\/\",\"url\":\"https:\\\/\\\/www.iesc.eu\\\/de\\\/wp-content\\\/uploads\\\/2016\\\/09\\\/IESC_logo_343_140.png\",\"contentUrl\":\"https:\\\/\\\/www.iesc.eu\\\/de\\\/wp-content\\\/uploads\\\/2016\\\/09\\\/IESC_logo_343_140.png\",\"width\":343,\"height\":140,\"caption\":\"IESC-Integrated Solutions & Consulting GmbH\"},\"image\":{\"@id\":\"https:\\\/\\\/www.iesc.eu\\\/de\\\/#\\\/schema\\\/logo\\\/image\\\/\"},\"sameAs\":[\"https:\\\/\\\/www.linkedin.com\\\/company\\\/iesc-integrated-efficient-solutions-&amp;-consulting-gmbh\"]}]}<\/script>\n<!-- \/ Yoast SEO plugin. -->","yoast_head_json":{"title":"IESC - Aviation Consulting Services","description":"Profitieren Sie von unserer \u00fcber 25-j\u00e4hrigen Erfahrung in der Luftfahrt; nur einen Klick entfernt","robots":{"index":"index","follow":"follow","max-snippet":"max-snippet:-1","max-image-preview":"max-image-preview:large","max-video-preview":"max-video-preview:-1"},"canonical":"https:\/\/www.iesc.eu\/de\/consulting\/","og_locale":"de_DE","og_type":"article","og_title":"IESC - Aviation Consulting Services","og_description":"Profitieren Sie von unserer \u00fcber 25-j\u00e4hrigen Erfahrung in der Luftfahrt; nur einen Klick entfernt","og_url":"https:\/\/www.iesc.eu\/de\/consulting\/","og_site_name":"iesc_de","article_modified_time":"2022-07-20T11:31:46+00:00","og_image":[{"width":387,"height":310,"url":"https:\/\/www.iesc.eu\/de\/wp-content\/uploads\/2016\/09\/IESC_Service_Consulting_387_310.jpg","type":"image\/jpeg"}],"twitter_card":"summary_large_image","twitter_misc":{"Gesch\u00e4tzte Lesezeit":"1\u00a0Minute"},"schema":{"@context":"https:\/\/schema.org","@graph":[{"@type":"WebPage","@id":"https:\/\/www.iesc.eu\/de\/consulting\/","url":"https:\/\/www.iesc.eu\/de\/consulting\/","name":"IESC - Aviation Consulting Services","isPartOf":{"@id":"https:\/\/www.iesc.eu\/de\/#website"},"primaryImageOfPage":{"@id":"https:\/\/www.iesc.eu\/de\/consulting\/#primaryimage"},"image":{"@id":"https:\/\/www.iesc.eu\/de\/consulting\/#primaryimage"},"thumbnailUrl":"https:\/\/www.iesc.eu\/de\/wp-content\/uploads\/2016\/09\/IESC_Service_Consulting_387_310.jpg","datePublished":"2022-07-20T11:31:41+00:00","dateModified":"2022-07-20T11:31:46+00:00","description":"Profitieren Sie von unserer \u00fcber 25-j\u00e4hrigen Erfahrung in der Luftfahrt; nur einen Klick entfernt","breadcrumb":{"@id":"https:\/\/www.iesc.eu\/de\/consulting\/#breadcrumb"},"inLanguage":"de","potentialAction":[{"@type":"ReadAction","target":["https:\/\/www.iesc.eu\/de\/consulting\/"]}]},{"@type":"ImageObject","inLanguage":"de","@id":"https:\/\/www.iesc.eu\/de\/consulting\/#primaryimage","url":"https:\/\/www.iesc.eu\/de\/wp-content\/uploads\/2016\/09\/IESC_Service_Consulting_387_310.jpg","contentUrl":"https:\/\/www.iesc.eu\/de\/wp-content\/uploads\/2016\/09\/IESC_Service_Consulting_387_310.jpg","width":387,"height":310,"caption":"IESC Service Consulting"},{"@type":"BreadcrumbList","@id":"https:\/\/www.iesc.eu\/de\/consulting\/#breadcrumb","itemListElement":[{"@type":"ListItem","position":1,"name":"Startseite","item":"https:\/\/www.iesc.eu\/de\/"},{"@type":"ListItem","position":2,"name":"Consulting"}]},{"@type":"WebSite","@id":"https:\/\/www.iesc.eu\/de\/#website","url":"https:\/\/www.iesc.eu\/de\/","name":"iesc_de","description":"","publisher":{"@id":"https:\/\/www.iesc.eu\/de\/#organization"},"potentialAction":[{"@type":"SearchAction","target":{"@type":"EntryPoint","urlTemplate":"https:\/\/www.iesc.eu\/de\/?s={search_term_string}"},"query-input":{"@type":"PropertyValueSpecification","valueRequired":true,"valueName":"search_term_string"}}],"inLanguage":"de"},{"@type":"Organization","@id":"https:\/\/www.iesc.eu\/de\/#organization","name":"IESC-Integrated Solutions & Consulting GmbH","url":"https:\/\/www.iesc.eu\/de\/","logo":{"@type":"ImageObject","inLanguage":"de","@id":"https:\/\/www.iesc.eu\/de\/#\/schema\/logo\/image\/","url":"https:\/\/www.iesc.eu\/de\/wp-content\/uploads\/2016\/09\/IESC_logo_343_140.png","contentUrl":"https:\/\/www.iesc.eu\/de\/wp-content\/uploads\/2016\/09\/IESC_logo_343_140.png","width":343,"height":140,"caption":"IESC-Integrated Solutions & Consulting GmbH"},"image":{"@id":"https:\/\/www.iesc.eu\/de\/#\/schema\/logo\/image\/"},"sameAs":["https:\/\/www.linkedin.com\/company\/iesc-integrated-efficient-solutions-&amp;-consulting-gmbh"]}]}},"_links":{"self":[{"href":"https:\/\/www.iesc.eu\/de\/wp-json\/wp\/v2\/pages\/15","targetHints":{"allow":["GET"]}}],"collection":[{"href":"https:\/\/www.iesc.eu\/de\/wp-json\/wp\/v2\/pages"}],"about":[{"href":"https:\/\/www.iesc.eu\/de\/wp-json\/wp\/v2\/types\/page"}],"author":[{"embeddable":true,"href":"https:\/\/www.iesc.eu\/de\/wp-json\/wp\/v2\/users\/1"}],"replies":[{"embeddable":true,"href":"https:\/\/www.iesc.eu\/de\/wp-json\/wp\/v2\/comments?post=15"}],"version-history":[{"count":6,"href":"https:\/\/www.iesc.eu\/de\/wp-json\/wp\/v2\/pages\/15\/revisions"}],"predecessor-version":[{"id":130,"href":"https:\/\/www.iesc.eu\/de\/wp-json\/wp\/v2\/pages\/15\/revisions\/130"}],"wp:featuredmedia":[{"embeddable":true,"href":"https:\/\/www.iesc.eu\/de\/wp-json\/wp\/v2\/media\/4"}],"wp:attachment":[{"href":"https:\/\/www.iesc.eu\/de\/wp-json\/wp\/v2\/media?parent=15"}],"curies":[{"name":"wp","href":"https:\/\/api.w.org\/{rel}","templated":true}]}}